{"id":51169,"date":"2025-05-21T09:40:50","date_gmt":"2025-05-21T07:40:50","guid":{"rendered":"https:\/\/myspainfood.com\/producto\/jajecznica-extra-900-gr-chicon\/"},"modified":"2026-01-29T13:04:32","modified_gmt":"2026-01-29T12:04:32","slug":"jajecznica-extra-900-gr-chicon","status":"publish","type":"product","link":"https:\/\/myspainfood.com\/pl\/producto\/jajecznica-extra-900-gr-chicon\/","title":{"rendered":"Jajecznica Extra 900 gr Chic\u00f3n"},"content":{"rendered":"<p>Nasza dodatkowa jajecznica z oliwkami i piklami sk\u0142ada si\u0119 z <a href=\"https:\/\/aceitunaschiconlebron.com\/catalogo\/revuelto-extra-aceitunas-encurtidos\/\" target=\"_blank\" rel=\"noopener noreferrer nofollow\">oliwek<\/a> manzanilla, korniszon\u00f3w, cebuli i marchewki.<\/p>\n<p>To po\u0142\u0105czenie oliwek i pikli pozwala cieszy\u0107 si\u0119 niezr\u00f3wnanym smakiem Pa\u0144stwa tapas lub przystawek.<\/p>\n<p>Jest to bardzo zdrowe uzupe\u0142nienie naszej tradycyjnej, po\u017cywnej diety \u015br\u00f3dziemnomorskiej.<\/p>\n<p>Pikle sta\u0142y si\u0119 jedn\u0105 z najbardziej popularnych przek\u0105sek w hiszpa\u0144skiej gastronomii, a nie tylko odwieczn\u0105 technik\u0105 konserwowania \u017cywno\u015bci na ca\u0142ym \u015bwiecie.<\/p>\n<h3><strong>Korzy\u015bci z dodatkowej jajecznicy<\/strong><\/h3>\n<p>Czy znaj\u0105 Pa\u0144stwo zalety og\u00f3rk\u00f3w kiszonych Revuelto Extra i og\u00f3rk\u00f3w kiszonych w og\u00f3le? Oto lista najwa\u017cniejszych z nich: <\/p>\n<ul>\n<li>Bogaty w probiotyki.<\/li>\n<li>Wspomagaj\u0105 trawienie.<\/li>\n<li>Wzmacniaj\u0105 uk\u0142ad odporno\u015bciowy.<\/li>\n<li>Zmniejszaj\u0105 apetyt na cukier.<\/li>\n<li>Korzystny dla p\u0119cherzyka \u017c\u00f3\u0142ciowego.<\/li>\n<\/ul>\n<p>Je\u015bli chc\u0105 Pa\u0144stwo kupi\u0107 oliwki lub inne <a href=\"https:\/\/latiendadesami.com\/categoria-producto\/encurtidos\/\" rel=\"noopener noreferrer nofollow\" target=\"_blank\">marynowane<\/a> produkty spo\u017cywcze, zapraszamy do zapoznania si\u0119 z naszym katalogiem online, w kt\u00f3rym znajd\u0105 Pa\u0144stwo szeroki wyb\u00f3r <a href=\"https:\/\/latiendadesami.com\/categoria-producto\/encurtidos\/aceitunas\/\" target=\"_blank\" rel=\"noopener noreferrer nofollow\">oliwek<\/a>.<\/p>\n","protected":false},"excerpt":{"rendered":"<p>Nasza dodatkowa jajecznica z oliwkami i piklami sk\u0142ada si\u0119 z oliwek manzanilla, korniszon\u00f3w, cebuli i marchewki. To po\u0142\u0105czenie oliwek i pikli pozwala cieszy\u0107 si\u0119 niezr\u00f3wnanym smakiem Pa\u0144stwa tapas lub przystawek. Jest to bardzo zdrowe uzupe\u0142nienie naszej tradycyjnej, po\u017cywnej diety \u015br\u00f3dziemnomorskiej. Pikle sta\u0142y si\u0119 jedn\u0105 z najbardziej popularnych przek\u0105sek w hiszpa\u0144skiej gastronomii, a nie tylko odwieczn\u0105 [&hellip;]<\/p>\n","protected":false},"featured_media":50833,"template":"","meta":{"_et_pb_use_builder":"","_et_pb_old_content":"","_et_gb_content_width":""},"product_brand":[1036],"product_cat":[1567,1566],"product_tag":[8113],"class_list":{"0":"post-51169","1":"product","2":"type-product","3":"status-publish","4":"has-post-thumbnail","6":"product_brand-chicon","7":"product_cat-oliwki","8":"product_cat-pikle","9":"product_tag-jajecznica","11":"first","12":"instock","13":"taxable","14":"shipping-taxable","15":"purchasable","16":"product-type-variable"},"_links":{"self":[{"href":"https:\/\/myspainfood.com\/pl\/wp-json\/wp\/v2\/product\/51169","targetHints":{"allow":["GET"]}}],"collection":[{"href":"https:\/\/myspainfood.com\/pl\/wp-json\/wp\/v2\/product"}],"about":[{"href":"https:\/\/myspainfood.com\/pl\/wp-json\/wp\/v2\/types\/product"}],"wp:featuredmedia":[{"embeddable":true,"href":"https:\/\/myspainfood.com\/pl\/wp-json\/wp\/v2\/media\/50833"}],"wp:attachment":[{"href":"https:\/\/myspainfood.com\/pl\/wp-json\/wp\/v2\/media?parent=51169"}],"wp:term":[{"taxonomy":"product_brand","embeddable":true,"href":"https:\/\/myspainfood.com\/pl\/wp-json\/wp\/v2\/product_brand?post=51169"},{"taxonomy":"product_cat","embeddable":true,"href":"https:\/\/myspainfood.com\/pl\/wp-json\/wp\/v2\/product_cat?post=51169"},{"taxonomy":"product_tag","embeddable":true,"href":"https:\/\/myspainfood.com\/pl\/wp-json\/wp\/v2\/product_tag?post=51169"}],"curies":[{"name":"wp","href":"https:\/\/api.w.org\/{rel}","templated":true}]}}