{"id":51386,"date":"2025-05-21T10:50:34","date_gmt":"2025-05-21T08:50:34","guid":{"rendered":"https:\/\/myspainfood.com\/producto\/sekret-babci\/"},"modified":"2026-01-29T13:13:24","modified_gmt":"2026-01-29T12:13:24","slug":"sekret-babci","status":"publish","type":"product","link":"https:\/\/myspainfood.com\/pl\/producto\/sekret-babci\/","title":{"rendered":"Sekret babci"},"content":{"rendered":"<p>Olives Secreto de la Abuela to po\u0142\u0105czenie pestkowych oliwek gordal, bia\u0142ego czosnku, kapar\u00f3w i kawa\u0142k\u00f3w bak\u0142a\u017cana.<\/p>\n<p>Dressing jest autorstwa <a href=\"https:\/\/aceitunaschiconlebron.com\/\" target=\"_blank\" rel=\"noopener noreferrer nofollow\">Chic\u00f3n<\/a>.<\/p>\n<h3><strong>Zalety oliwek Secreto de la Abuela<\/strong><\/h3>\n<p>Czy znaj\u0105 Pa\u0144stwo zalety tego rodzaju oliwek i marynat w og\u00f3le? Oto lista najwa\u017cniejszych z nich: <\/p>\n<ul>\n<li>Bogaty w probiotyki.<\/li>\n<li>Wspomagaj\u0105 trawienie.<\/li>\n<li>Wzmacniaj\u0105 uk\u0142ad odporno\u015bciowy.<\/li>\n<li>Zmniejszaj\u0105 apetyt na cukier.<\/li>\n<li>Korzystny dla p\u0119cherzyka \u017c\u00f3\u0142ciowego.<\/li>\n<\/ul>\n<p>&nbsp;<\/p>\n<p>Je\u015bli chc\u0105 Pa\u0144stwo kupi\u0107 oliwki lub inne <a href=\"https:\/\/latiendadesami.com\/categoria-producto\/encurtidos\/\" rel=\"noopener noreferrer nofollow\" target=\"_blank\">marynowane<\/a> produkty spo\u017cywcze, zapraszamy do zapoznania si\u0119 z naszym katalogiem online, w kt\u00f3rym znajd\u0105 Pa\u0144stwo szeroki wyb\u00f3r <a href=\"https:\/\/latiendadesami.com\/categoria-producto\/encurtidos\/aceitunas\/\" target=\"_blank\" rel=\"noopener noreferrer nofollow\">oliwek<\/a>.<\/p>\n","protected":false},"excerpt":{"rendered":"<p>Olives Secreto de la Abuela to po\u0142\u0105czenie pestkowych oliwek gordal, bia\u0142ego czosnku, kapar\u00f3w i kawa\u0142k\u00f3w bak\u0142a\u017cana. Dressing jest autorstwa Chic\u00f3n. Zalety oliwek Secreto de la Abuela Czy znaj\u0105 Pa\u0144stwo zalety tego rodzaju oliwek i marynat w og\u00f3le? Oto lista najwa\u017cniejszych z nich: Bogaty w probiotyki. Wspomagaj\u0105 trawienie. Wzmacniaj\u0105 uk\u0142ad odporno\u015bciowy. Zmniejszaj\u0105 apetyt na cukier. Korzystny [&hellip;]<\/p>\n","protected":false},"featured_media":51214,"template":"","meta":{"_et_pb_use_builder":"","_et_pb_old_content":"","_et_gb_content_width":""},"product_brand":[1036],"product_cat":[1567,1566],"product_tag":[1631,10127],"class_list":{"0":"post-51386","1":"product","2":"type-product","3":"status-publish","4":"has-post-thumbnail","6":"product_brand-chicon","7":"product_cat-oliwki","8":"product_cat-pikle","9":"product_tag-babcia","10":"product_tag-sekret","12":"first","13":"outofstock","14":"taxable","15":"shipping-taxable","16":"product-type-variable"},"_links":{"self":[{"href":"https:\/\/myspainfood.com\/pl\/wp-json\/wp\/v2\/product\/51386","targetHints":{"allow":["GET"]}}],"collection":[{"href":"https:\/\/myspainfood.com\/pl\/wp-json\/wp\/v2\/product"}],"about":[{"href":"https:\/\/myspainfood.com\/pl\/wp-json\/wp\/v2\/types\/product"}],"wp:featuredmedia":[{"embeddable":true,"href":"https:\/\/myspainfood.com\/pl\/wp-json\/wp\/v2\/media\/51214"}],"wp:attachment":[{"href":"https:\/\/myspainfood.com\/pl\/wp-json\/wp\/v2\/media?parent=51386"}],"wp:term":[{"taxonomy":"product_brand","embeddable":true,"href":"https:\/\/myspainfood.com\/pl\/wp-json\/wp\/v2\/product_brand?post=51386"},{"taxonomy":"product_cat","embeddable":true,"href":"https:\/\/myspainfood.com\/pl\/wp-json\/wp\/v2\/product_cat?post=51386"},{"taxonomy":"product_tag","embeddable":true,"href":"https:\/\/myspainfood.com\/pl\/wp-json\/wp\/v2\/product_tag?post=51386"}],"curies":[{"name":"wp","href":"https:\/\/api.w.org\/{rel}","templated":true}]}}