{"id":52424,"date":"2025-05-23T12:58:14","date_gmt":"2025-05-23T10:58:14","guid":{"rendered":"https:\/\/myspainfood.com\/producto\/baton-czekoladowy-pistacjowy-alyan-dubai-100-gramow\/"},"modified":"2026-03-15T13:10:08","modified_gmt":"2026-03-15T12:10:08","slug":"baton-czekoladowy-pistacjowy-alyan-dubai-100-gramow","status":"publish","type":"product","link":"https:\/\/myspainfood.com\/pl\/producto\/baton-czekoladowy-pistacjowy-alyan-dubai-100-gramow\/","title":{"rendered":"Baton czekoladowy pistacjowy Alyan Dubai 100 gram\u00f3w"},"content":{"rendered":"<p>Czekolada mleczna nadziewana pistacjami i kunaf\u0105. Sk\u0142adniki: <\/p>\n<p>Pasta pistacjowa 45% [cukier, pistacje (30%), olej ro\u015blinny (ca\u0142kowicie uwodorniony olej palmowy, olej z nasion bawe\u0142ny i olej s\u0142onecznikowy), mleko odt\u0142uszczone, emulgator (lecytyna s\u0142onecznikowa), aromaty (mleko, wanilina)],<\/p>\n<p>Czekolada mleczna 45% [cukier, mas\u0142o kakaowe, pe\u0142ne mleko w proszku, masa kakaowa, odt\u0142uszczone mleko w proszku, serwatka w proszku, emulgator (fosfatydy amonowe, polirycynooleinian poliglicerolu, lecytyna s\u0142onecznikowa), aromat (wanilina)],<\/p>\n<p>Kunafa 10% [pszenica (zawiera gluten), woda], konserwanty (sorbinian potasu, propionian wapnia).<\/p>\n<p>Alergeny: mleko, pszenica i pistacje. Mo\u017ce zawiera\u0107 \u015bladowe ilo\u015bci innych orzech\u00f3w, orzeszk\u00f3w ziemnych i jaj. <\/p>\n","protected":false},"excerpt":{"rendered":"<p>Czekolada mleczna nadziewana pistacjami i kunaf\u0105. Sk\u0142adniki: Pasta pistacjowa 45% [cukier, pistacje (30%), olej ro\u015blinny (ca\u0142kowicie uwodorniony olej palmowy, olej z nasion bawe\u0142ny i olej s\u0142onecznikowy), mleko odt\u0142uszczone, emulgator (lecytyna s\u0142onecznikowa), aromaty (mleko, wanilina)], Czekolada mleczna 45% [cukier, mas\u0142o kakaowe, pe\u0142ne mleko w proszku, masa kakaowa, odt\u0142uszczone mleko w proszku, serwatka w proszku, emulgator (fosfatydy [&hellip;]<\/p>\n","protected":false},"featured_media":52374,"template":"","meta":{"_et_pb_use_builder":"","_et_pb_old_content":"","_et_gb_content_width":""},"product_brand":[],"product_cat":[1969],"product_tag":[],"class_list":{"0":"post-52424","1":"product","2":"type-product","3":"status-publish","4":"has-post-thumbnail","6":"product_cat-konserwy","8":"first","9":"instock","10":"featured","11":"taxable","12":"shipping-taxable","13":"purchasable","14":"product-type-variable"},"_links":{"self":[{"href":"https:\/\/myspainfood.com\/pl\/wp-json\/wp\/v2\/product\/52424","targetHints":{"allow":["GET"]}}],"collection":[{"href":"https:\/\/myspainfood.com\/pl\/wp-json\/wp\/v2\/product"}],"about":[{"href":"https:\/\/myspainfood.com\/pl\/wp-json\/wp\/v2\/types\/product"}],"wp:featuredmedia":[{"embeddable":true,"href":"https:\/\/myspainfood.com\/pl\/wp-json\/wp\/v2\/media\/52374"}],"wp:attachment":[{"href":"https:\/\/myspainfood.com\/pl\/wp-json\/wp\/v2\/media?parent=52424"}],"wp:term":[{"taxonomy":"product_brand","embeddable":true,"href":"https:\/\/myspainfood.com\/pl\/wp-json\/wp\/v2\/product_brand?post=52424"},{"taxonomy":"product_cat","embeddable":true,"href":"https:\/\/myspainfood.com\/pl\/wp-json\/wp\/v2\/product_cat?post=52424"},{"taxonomy":"product_tag","embeddable":true,"href":"https:\/\/myspainfood.com\/pl\/wp-json\/wp\/v2\/product_tag?post=52424"}],"curies":[{"name":"wp","href":"https:\/\/api.w.org\/{rel}","templated":true}]}}