{"id":62823,"date":"2025-10-10T12:25:50","date_gmt":"2025-10-10T10:25:50","guid":{"rendered":"https:\/\/myspainfood.com\/producto\/sardynki-w-organicznej-oliwie-z-oliwek-20-25-sztuk-rias-baixas-115-gr\/"},"modified":"2025-10-10T12:25:50","modified_gmt":"2025-10-10T10:25:50","slug":"sardynki-w-organicznej-oliwie-z-oliwek-20-25-sztuk-rias-baixas-115-gr","status":"publish","type":"product","link":"https:\/\/myspainfood.com\/pl\/producto\/sardynki-w-organicznej-oliwie-z-oliwek-20-25-sztuk-rias-baixas-115-gr\/","title":{"rendered":"Sardynki w organicznej oliwie z oliwek 20\/25 sztuk Rias Baixas 115 gr"},"content":{"rendered":"<p>Nasze sardynki w puszce s\u0105 przepyszne; maj\u0105 zapach, intensywny smak, srebrzysty wygl\u0105d oraz doskona\u0142e u\u0142o\u017cenie i prezentacj\u0119 w puszce. Punktem wyj\u015bcia jest zawsze wyb\u00f3r najlepszych, naj\u015bwie\u017cszych i najmniejszych sardynek z targu rybnego (w ka\u017cdej puszce znajd\u0105 Pa\u0144stwo od 12 do 16 sardynek). <\/p>\n<p>W naszej fabryce w Moa\u00f1a (Pontevedra) fachowe r\u0119ce naszych pracownik\u00f3w produkcyjnych usuwaj\u0105 g\u0142ow\u0119 i patrosz\u0105 ka\u017cd\u0105 ryb\u0119 po kolei. Nast\u0119pnie s\u0105 one pieczone na parze i pakowane z dba\u0142o\u015bci\u0105 i precyzj\u0105, aby uzyska\u0107 jak najbardziej atrakcyjny wygl\u0105d po otwarciu puszki. Wisienk\u0105 na torcie jest dodatek <strong>organicznej oliwy z oliwek extra virgin*.<\/strong> Rezultat jest spektakularny i teraz mog\u0105 si\u0119 Pa\u0144stwo sami o tym przekona\u0107.  <\/p>\n<p>Prosz\u0119 pami\u0119ta\u0107, \u017ce czas dojrzewania, kt\u00f3ry mo\u017ce trwa\u0107 od kilku miesi\u0119cy do kilku lat, ma kluczowe znaczenie, poniewa\u017c smak sardynek poprawia si\u0119 wraz z przenikaniem oleju do ryby. Regularne obracanie puszek zapewnia wy\u015bmienity i jednolity smak, kt\u00f3ry zadowoli najbardziej wymagaj\u0105ce podniebienia. <\/p>\n<p>W ostatnich latach sardynki w puszce zyska\u0142y wielk\u0105 s\u0142aw\u0119 jako \u017cywno\u015b\u0107 o wysokiej warto\u015bci od\u017cywczej. Mo\u017cna powiedzie\u0107, \u017ce pod wzgl\u0119dem od\u017cywczym sardynki zdobywaj\u0105 z\u0142oty medal. Zawieraj\u0105 one wysokie st\u0119\u017cenie witaminy B12, a tak\u017ce witaminy A, D, K i E. S\u0105 r\u00f3wnie\u017c wa\u017cnym \u017ar\u00f3d\u0142em bia\u0142ka, sodu, fosforu, jodu i wapnia. Bogate w kwasy Omega 3 i kwas oleinowy, czego chcie\u0107 wi\u0119cej?    <\/p>\n","protected":false},"excerpt":{"rendered":"<p>Nasze sardynki w puszce s\u0105 przepyszne; maj\u0105 zapach, intensywny smak, srebrzysty wygl\u0105d oraz doskona\u0142e u\u0142o\u017cenie i prezentacj\u0119 w puszce. Punktem wyj\u015bcia jest zawsze wyb\u00f3r najlepszych, naj\u015bwie\u017cszych i najmniejszych sardynek z targu rybnego (w ka\u017cdej puszce znajd\u0105 Pa\u0144stwo od 12 do 16 sardynek). W naszej fabryce w Moa\u00f1a (Pontevedra) fachowe r\u0119ce naszych pracownik\u00f3w produkcyjnych usuwaj\u0105 g\u0142ow\u0119 [&hellip;]<\/p>\n","protected":false},"featured_media":59424,"template":"","meta":{"_et_pb_use_builder":"","_et_pb_old_content":"","_et_gb_content_width":""},"product_brand":[11014],"product_cat":[1969,11030,3766],"product_tag":[],"class_list":{"0":"post-62823","1":"product","2":"type-product","3":"status-publish","4":"has-post-thumbnail","6":"product_brand-rias-baixas","7":"product_cat-konserwy","8":"product_cat-nowy","9":"product_cat-sardinillas-pl","11":"first","12":"instock","13":"featured","14":"taxable","15":"shipping-taxable","16":"purchasable","17":"product-type-variable"},"_links":{"self":[{"href":"https:\/\/myspainfood.com\/pl\/wp-json\/wp\/v2\/product\/62823","targetHints":{"allow":["GET"]}}],"collection":[{"href":"https:\/\/myspainfood.com\/pl\/wp-json\/wp\/v2\/product"}],"about":[{"href":"https:\/\/myspainfood.com\/pl\/wp-json\/wp\/v2\/types\/product"}],"wp:featuredmedia":[{"embeddable":true,"href":"https:\/\/myspainfood.com\/pl\/wp-json\/wp\/v2\/media\/59424"}],"wp:attachment":[{"href":"https:\/\/myspainfood.com\/pl\/wp-json\/wp\/v2\/media?parent=62823"}],"wp:term":[{"taxonomy":"product_brand","embeddable":true,"href":"https:\/\/myspainfood.com\/pl\/wp-json\/wp\/v2\/product_brand?post=62823"},{"taxonomy":"product_cat","embeddable":true,"href":"https:\/\/myspainfood.com\/pl\/wp-json\/wp\/v2\/product_cat?post=62823"},{"taxonomy":"product_tag","embeddable":true,"href":"https:\/\/myspainfood.com\/pl\/wp-json\/wp\/v2\/product_tag?post=62823"}],"curies":[{"name":"wp","href":"https:\/\/api.w.org\/{rel}","templated":true}]}}