{"id":62979,"date":"2025-10-10T12:25:49","date_gmt":"2025-10-10T10:25:49","guid":{"rendered":"https:\/\/myspainfood.com\/producto\/malze-brzytwy-z-finisterre-w-rias-baixas-organiczna-oliwa-z-oliwek-115-g\/"},"modified":"2025-10-10T12:25:49","modified_gmt":"2025-10-10T10:25:49","slug":"malze-brzytwy-z-finisterre-w-rias-baixas-organiczna-oliwa-z-oliwek-115-g","status":"publish","type":"product","link":"https:\/\/myspainfood.com\/pl\/producto\/malze-brzytwy-z-finisterre-w-rias-baixas-organiczna-oliwa-z-oliwek-115-g\/","title":{"rendered":"Ma\u0142\u017ce brzytwy z Finisterre w Rias Baixas organiczna oliwa z oliwek 115 g"},"content":{"rendered":"<p>Ma\u0142\u017ce brzytwy s\u0105 wydobywane w wielu miejscach naszych pi\u0119knych R\u00edas, ale spo\u015br\u00f3d nich wszystkich jest jedno, w kt\u00f3rym ma\u0142\u017ce brzytwy i longueirones osi\u0105gaj\u0105 najwy\u017csz\u0105 jako\u015b\u0107: Finisterre (Fisterra). A poniewa\u017c nie mo\u017ce by\u0107 inaczej, w CONSERVAS R\u00cdAS BAIXAS 1907 kupujemy ma\u0142\u017ce brzytwy tylko z tych rajskich pla\u017c i tylko te, kt\u00f3re s\u0105 \u0142owione jeden po drugim przez wolnych nurk\u00f3w, aby zapewni\u0107 ochron\u0119 \u015brodowiska naturalnego, tak aby przysz\u0142e pokolenia r\u00f3wnie\u017c mog\u0142y cieszy\u0107 si\u0119 tym przysmakiem. <\/p>\n<p>\u015awie\u017ca maszynka do golenia jest oczyszczana w s\u0142onej wodzie w celu usuni\u0119cia wszelkich pozosta\u0142o\u015bci piasku, a nast\u0119pnie starannie pakowana w naszych zak\u0142adach w Moa\u00f1a.<\/p>\n<p>I chocia\u017c ma\u0142\u017ce brzytwy Finisterre s\u0105 przysmakiem samym w sobie, zdecydowali\u015bmy si\u0119 zaprezentowa\u0107 je w organicznej oliwie z oliwek extra virgin*. Rezultat jest spektakularny i zapraszamy Pa\u0144stwa do spr\u00f3bowania. <\/p>\n<p>Ponadto ma\u0142\u017ce brzytwy maj\u0105 bardzo nisk\u0105 zawarto\u015b\u0107 kalorii i lipid\u00f3w. Z drugiej strony, ma\u0142\u017ce brzytwy s\u0105 bogate w wielonienasycone kwasy t\u0142uszczowe OMEGA 3, dlatego ich spo\u017cywanie jest wysoce zalecane. <\/p>\n","protected":false},"excerpt":{"rendered":"<p>Ma\u0142\u017ce brzytwy s\u0105 wydobywane w wielu miejscach naszych pi\u0119knych R\u00edas, ale spo\u015br\u00f3d nich wszystkich jest jedno, w kt\u00f3rym ma\u0142\u017ce brzytwy i longueirones osi\u0105gaj\u0105 najwy\u017csz\u0105 jako\u015b\u0107: Finisterre (Fisterra). A poniewa\u017c nie mo\u017ce by\u0107 inaczej, w CONSERVAS R\u00cdAS BAIXAS 1907 kupujemy ma\u0142\u017ce brzytwy tylko z tych rajskich pla\u017c i tylko te, kt\u00f3re s\u0105 \u0142owione jeden po drugim [&hellip;]<\/p>\n","protected":false},"featured_media":59302,"template":"","meta":{"_et_pb_use_builder":"","_et_pb_old_content":"","_et_gb_content_width":""},"product_brand":[11014],"product_cat":[7595,1969,11030],"product_tag":[],"class_list":{"0":"post-62979","1":"product","2":"type-product","3":"status-publish","4":"has-post-thumbnail","6":"product_brand-rias-baixas","7":"product_cat-brzytwy","8":"product_cat-konserwy","9":"product_cat-nowy","11":"first","12":"instock","13":"taxable","14":"shipping-taxable","15":"purchasable","16":"product-type-variable"},"_links":{"self":[{"href":"https:\/\/myspainfood.com\/pl\/wp-json\/wp\/v2\/product\/62979","targetHints":{"allow":["GET"]}}],"collection":[{"href":"https:\/\/myspainfood.com\/pl\/wp-json\/wp\/v2\/product"}],"about":[{"href":"https:\/\/myspainfood.com\/pl\/wp-json\/wp\/v2\/types\/product"}],"wp:featuredmedia":[{"embeddable":true,"href":"https:\/\/myspainfood.com\/pl\/wp-json\/wp\/v2\/media\/59302"}],"wp:attachment":[{"href":"https:\/\/myspainfood.com\/pl\/wp-json\/wp\/v2\/media?parent=62979"}],"wp:term":[{"taxonomy":"product_brand","embeddable":true,"href":"https:\/\/myspainfood.com\/pl\/wp-json\/wp\/v2\/product_brand?post=62979"},{"taxonomy":"product_cat","embeddable":true,"href":"https:\/\/myspainfood.com\/pl\/wp-json\/wp\/v2\/product_cat?post=62979"},{"taxonomy":"product_tag","embeddable":true,"href":"https:\/\/myspainfood.com\/pl\/wp-json\/wp\/v2\/product_tag?post=62979"}],"curies":[{"name":"wp","href":"https:\/\/api.w.org\/{rel}","templated":true}]}}