{"id":16197,"date":"2025-04-08T08:43:07","date_gmt":"2025-04-08T06:43:07","guid":{"rendered":"https:\/\/myspainfood.com\/politica-de-confidentialitate\/"},"modified":"2025-05-05T11:16:57","modified_gmt":"2025-05-05T09:16:57","slug":"politica-de-confidentialitate","status":"publish","type":"page","link":"https:\/\/myspainfood.com\/ro\/politica-de-confidentialitate\/","title":{"rendered":"Politica de confiden\u021bialitate"},"content":{"rendered":"\n<p>Bine a\u021bi venit la https:\/\/myspainfood.com (denumit \u00een continuare &#8222;site-ul&#8221;). \u00cen\u021belegem c\u0103 confiden\u021bialitatea online este important\u0103 pentru utilizatorii Site-ului nostru, \u00een special atunci c\u00e2nd tranzac\u021bioneaz\u0103 afaceri. Aceast\u0103 declara\u021bie reglementeaz\u0103 politicile noastre de confiden\u021bialitate cu privire la acei utilizatori ai Site-ului (&#8222;Vizitatori&#8221;) care viziteaz\u0103 f\u0103r\u0103 a tranzac\u021biona afaceri \u0219i Vizitatorii care se \u00eenregistreaz\u0103 pentru a tranzac\u021biona afaceri pe Site \u0219i utilizeaz\u0103 diferitele servicii oferite de SUMINISTROS HOSTELEROS, S. L. (colectiv, &#8222;Servicii&#8221;) (&#8222;Clien\u021bi autoriza\u021bi&#8221;).  <\/p>\n\n<p><strong>&#8222;Informa\u021bii identificabile personal<\/strong><\/p>\n\n<p>\u00eenseamn\u0103 orice informa\u021bie care identific\u0103 sau poate fi utilizat\u0103 pentru a identifica, contacta sau localiza persoana fizic\u0103 c\u0103reia \u00eei apar\u021bin aceste informa\u021bii, inclusiv, dar f\u0103r\u0103 a se limita la, nume, adres\u0103, num\u0103r de telefon, num\u0103r de fax, adres\u0103 de e-mail, profiluri financiare, num\u0103r de securitate social\u0103 \u0219i informa\u021bii privind cardul de credit. Informa\u021biile de identificare personal\u0103 nu includ informa\u021biile colectate anonim (adic\u0103 f\u0103r\u0103 a identifica utilizatorul individual) sau informa\u021biile demografice care nu sunt legate de o persoan\u0103 identificat\u0103. <\/p>\n\n<p><strong>Ce date cu caracter personal sunt colectate?<\/strong><\/p>\n\n<p>Putem colecta informa\u021bii de baz\u0103 privind profilul utilizatorului de la to\u021bi vizitatorii no\u0219tri. Colect\u0103m urm\u0103toarele informa\u021bii suplimentare de la clien\u021bii no\u0219tri autoriza\u021bi: numele, adresele, numerele de telefon \u0219i adresele de e-mail ale clien\u021bilor autoriza\u021bi, natura \u0219i m\u0103rimea afacerii, precum \u0219i natura \u0219i m\u0103rimea inventarului publicitar pe care clientul autorizat inten\u021bioneaz\u0103 s\u0103 \u00eel cumpere sau s\u0103 \u00eel v\u00e2nd\u0103. <\/p>\n\n<p><strong>Ce organiza\u021bii colecteaz\u0103 informa\u021biile?<\/strong><\/p>\n\n<p>\u00cen plus fa\u021b\u0103 de colectarea direct\u0103 de informa\u021bii de c\u0103tre noi, furnizorii no\u0219tri de servicii ter\u021bi (cum ar fi companiile de carduri de credit, casele de compensare \u0219i b\u0103ncile) care pot furniza servicii cum ar fi servicii de creditare, asigurare \u0219i escrow pot colecta aceste informa\u021bii de la vizitatorii \u0219i clien\u021bii no\u0219tri autoriza\u021bi. Nu control\u0103m modul \u00een care aceste p\u0103r\u021bi ter\u021be utilizeaz\u0103 astfel de informa\u021bii, dar le solicit\u0103m s\u0103 dezv\u0103luie modul \u00een care utilizeaz\u0103 informa\u021biile personale care le sunt furnizate de vizitatori \u0219i clien\u021bi autoriza\u021bi. Unele dintre aceste p\u0103r\u021bi ter\u021be pot fi intermediari care ac\u021bioneaz\u0103 doar ca verigi \u00een lan\u021bul de distribu\u021bie \u0219i nu stocheaz\u0103, p\u0103streaz\u0103 sau utilizeaz\u0103 informa\u021biile care le sunt furnizate.  <\/p>\n\n<p><strong>Cum utilizeaz\u0103 site-ul web informa\u021biile personale identificabile?<\/strong><\/p>\n\n<p>Utiliz\u0103m datele cu caracter personal pentru a personaliza site-ul, pentru a furniza servicii adecvate \u0219i pentru a \u00eendeplini cererile de cump\u0103rare \u0219i v\u00e2nzare pe site. Putem trimite e-mailuri vizitatorilor \u0219i clien\u021bilor autoriza\u021bi cu privire la oportunit\u0103\u021bi de cercetare sau de cump\u0103rare \u0219i v\u00e2nzare pe site sau informa\u021bii legate de subiectul site-ului. De asemenea, putem utiliza datele cu caracter personal pentru a contacta vizitatorii \u0219i clien\u021bii autoriza\u021bi ca r\u0103spuns la solicit\u0103ri specifice sau pentru a furniza informa\u021biile solicitate.  <\/p>\n\n<p><strong>Cu cine pot fi \u00eemp\u0103rt\u0103\u0219ite informa\u021biile?<\/strong><\/p>\n\n<p>Datele personale ale clien\u021bilor autoriza\u021bi pot fi partajate cu al\u021bi clien\u021bi autoriza\u021bi care doresc s\u0103 evalueze poten\u021biale tranzac\u021bii cu al\u021bi clien\u021bi autoriza\u021bi. Putem partaja informa\u021bii agregate despre vizitatorii no\u0219tri, inclusiv datele demografice ale vizitatorilor no\u0219tri \u0219i ale clien\u021bilor autoriza\u021bi, cu agen\u021biile noastre afiliate \u0219i cu furnizori ter\u021bi. Oferim, de asemenea, posibilitatea de a renun\u021ba la primirea de informa\u021bii sau la a fi contacta\u021bi de noi sau de orice agen\u021bie care ac\u021bioneaz\u0103 \u00een numele nostru.  <\/p>\n\n<p><strong>Cum sunt stocate informa\u021biile de identificare personal\u0103?<\/strong><\/p>\n\n<p>Informa\u021biile de identificare personal\u0103 colectate de SUMINISTROS HOSTELEROS, S. L. sunt stocate \u00een siguran\u021b\u0103 \u0219i nu sunt accesibile ter\u021bilor sau angaja\u021bilor SUMINISTROS HOSTELEROS, S. L. dec\u00e2t pentru utilizarea indicat\u0103 mai sus.<\/p>\n\n<p><strong>Ce op\u021biuni au vizitatorii cu privire la colectarea, utilizarea \u0219i distribuirea informa\u021biilor?<\/strong><\/p>\n\n<p>Vizitatorii \u0219i clien\u021bii autoriza\u021bi pot refuza s\u0103 primeasc\u0103 informa\u021bii nesolicitate sau s\u0103 fie contacta\u021bi de noi \u0219i\/sau de furnizorii \u0219i agen\u021biile noastre afiliate r\u0103spunz\u00e2nd la e-mailuri conform instruc\u021biunilor sau contact\u00e2ndu-ne la adresa<\/p>\n\n<p><strong>Sunt utilizate module cookie pe site?<\/strong><\/p>\n\n<p>Modulele cookie sunt utilizate din diverse motive. Utiliz\u0103m module cookie pentru a ob\u021bine informa\u021bii despre preferin\u021bele vizitatorilor no\u0219tri \u0219i serviciile pe care le selecteaz\u0103. De asemenea, utiliz\u0103m module cookie \u00een scopuri de securitate pentru a ne proteja clien\u021bii autoriza\u021bi. De exemplu, dac\u0103 un client autorizat este conectat \u0219i site-ul nu este utilizat timp de mai mult de 10 minute, vom deconecta automat clientul autorizat.   <\/p>\n\n<p><strong>Cum utilizeaz\u0103 SUMINISTROS HOSTELEROS, S. L. datele de acces?<\/strong><\/p>\n\n<p>SUMINISTROS HOSTELEROS, S. L. utilizeaz\u0103 informa\u021biile de acces, inclusiv, f\u0103r\u0103 limitare, adresele IP, ISP-urile \u0219i tipurile de browser, pentru a analiza tendin\u021bele, a administra site-ul, a urm\u0103ri mi\u0219carea \u0219i utilizarea unui utilizator \u0219i a colecta informa\u021bii demografice generale.<\/p>\n\n<p><strong>Care parteneri sau furnizori de servicii au acces la informa\u021biile cu caracter personal ale vizitatorilor \u0219i\/sau clien\u021bilor autoriza\u021bi de pe site?<\/strong><\/p>\n\n<p>SUMINISTROS HOSTELEROS, S. L. a \u00eencheiat \u0219i va continua s\u0103 \u00eencheie acorduri de colaborare \u0219i alte afilieri cu o serie de furnizori, care pot avea acces la anumite date cu caracter personal \u00een scopul evalu\u0103rii adecv\u0103rii clien\u021bilor autoriza\u021bi pentru serviciu. Politica noastr\u0103 de confiden\u021bialitate nu acoper\u0103 colectarea sau utilizarea acestor informa\u021bii. Divulgarea informa\u021biilor de identificare personal\u0103 \u00een conformitate cu legea. Vom dezv\u0103lui informa\u021bii de identificare personal\u0103 pentru a respecta un ordin judec\u0103toresc sau o cita\u021bie sau o cerere de divulgare a informa\u021biilor din partea unei agen\u021bii de aplicare a legii. De asemenea, vom dezv\u0103lui informa\u021bii de identificare personal\u0103 atunci c\u00e2nd este necesar \u00een mod rezonabil pentru a proteja siguran\u021ba \u0219i securitatea vizitatorilor \u0219i clien\u021bilor no\u0219tri autoriza\u021bi.    <\/p>\n\n<p><strong>Cum protejeaz\u0103 site-ul informa\u021biile personale?<\/strong><\/p>\n\n<p>To\u021bi angaja\u021bii no\u0219tri sunt con\u0219tien\u021bi de politica \u0219i practicile noastre de securitate. Informa\u021biile de identificare personal\u0103 ale vizitatorilor \u0219i clien\u021bilor no\u0219tri autoriza\u021bi sunt accesibile numai unui num\u0103r limitat de angaja\u021bi califica\u021bi, c\u0103rora li se furnizeaz\u0103 o parol\u0103 de acces la informa\u021bii. Efectu\u0103m audituri periodice ale sistemelor \u0219i proceselor noastre de securitate. Informa\u021biile sensibile, cum ar fi numerele cardurilor de credit sau ale asigur\u0103rilor sociale, sunt protejate prin protocoale de criptare, stabilite pentru a proteja informa\u021biile trimise pe internet. De\u0219i lu\u0103m m\u0103suri rezonabile din punct de vedere comercial pentru a men\u021bine un site securizat, comunica\u021biile electronice \u0219i bazele de date sunt supuse erorilor, manipul\u0103rii \u0219i efrac\u021biilor, iar noi nu putem garanta c\u0103 astfel de evenimente nu vor avea loc \u0219i nu vom fi r\u0103spunz\u0103tori fa\u021b\u0103 de vizitatori sau clien\u021bi autoriza\u021bi pentru astfel de evenimente.    <\/p>\n\n<p><strong>Cum pot vizitatorii s\u0103 corecteze eventualele inexactit\u0103\u021bi ale informa\u021biilor de identificare personal\u0103?<\/strong><\/p>\n\n<p>Vizitatorii \u0219i clien\u021bii autoriza\u021bi ne pot contacta pentru a-\u0219i actualiza datele cu caracter personal sau pentru a corecta orice inexactit\u0103\u021bi, trimi\u021b\u00e2ndu-ne un e-mail la hola@myspainfood.com.<\/p>\n\n<p><strong>Poate un vizitator s\u0103 \u0219tearg\u0103 sau s\u0103 dezactiveze informa\u021biile personale colectate de site?<\/strong><\/p>\n\n<p>Oferim vizitatorilor \u0219i clien\u021bilor autoriza\u021bi un mecanism de eliminare\/dezactivare a informa\u021biilor de identificare personal\u0103 din baza de date a site-ului prin contactarea . Cu toate acestea, din cauza backup-urilor \u0219i a \u00eenregistr\u0103rilor \u0219tergerilor, poate fi imposibil s\u0103 \u0219tergem intrarea unui vizitator f\u0103r\u0103 a p\u0103stra unele informa\u021bii reziduale. \u00cen cazul \u00een care o persoan\u0103 solicit\u0103 dezactivarea informa\u021biilor sale de identificare personal\u0103, acestea vor fi \u0219terse din punct de vedere func\u021bional, iar noi nu vom vinde, transfera sau utiliza \u00een niciun fel \u00een viitor informa\u021biile de identificare personal\u0103 referitoare la persoana respectiv\u0103.  <\/p>\n\n<p><strong>Ce se \u00eent\u00e2mpl\u0103 dac\u0103 politica de confiden\u021bialitate se modific\u0103?<\/strong><\/p>\n\n<p>Ne vom informa vizitatorii \u0219i clien\u021bii autoriza\u021bi cu privire la modific\u0103rile aduse politicii noastre de confiden\u021bialitate prin postarea acestor modific\u0103ri pe site. Cu toate acestea, dac\u0103 ne modific\u0103m politica de confiden\u021bialitate \u00eentr-un mod care poate determina divulgarea de informa\u021bii de identificare personal\u0103 pe care un vizitator sau un client autorizat a solicitat anterior s\u0103 nu fie divulgate, vom contacta respectivul vizitator sau client autorizat pentru a permite vizitatorului sau clientului autorizat s\u0103 \u00eempiedice o astfel de divulgare. <\/p>\n\n<p><strong>Politici de returnare?<\/strong><\/p>\n\n<p>Urm\u0103toarele condi\u021bii pentru returnarea produselor noastre nu se aplic\u0103 \u00een cazul exercit\u0103rii dreptului de retragere. Retururile sau schimburile de produse vor fi acceptate numai \u00een cazul unor defecte de fabrica\u021bie, deterior\u0103ri cauzate de transport sau erori de livrare. \u00cen orice caz, nu trebuie s\u0103 fi trecut mai mult de 14 zile de la primirea produsului, iar ambalajul \u0219i accesoriile trebuie s\u0103 fie incluse. Se verific\u0103 \u00een prealabil dac\u0103 este vorba despre un defect sau o anomalie de fabrica\u021bie sau de ambalare \u0219i nu din cauza utiliz\u0103rii, manipul\u0103rii sau depozit\u0103rii necorespunz\u0103toare sau neglijente. Acestea trebuie s\u0103 fie \u00eentotdeauna \u00eenso\u021bite de bonul de livrare sau factura corespunz\u0103toare. At\u00e2t \u00een cazul return\u0103rii din cauza unui defect de fabrica\u021bie sau de ambalare, c\u00e2t \u0219i \u00een cazul unei erori \u00een comand\u0103, CLIENTULUI i se va oferi, dac\u0103 este posibil, \u00eenlocuirea acesteia cu o alt\u0103 alternativ\u0103, f\u0103r\u0103 costuri suplimentare \u0219i f\u0103r\u0103 dreptul, din partea CLIENTULUI, la niciun fel de desp\u0103gubire. MySpainFood va fi responsabil\u0103 de costurile suportate pentru trimiterea comenzii. \u00cen orice caz, returnarea va fi \u00eentotdeauna supus\u0103 examin\u0103rii prealabile de c\u0103tre MySpainFood a st\u0103rii produsului returnat \u0219i verific\u0103rii \u00eendeplinirii cerin\u021belor din prezentele condi\u021bii de v\u00e2nzare. Dup\u0103 primirea returului \u0219i dac\u0103 este cazul, vom rambursa suma facturat\u0103 \u00een termen de maximum 30 de zile \u0219i \u00een acelea\u0219i condi\u021bii ca cele utilizate pentru efectuarea pl\u0103\u021bii. MySpainFood \u00ee\u0219i rezerv\u0103 dreptul de a refuza retururile comunicate sau trimise dup\u0103 termenul limit\u0103 sau produsele care nu sunt \u00een aceea\u0219i stare \u00een care au fost primite. Restituirile vor fi gestionate prin trimiterea unui e-mail la adresa info@latiendadesami.com cu o descriere a motivelor \u0219i a motivelor invocate pentru restituire. De asemenea, va fi necesar s\u0103 se indice numele \u0219i prenumele \u0219i num\u0103rul de referin\u021b\u0103 al comenzii. Odat\u0103 ce cererea a fost primit\u0103, o vom procesa \u00een timp util.            <\/p>\n\n<p><strong>Leg\u0103turi:<\/strong><\/p>\n\n<p>https:\/\/myspainfood.com con\u021bine linkuri c\u0103tre alte site-uri web. V\u0103 rug\u0103m s\u0103 re\u021bine\u021bi c\u0103 atunci c\u00e2nd face\u021bi clic pe unul dintre aceste linkuri, accesa\u021bi un alt site web. V\u0103 \u00eencuraj\u0103m s\u0103 citi\u021bi declara\u021biile de confiden\u021bialitate ale acestor site-uri legate, deoarece politicile lor de confiden\u021bialitate pot fi diferite de ale noastre.  <\/p>\n","protected":false},"excerpt":{"rendered":"<p>Bine a\u021bi venit la https:\/\/myspainfood.com (denumit \u00een continuare &#8222;site-ul&#8221;). \u00cen\u021belegem c\u0103 confiden\u021bialitatea online este important\u0103 pentru utilizatorii Site-ului nostru, \u00een special atunci c\u00e2nd tranzac\u021bioneaz\u0103 afaceri. Aceast\u0103 declara\u021bie reglementeaz\u0103 politicile noastre de confiden\u021bialitate cu privire la acei utilizatori ai Site-ului (&#8222;Vizitatori&#8221;) care viziteaz\u0103 f\u0103r\u0103 a tranzac\u021biona afaceri \u0219i Vizitatorii care se \u00eenregistreaz\u0103 pentru a tranzac\u021biona afaceri [&hellip;]<\/p>\n","protected":false},"author":1,"featured_media":0,"parent":0,"menu_order":0,"comment_status":"closed","ping_status":"closed","template":"","meta":{"_et_pb_use_builder":"","_et_pb_old_content":"","_et_gb_content_width":"","footnotes":""},"class_list":["post-16197","page","type-page","status-publish","hentry"],"_links":{"self":[{"href":"https:\/\/myspainfood.com\/ro\/wp-json\/wp\/v2\/pages\/16197","targetHints":{"allow":["GET"]}}],"collection":[{"href":"https:\/\/myspainfood.com\/ro\/wp-json\/wp\/v2\/pages"}],"about":[{"href":"https:\/\/myspainfood.com\/ro\/wp-json\/wp\/v2\/types\/page"}],"author":[{"embeddable":true,"href":"https:\/\/myspainfood.com\/ro\/wp-json\/wp\/v2\/users\/1"}],"replies":[{"embeddable":true,"href":"https:\/\/myspainfood.com\/ro\/wp-json\/wp\/v2\/comments?post=16197"}],"version-history":[{"count":1,"href":"https:\/\/myspainfood.com\/ro\/wp-json\/wp\/v2\/pages\/16197\/revisions"}],"predecessor-version":[{"id":16200,"href":"https:\/\/myspainfood.com\/ro\/wp-json\/wp\/v2\/pages\/16197\/revisions\/16200"}],"wp:attachment":[{"href":"https:\/\/myspainfood.com\/ro\/wp-json\/wp\/v2\/media?parent=16197"}],"curies":[{"name":"wp","href":"https:\/\/api.w.org\/{rel}","templated":true}]}}