{"id":16496,"date":"2025-04-10T15:12:12","date_gmt":"2025-04-10T13:12:12","guid":{"rendered":"https:\/\/myspainfood.com\/achizitii-retururi-si-expediere\/"},"modified":"2025-05-05T11:17:53","modified_gmt":"2025-05-05T09:17:53","slug":"achizitii-retururi-si-expediere","status":"publish","type":"page","link":"https:\/\/myspainfood.com\/ro\/achizitii-retururi-si-expediere\/","title":{"rendered":"Achizi\u021bii, retururi \u0219i expediere"},"content":{"rendered":"\n<p>Prezentul acord reglementeaz\u0103 condi\u021biile generale de cump\u0103rare a diferitelor produse \u0219i servicii oferite pe acest site de c\u0103tre SAMI SUMINISTROS HOSTELEROS, S. L. (denumit\u0103 \u00een continuare MY SPAIN FOOD) cu NIF B84614064 \u0219i adresa c\/ Luis i 60, sotano, nave 27. 28031 Madrid, Spania. Madrid, Spania.<br\/>\u00cen momentul \u00een care CLIENTUL finalizeaz\u0103 procesul de \u00eenregistrare \u0219i achizi\u021bioneaz\u0103 oricare dintre produsele noastre, acesta accept\u0103 \u00een mod expres clauzele specificate mai jos, precum \u0219i condi\u021biile de acces \u0219i utilizare a site-ului nostru web \u0219i politica sa de confiden\u021bialitate, accesibil\u0103 prin linkul Politica de confiden\u021bialitate.<br\/>CLIENTUL recunoa\u0219te c\u0103 are capacitate juridic\u0103 suficient\u0103 pentru a contracta o obliga\u021bie contractual\u0103.<br\/>Prezentul contract este accesibil \u00een permanen\u021b\u0103 \u00een anun\u021burile legale de pe site-ul nostru web.  <\/p>\n\n<p>1. PRE\u021aURI \u0218I TAXE<br\/>\u00cen schimbul produsului achizi\u021bionat, CLIENTUL accept\u0103 \u00een mod expres s\u0103 pl\u0103teasc\u0103 MY SPAIN FOOD sumele specificate la momentul achizi\u021biei \u00een lista de pre\u021buri stabilit\u0103 pe site-ul https:\/\/www.myspainfood.es pentru produsele alese.<br\/>Produsele oferite pe acest site sunt supuse taxei na\u021bionale de consum care ESTE INCLUZAT\u0102 \u00een pre\u021burile detaliate pentru fiecare produs.<br\/>Costurile de transport NU sunt incluse \u00een pre\u021bul produselor.<br\/>Dup\u0103 finalizarea selec\u021biei produselor \u0219i \u00eenainte de confirmarea comenzii \u0219i de efectuarea pl\u0103\u021bii acesteia, pe ecran va ap\u0103rea pre\u021bul final al achizi\u021biei, care va include taxele, costurile de manipulare, ambalare \u0219i expediere, dac\u0103 este cazul, care vor fi reflectate pe formularul de comand\u0103 \u00een momentul achizi\u021biei \u0219i pe factur\u0103.<br\/>Tot ceea ce nu este specificat \u00een descriere ca fiind inclus nu este inclus.<\/p>\n\n<p>2. PROCEDURA DE CUMP\u0102RARE<br\/>Numai persoanele cu v\u00e2rsta de peste 14 ani (f\u0103r\u0103 alcool) \u0219i de peste 18 ani (cu alcool) \u0219i companiile pot plasa comenzi prin intermediul acestui site.<br\/>Toate produsele noastre sunt listate individual pe site. Procedura de efectuare \u0219i gestionare a achizi\u021biei dvs. este indicat\u0103 pe site-ul web \u0219i trebuie urma\u021bi urm\u0103torii pa\u0219i:<br\/>a. Alege\u021bi produsul pe care dori\u021bi s\u0103 \u00eel achizi\u021biona\u021bi.<br\/>b. Atunci c\u00e2nd selecta\u021bi un produs, \u00eel pute\u021bi ad\u0103uga \u00een co\u0219ul de cump\u0103r\u0103turi \u0219i alege\u021bi dac\u0103 dori\u021bi s\u0103 continua\u021bi cump\u0103r\u0103turile sau s\u0103 procesa\u021bi comanda.<br\/>c. Pentru a procesa comanda, trebuie s\u0103 completa\u021bi un formular cu datele dumneavoastr\u0103 personale pentru a formaliza procedura de cump\u0103rare.<br\/>d. Apoi, comanda va fi verificat\u0103, unde articolele selectate vor fi detaliate unul c\u00e2te unul \u0219i va fi calculat pre\u021bul total.<br\/>e. De asemenea, va fi necesar s\u0103 indica\u021bi adresa de facturare \u0219i de livrare a achizi\u021biei. Pute\u021bi indica o singur\u0103 adres\u0103 pentru facturare \u0219i livrare.<br\/>f. Dup\u0103 finalizarea procesului, va trebui s\u0103 bifa\u021bi o c\u0103su\u021b\u0103 pentru a verifica dac\u0103 a\u021bi citit \u0219i acceptat termenii \u0219i condi\u021biile de v\u00e2nzare.<br\/>g. Site-ul v\u0103 va furniza mecanismele de plat\u0103 \u00een func\u021bie de sistemul ales \u00een fiecare caz.<br\/>h. Dup\u0103 introducerea datelor de plat\u0103, trebuie s\u0103 confirma\u021bi comanda f\u0103c\u00e2nd clic pe butonul &#8222;Cump\u0103r\u0103&#8221;.<br\/>i. Odat\u0103 ce s-a f\u0103cut clic pe butonul &#8222;Cump\u0103r\u0103&#8221;, plata este efectuat\u0103 \u0219i produsele vor fi la dispozi\u021bia dumneavoastr\u0103.<br\/>CLIENTUL este informat c\u0103 fotografiile \u0219i descrierile produselor de pe site reprezint\u0103 o imagine aproximativ\u0103 a produselor \u0219i serviciilor oferite \u0219i, prin urmare, pot diferi de original. Descrierile \u0219i ilustra\u021biile produselor oferite prin intermediul acestui site sunt pur informative.          <\/p>\n\n<p>3. DISPONIBILITATE \u0218I LIVRARE<br\/>Produsele oferite de MY SPAIN FOOD sunt disponibile numai pentru distribu\u021bie \u00een Spania continental\u0103.<br\/>Comenzile vor fi procesate dup\u0103 ce plata a fost primit\u0103 corect. Produsele oferite de MY SPAIN FOOD vor fi \u00eentotdeauna supuse disponibilit\u0103\u021bii, care va fi indicat\u0103 \u00een mod specific pe site-ul nostru pentru fiecare produs, astfel \u00eenc\u00e2t, \u00een cazul indisponibilit\u0103\u021bii oric\u0103rui articol, clientul va fi informat \u00een mod corespunz\u0103tor cu privire la lipsa de disponibilitate. \u00cen condi\u021bii normale, toate produsele care apar pe site-ul nostru sunt disponibile pentru livrare \u00een termenele indicate. \u00cen cazul \u00een care, dup\u0103 plasarea comenzii, produsul contractat de CLIENT nu se mai afl\u0103 \u00een stoc, CLIENTUL va fi informat \u00een mod corespunz\u0103tor despre acest lucru \u0219i i se va oferi un produs alternativ cu caracteristici similare, la acela\u0219i pre\u021b \u0219i calitate. Dac\u0103, chiar \u0219i a\u0219a, CLIENTUL nu este interesat s\u0103 accepte alternativa propus\u0103, MY SPAIN FOOD va proceda la rambursarea sumei deja pl\u0103tite \u0219i va informa CLIENTUL cu privire la procedurile \u0219i termenele de rambursare. Ca regul\u0103 general\u0103, termenul maxim de livrare la domiciliu va fi de 5 p\u00e2n\u0103 la 10 zile din momentul achizi\u021biei \u0219i din momentul \u00een care am confirmat plata, proces\u00e2nd comenzile primite \u00eenainte de ora 14:00 \u00een aceea\u0219i zi \u0219i \u00eentotdeauna \u00een zilele lucr\u0103toare pentru ora\u0219ul Madrid (SPANIA). Aceste termene de livrare sunt aproximative \u0219i \u00een niciun caz obligatorii pentru MY SPAIN FOOD. Livr\u0103rile vor fi efectuate \u00een zilele lucr\u0103toare (de luni p\u00e2n\u0103 vineri). Livrarea produsului achizi\u021bionat la domiciliu se va face de c\u0103tre transportator \u00eempreun\u0103 cu un bon de livrare la adresa indicat\u0103 pe formularul de comand\u0103 pe care clientul trebuie s\u0103 \u00eel semneze ca document de primire. De asemenea, CLIENTUL va fi informat \u00een mod corespunz\u0103tor \u00een cazul oric\u0103rui incident sau \u00eent\u00e2rziere \u00een livrare din orice motiv. \u00cen cazul \u00een care livrarea nu este posibil\u0103 la adresa indicat\u0103 din cauza absen\u021bei destinatarului, transportatorul va contacta direct CLIENTUL pentru a stabili fie o or\u0103 de livrare, fie ridicarea coletului la sucursala corespunz\u0103toare sau, \u00een orice caz, pentru a indica pa\u0219ii de urmat pentru ob\u021binerea produselor.<br\/>Dup\u0103 termenul limit\u0103, dac\u0103 comanda nu a fost ridicat\u0103, aceasta va fi returnat\u0103 depozitelor noastre \u0219i va fi trimis un e-mail \u00een care se va indica modul \u00een care se va efectua \u00een cele din urm\u0103 livrarea. \u00cen acest din urm\u0103 caz, costurile de expediere vor fi suportate de c\u0103tre CLIENT. Exist\u0103, de asemenea, posibilitatea de a ridica comanda \u00een magazin; dac\u0103 CLIENTUL alege aceast\u0103 op\u021biune, odat\u0103 efectuat\u0103 plata, comanda va fi preg\u0103tit\u0103. Odat\u0103 ce comanda a fost preg\u0103tit\u0103, \u00een termen de 24 p\u00e2n\u0103 la 48 de ore de la confirmarea comenzii, CLIENTUL va primi un e-mail prin care va fi informat c\u0103 comanda este preg\u0103tit\u0103 pentru ridicare \u0219i restul informa\u021biilor relevante. Dac\u0103 CLIENTUL alege aceast\u0103 metod\u0103 de livrare, acesta nu va suporta niciun cost de expediere sau transport. \u00cen cazul \u00een care CLIENTUL, dup\u0103 ce a ales s\u0103 ridice comanda \u00een magazin \u0219i dup\u0103 ce a fost trimis e-mailul prin care i se indic\u0103 faptul c\u0103 comanda este preg\u0103tit\u0103 pentru ridicare, nu vine \u00een termen de 48-72 de ore, \u00een func\u021bie de natura comenzii (produse fizice perisabile), CLIENTUL va pierde toate drepturile asupra achizi\u021biei efectuate. \u00cen cazul \u00een care produsele nu sunt de aceast\u0103 natur\u0103, perioada de colectare \u00een magazin va fi de 7 zile, iar \u00een caz de necolectare, vom contacta CLIENTUL pentru a proceda \u00een cele din urm\u0103 la livrarea comenzii.                 Pentru a fi informat \u00een orice moment cu privire la gestionarea achizi\u021biei dumneavoastr\u0103, ve\u021bi primi o notificare prin e-mail de confirmare a comenzii \u0219i a pl\u0103\u021bii. De asemenea, CLIENTUL poate verifica stadiul comenzii sale prin trimiterea unui e-mail la adresa hola@myspainfood.com. <\/p>\n\n<p>4. PLATA \u0218I TERMENII DE PLAT\u0102<br\/>Sunt acceptate urm\u0103toarele metode de plat\u0103:<br\/>- Card de credit \u0219i de debit. Tranzac\u021bia se face prin conectarea direct\u0103 la Stripe. <br\/>- GOOGLE PAY. Tranzac\u021bia este efectuat\u0103 prin conectarea direct\u0103 la Stripe. <br\/>- APPLE PAY. Tranzac\u021bia este efectuat\u0103 prin conectarea direct\u0103 la Stripe. <br\/>- Paypal. Conexiune direct\u0103 cu Paypal. <br\/>- Transfer bancar. Prin plata sumei totale a achizi\u021biei \u00een contul curent indicat. Dup\u0103 efectuarea pl\u0103\u021bii, ve\u021bi primi un e-mail de confirmare.<br\/>MY SPAIN FOOD nu va avea acces la detaliile cardului dvs. de credit. Toate sistemele noastre de plat\u0103 sunt complet sigure. Pl\u0103\u021bile sunt anterioare livr\u0103rii produsului sau prest\u0103rii serviciului, astfel \u00eenc\u00e2t MY SPAIN FOOD nu va furniza produsul solicitat p\u00e2n\u0103 la primirea pl\u0103\u021bii. MY SPAIN FOOD \u00ee\u0219i rezerv\u0103 dreptul de a anula temporar sau definitiv serviciile furnizate, \u00een cazul oric\u0103rui incident \u00een efectuarea pl\u0103\u021bii. CLIENTUL este informat c\u0103, \u00een ceea ce prive\u0219te pl\u0103\u021bile cu cardul, persoana responsabil\u0103 de opera\u021biuni va fi titularul cardului de credit sau de debit utilizat.      <\/p>\n\n<p>5. FACTURI<br\/>Ve\u021bi primi o factur\u0103 de cump\u0103rare prin e-mail \u00een momentul achizi\u021biei. Dac\u0103 dori\u021bi s\u0103 primi\u021bi o factur\u0103, trebuie s\u0103 contacta\u021bi Serviciul Clien\u021bi (hola@myspainfood.com) pentru a ne furniza datele fiscale necesare. CLIENTUL este responsabil s\u0103 confirme primirea notific\u0103rilor \u0219i s\u0103 ne informeze cu privire la orice modificare a datelor sale, LA MY SPAIN FOOD fiind exonerat\u0103 de orice r\u0103spundere care decurge din aceast\u0103 circumstan\u021b\u0103.  <\/p>\n\n<p>6. GARAN\u021aIE<br\/>La MY SPAIN FOOD ne str\u0103duim s\u0103 oferim servicii de cea mai \u00eenalt\u0103 calitate, de\u0219i, dat\u0103 fiind natura acestora (produse perisabile), oferim o garan\u021bie de satisfac\u021bie pentru majoritatea produselor noastre. \u00cen cazul \u00een care, din orice motiv, nu primi\u021bi produsul sau serviciul \u00een mod corect, trebuie s\u0103 ne informa\u021bi c\u00e2t mai cur\u00e2nd posibil cu privire la incident \u0219i vom \u00eencerca, dac\u0103 eroarea este verificat\u0103, s\u0103 o corect\u0103m c\u00e2t mai cur\u00e2nd posibil.<br\/>Toate produsele noastre neperisabile sunt supuse controalelor de calitate \u0219i sunt garantate \u00eempotriva defectelor de fabrica\u021bie pentru o perioad\u0103 de 2 ani de la data achizi\u021biei sau, \u00een caz contrar, de la data expir\u0103rii. Garan\u021bia acoper\u0103 orice defect de fabrica\u021bie, de proiectare sau de material, cu toate c\u0103 neconformitatea trebuie s\u0103 fie adus\u0103 la cuno\u0219tin\u021b\u0103 \u00een termen de 14 zile de la luarea la cuno\u0219tin\u021b\u0103 a acesteia. Garan\u021bia acoper\u0103 numai produsele defecte. Nu acoper\u0103 loviturile, utilizarea necorespunz\u0103toare sau altele care nu sunt atribuibile unui defect al furnizorului sau unui defect al produsului. \u00cen timpul perioadei de garan\u021bie, CLIENTUL poate returna produsul, iar noi \u00eel vom repara sau \u00eenlocui. Costurile de transport generate de return\u0103rile \u00een garan\u021bie NU vor fi suportate de c\u0103tre CLIENT. Documentul de garan\u021bie este factura de achizi\u021bie.       <\/p>\n\n<p>7. RETURN\u0102RI<br\/>Urm\u0103toarele condi\u021bii de returnare a produselor noastre nu se aplic\u0103 \u00een cazul exercit\u0103rii dreptului de retragere. Retururile sau schimburile de produse vor fi acceptate numai \u00een cazul unor defecte de fabrica\u021bie, deterior\u0103ri cauzate de transport sau erori de livrare. \u00cen orice caz, nu trebuie s\u0103 fi trecut mai mult de 14 zile de la primirea produsului, iar ambalajul \u0219i accesoriile trebuie s\u0103 fie incluse. Se verific\u0103 \u00een prealabil dac\u0103 este vorba despre un defect sau o anomalie de fabrica\u021bie sau de ambalare \u0219i nu din cauza utiliz\u0103rii, manipul\u0103rii sau depozit\u0103rii necorespunz\u0103toare sau neglijente. Acestea trebuie s\u0103 fie \u00eentotdeauna \u00eenso\u021bite de bonul de livrare sau de factura corespunz\u0103toare. At\u00e2t \u00een cazul return\u0103rii din cauza unui defect de fabrica\u021bie sau de ambalare, c\u00e2t \u0219i \u00een cazul unei erori \u00een comand\u0103, CLIENTULUI i se va oferi, dac\u0103 este posibil, \u00eenlocuirea acesteia cu o alt\u0103 alternativ\u0103, f\u0103r\u0103 costuri suplimentare \u0219i f\u0103r\u0103 dreptul, din partea CLIENTULUI, la niciun fel de desp\u0103gubire. Costurile generate de expedierea comenzii vor fi suportate de MY SPAIN FOOD. \u00cen orice caz, returnarea va fi \u00eentotdeauna supus\u0103 examin\u0103rii prealabile de c\u0103tre MY SPAIN FOOD a st\u0103rii produsului returnat \u0219i verific\u0103rii conformit\u0103\u021bii cu cerin\u021bele din prezentele condi\u021bii de v\u00e2nzare. Odat\u0103 ce returnarea a fost primit\u0103 \u0219i dac\u0103 este cazul, vom proceda la rambursarea sumei \u00eencasate \u00een termen de maximum 30 de zile \u0219i \u00een acelea\u0219i termene utilizate pentru efectuarea pl\u0103\u021bii. MY SPAIN FOOD \u00ee\u0219i rezerv\u0103 dreptul de a refuza return\u0103rile comunicate sau trimise dup\u0103 termenul limit\u0103 sau produsele care nu sunt \u00een aceea\u0219i stare \u00een care au fost primite. Return\u0103rile vor fi gestionate prin trimiterea unui e-mail la adresa hola@myspainfood.es cu o descriere a motivelor \u0219i a motivelor invocate pentru returnare. De asemenea, va fi necesar s\u0103 se indice numele \u0219i prenumele \u0219i num\u0103rul de referin\u021b\u0103 al comenzii. Odat\u0103 ce cererea a fost primit\u0103, o vom procesa \u00een timp util.            <\/p>\n\n<p>8. DREPTUL DE RETRACERE<br\/>Av\u00e2nd \u00een vedere natura produsului (produs perisabil) \u0219i condi\u021biile sale de conservare \u0219i \u00een conformitate cu articolul 103 literele d \u0219i e din Decretul-lege regal 1\/2007, din 16 noiembrie, pentru ap\u0103rarea consumatorilor \u0219i utilizatorilor, dreptul de retragere nu este aplicabil prezentului contract. Pentru orice produs care nu este considerat perisabil (art. 103.d) \u0219i cu condi\u021bia ca acesta s\u0103 nu fi fost desigilat (art. 103.e), ave\u021bi dreptul de a v\u0103 retrage din prezentul contract \u00een termen de 14 zile calendaristice, f\u0103r\u0103 a fi necesar\u0103 o justificare. Perioada de retragere expir\u0103 la 14 zile calendaristice de la data \u00eencheierii contractului. Pentru a v\u0103 exercita dreptul de retragere, trebuie s\u0103 ne notifica\u021bi la MY SPAIN FOOD c\/ Luis I 60, s\u00f3tano, nave 27 , 28031, Madrid, Spania e-mail: hola@myspainfood.com, decizia dumneavoastr\u0103 de a v\u0103 retrage din contract prin intermediul unei declara\u021bii f\u0103r\u0103 echivoc (de exemplu, o scrisoare trimis\u0103 prin po\u0219t\u0103, fax sau e-mail). Pute\u021bi utiliza modelul de formular de retragere de mai jos, de\u0219i utilizarea acestuia nu este obligatorie. Model de formular de retragere \u00cen aten\u021bia MY SPAIN FOOD c\/ Luis I 60, s\u00f3tano, nave 27 MADRID (28031) Spania hola@myspainfood.com Prin prezenta v\u0103 informez c\u0103 m\u0103 retrag din contractul de v\u00e2nzare a urm\u0103toarelor bunuri: Primit\/Comandat la: Numele consumatorului: Semn\u0103tura consumatorului Data Pentru a respecta termenul de retragere, este suficient ca comunicarea privind exercitarea acestui drept s\u0103 fie trimis\u0103 \u00eenainte de expirarea termenului de retragere.     <br\/>Consecin\u021bele retragerii:<br\/>\u00cen cazul retragerii din partea dumneavoastr\u0103, v\u0103 vom rambursa toate pl\u0103\u021bile primite de la dumneavoastr\u0103, f\u0103r\u0103 \u00eent\u00e2rzieri nejustificate \u0219i, \u00een orice caz, nu mai t\u00e2rziu de 14 zile calendaristice de la data la care suntem informa\u021bi de decizia dumneavoastr\u0103 de a v\u0103 retrage din prezentul contract. CLIENTUL suport\u0103 costul direct al return\u0103rii bunurilor, costul colect\u0103rii fiind dedus din rambursare, cu excep\u021bia cazului \u00een care calitatea este defect\u0103 sau a unei erori de expediere din partea noastr\u0103. Vom proceda la efectuarea acestei ramburs\u0103ri folosind acela\u0219i mijloc de plat\u0103 utilizat de dumneavoastr\u0103 pentru tranzac\u021bia ini\u021bial\u0103, cu excep\u021bia cazului \u00een care a\u021bi prev\u0103zut \u00een mod expres altfel; \u00een orice caz, nu ve\u021bi suporta niciun cost ca urmare a ramburs\u0103rii. Dup\u0103 notificarea cererii de retragere, trebuie s\u0103 ne returna\u021bi sau s\u0103 ne preda\u021bi bunurile direct, f\u0103r\u0103 \u00eent\u00e2rzieri nejustificate \u0219i, \u00een orice caz, nu mai t\u00e2rziu de 14 zile calendaristice de la data la care ne comunica\u021bi decizia dumneavoastr\u0103 de a v\u0103 retrage din contract. Se consider\u0103 c\u0103 termenul a fost respectat dac\u0103 returna\u021bi bunurile \u00eenainte de expirarea termenului. Bunurile care urmeaz\u0103 s\u0103 fie returnate trebuie s\u0103 fie \u00een stare perfect\u0103, s\u0103 nu fie deteriorate, deformate sau s\u0103 prezinte semne de uzur\u0103, zg\u00e2rieturi sau pete. Ve\u021bi fi r\u0103spunz\u0103tor pentru orice diminuare a valorii bunurilor rezultat\u0103 \u00een urma manipul\u0103rii, alta dec\u00e2t cea necesar\u0103 pentru a stabili natura, caracteristicile \u0219i func\u021bionarea bunurilor.      <\/p>\n\n<p>9. PERFEC\u021aIONAREA CONTRACTULUI \u0218I MODIFIC\u0102RILE SERVICIILOR<br\/>Prezentul contract va fi perfectat odat\u0103 cu plata produsului \u0219i trimiterea c\u0103tre CLIENT a unui e-mail de confirmare cu o descriere a achizi\u021biei efectuate.<br\/>MY SPAIN FOOD \u00ee\u0219i rezerv\u0103 dreptul de a modifica \u00een orice mod caracteristicile \u0219i condi\u021biile serviciilor sale, \u00eentotdeauna cu scopul de a le \u00eembun\u0103t\u0103\u021bi \u0219i \u00een beneficiul CLIENTULUI.<\/p>\n\n<p>10. OBLIGA\u021aIILE P\u0102R\u021aILOR<br\/>MY SPAIN FOOD se angajeaz\u0103 s\u0103 furnizeze CLIENTULUI produsele \u0219i serviciile care au fost contractate, aplic\u00e2nd diligen\u021ba maxim\u0103 \u00een prestarea serviciului, precum \u0219i s\u0103 se ocupe de \u00eentre\u021binerea instala\u021biilor necesare func\u021bion\u0103rii re\u021belei, dispun\u00e2nd de echipamentele tehnice \u0219i informatice corespunz\u0103toare \u0219i s\u0103 gestioneze opera\u021biunile de logistic\u0103, expediere \u0219i livrare a achizi\u021biei efectuate prin intermediul transportatorului.<br\/>CLIENTUL se angajeaz\u0103 s\u0103 utilizeze serviciile puse la dispozi\u021bie cu bun\u0103-credin\u021b\u0103, f\u0103r\u0103 a \u00eenc\u0103lca legea \u00een nicio privin\u021b\u0103 \u0219i f\u0103r\u0103 a \u00eenc\u0103lca drepturile ter\u021bilor, precum \u0219i plata produsului selectat \u00een termenul \u0219i modul stabilite \u00een prezentele condi\u021bii de v\u00e2nzare \u0219i primirea acestuia la locul indicat pentru livrare. MY SPAIN FOOD nu garanteaz\u0103 c\u0103 disponibilitatea serviciului care face obiectul prezentului contract va fi continu\u0103 \u0219i ne\u00eentrerupt\u0103, din cauza unor circumstan\u021be cauzate de probleme \u00een re\u021beaua de internet, defec\u021biuni ale dispozitivelor informatice \u0219i alte circumstan\u021be imprevizibile. Prin urmare, CLIENTUL se angajeaz\u0103 s\u0103 suporte aceste circumstan\u021be \u00een limite rezonabile \u0219i, prin urmare, renun\u021b\u0103 \u00een mod expres la orice r\u0103spundere contractual\u0103 sau extracontractual\u0103 fa\u021b\u0103 de LA MY SPAIN FOOD pentru eventualele defec\u021biuni, erori \u0219i utilizarea serviciului contractat.  <\/p>\n\n<p>11. COMUNIC\u0102RI<br\/>Toate notific\u0103rile dintre p\u0103r\u021bi se vor face de preferin\u021b\u0103 prin e-mail. CLIENTUL este responsabil pentru confirmarea primirii notific\u0103rilor \u0219i pentru notificarea MY SPAIN FOOD cu privire la orice modificare a datelor sale, fiind exonerat de orice r\u0103spundere care decurge din aceast\u0103 \u00eemprejurare. \u00cen caz de modificare, CLIENTUL trebuie s\u0103 notifice MY SPAIN FOOD prin e-mail sau la numerele de telefon indicate pe site-ul nostru. \u00cen conformitate cu articolul 21 din Legea 34\/2002 a serviciilor societ\u0103\u021bii informa\u021bionale \u0219i a comer\u021bului electronic, v\u0103 inform\u0103m c\u0103 trimiterile noastre comerciale \u0219i informa\u021biile referitoare la site-ul nostru \u0219i la produsele oferite pe acesta, vor fi trimise prin e-mail la adresa de e-mail pe care o furniza\u021bi, \u00eentotdeauna revocabil\u0103. \u00cen orice caz, ave\u021bi op\u021biunea de a respinge comunic\u0103rile noastre comerciale prin trimiterea unui e-mail la adresa hola@myspainfood.com, indic\u00e2nd cuv\u00e2ntul UNSUBSCRIBE \u00een linia de subiect.    <\/p>\n\n<p>12. ANGAJAREA, ACCEPTAREA \u0218I VALABILITATEA CONTRACTULUI<br\/>CLIENTUL recunoa\u0219te c\u0103 a citit \u0219i acceptat condi\u021biile legale de utilizare \u0219i politica de confiden\u021bialitate a site-ului. CLIENTUL recunoa\u0219te c\u0103 a \u00een\u021beles toate informa\u021biile referitoare la produsele \u0219i serviciile, inclusiv, dup\u0103 caz, livrarea, oferite pe site-ul nostru, precum \u0219i toate condi\u021biile \u0219i clauzele cuprinse \u00een prezentul contract electronic \u0219i, prin urmare, declar\u0103 c\u0103 acestea sunt suficiente pentru excluderea erorii \u00een consim\u021b\u0103m\u00e2ntul la prezentul contract \u0219i, prin urmare, le accept\u0103 pe deplin \u0219i \u00een mod expres. CLIENTUL este pe deplin con\u0219tient de faptul c\u0103 acceptarea \u0219i executarea prezentului contract va avea loc prin furnizarea datelor sale \u0219i f\u0103c\u00e2nd clic pe butonul &#8222;Cump\u0103ra\u021bi&#8221; indicat pe site-ul nostru \u0219i va fi finalizat\u0103 cu plata serviciului.  <\/p>\n\n<p>13. MINORI SUB 18 ANI<br\/>MY SPAIN FOOD se angajeaz\u0103 s\u0103 nu permit\u0103 nicio tranzac\u021bie care este ilegal\u0103 sau care este considerat\u0103 de m\u0103rcile de carduri de credit sau de banca achizitoare ca put\u00e2nd sau av\u00e2nd poten\u021bialul de a afecta fondul de comer\u021b al acestora sau de a le influen\u021ba negativ. Programele m\u0103rcilor de carduri interzic urm\u0103toarele activit\u0103\u021bi: v\u00e2nzarea sau oferirea unui produs sau serviciu care nu respect\u0103 pe deplin toate legile aplicabile achizitorului, b\u0103ncii emitente, comerciantului, titularului de card sau cardurilor. \u00cen plus, urm\u0103toarele activit\u0103\u021bi sunt, de asemenea, interzise \u00een mod explicit: &#8222;v\u00e2nzarea de b\u0103uturi alcoolice persoanelor sub 18 ani&#8221;.  <\/p>\n\n<p>14. LEGEA APLICABIL\u0102<br\/>Prezentul contract este de natur\u0103 comercial\u0103 \u0219i va fi reglementat \u0219i interpretat \u00een conformitate cu legisla\u021bia spaniol\u0103. \u00cen cazul oric\u0103rei discrepan\u021be sau diferende \u00eentre p\u0103r\u021bi \u00een leg\u0103tur\u0103 cu interpretarea, con\u021binutul sau executarea contractului care nu este rezolvat\u0103 de comun acord, p\u0103r\u021bile se vor supune instan\u021belor judec\u0103tore\u0219ti competente \u00een fiecare caz \u0219i, \u00een cazurile \u00een care se prevede c\u0103 p\u0103r\u021bile se pot supune unei jurisdic\u021bii, acestea se vor supune instan\u021belor judec\u0103tore\u0219ti din Madrid, renun\u021b\u00e2nd \u00een mod expres la orice alt\u0103 jurisdic\u021bie care le-ar putea corespunde. De asemenea, punem la dispozi\u021bia clien\u021bilor no\u0219tri urm\u0103torul link pentru a accesa platforma online oficial\u0103 a Comisiei Europene pentru solu\u021bionarea litigiilor: https:\/\/ec.europa.eu\/consumers\/odr\/main\/index.cfm?event=main.home2.show&amp;lng=ES  <\/p>\n\n<p>15. DATE PERSONALE<br\/>A se vedea Politica de confiden\u021bialitate. Aten\u021bie: Ace\u0219ti Termeni \u0219i condi\u021bii generale au fost actualiza\u021bi la 29\/7\/2021. Le putem modifica \u00een orice moment, precum \u0219i lista de pre\u021buri \u0219i produse oferite. V\u0103 rug\u0103m s\u0103 verifica\u021bi data emiterii de fiecare dat\u0103 c\u00e2nd accesa\u021bi site-ul nostru pentru a v\u0103 asigura c\u0103 nu au existat modific\u0103ri care v\u0103 pot afecta.   <\/p>\n","protected":false},"excerpt":{"rendered":"<p>Prezentul acord reglementeaz\u0103 condi\u021biile generale de cump\u0103rare a diferitelor produse \u0219i servicii oferite pe acest site de c\u0103tre SAMI SUMINISTROS HOSTELEROS, S. L. (denumit\u0103 \u00een continuare MY SPAIN FOOD) cu NIF B84614064 \u0219i adresa c\/ Luis i 60, sotano, nave 27. 28031 Madrid, Spania. Madrid, Spania.\u00cen momentul \u00een care CLIENTUL finalizeaz\u0103 procesul de \u00eenregistrare \u0219i [&hellip;]<\/p>\n","protected":false},"author":1,"featured_media":0,"parent":0,"menu_order":0,"comment_status":"closed","ping_status":"closed","template":"","meta":{"_et_pb_use_builder":"","_et_pb_old_content":"","_et_gb_content_width":"","footnotes":""},"class_list":["post-16496","page","type-page","status-publish","hentry"],"_links":{"self":[{"href":"https:\/\/myspainfood.com\/ro\/wp-json\/wp\/v2\/pages\/16496","targetHints":{"allow":["GET"]}}],"collection":[{"href":"https:\/\/myspainfood.com\/ro\/wp-json\/wp\/v2\/pages"}],"about":[{"href":"https:\/\/myspainfood.com\/ro\/wp-json\/wp\/v2\/types\/page"}],"author":[{"embeddable":true,"href":"https:\/\/myspainfood.com\/ro\/wp-json\/wp\/v2\/users\/1"}],"replies":[{"embeddable":true,"href":"https:\/\/myspainfood.com\/ro\/wp-json\/wp\/v2\/comments?post=16496"}],"version-history":[{"count":1,"href":"https:\/\/myspainfood.com\/ro\/wp-json\/wp\/v2\/pages\/16496\/revisions"}],"predecessor-version":[{"id":16499,"href":"https:\/\/myspainfood.com\/ro\/wp-json\/wp\/v2\/pages\/16496\/revisions\/16499"}],"wp:attachment":[{"href":"https:\/\/myspainfood.com\/ro\/wp-json\/wp\/v2\/media?parent=16496"}],"curies":[{"name":"wp","href":"https:\/\/api.w.org\/{rel}","templated":true}]}}