{"id":17028,"date":"2025-04-10T12:05:09","date_gmt":"2025-04-10T10:05:09","guid":{"rendered":"https:\/\/myspainfood.com\/producto\/kimbos-gordal-gordal-masline-si-castravete-900-gr-chicon\/"},"modified":"2025-09-06T14:15:55","modified_gmt":"2025-09-06T12:15:55","slug":"kimbos-gordal-gordal-masline-si-castravete-900-gr-chicon","status":"publish","type":"product","link":"https:\/\/myspainfood.com\/ro\/producto\/kimbos-gordal-gordal-masline-si-castravete-900-gr-chicon\/","title":{"rendered":"Kimbos Gordal - gordal m\u0103sline \u0219i castravete 900 gr Chic\u00f3n"},"content":{"rendered":"<h3>De ce s\u0103 folosi\u021bi m\u0103slinele Kimbos Gordal umplute cu castravete?<\/h3>\n<p>Kimbos Gordal este o variant\u0103 a uneia dintre cele mai populare m\u0103sline umplute at\u00e2t \u00een Spania, c\u00e2t \u0219i \u00een str\u0103in\u0103tate.<\/p>\n<p>Una dintre particularit\u0103\u021bile sale este dimensiunea, deoarece este de obicei mai mare dec\u00e2t alte soiuri.<\/p>\n<p>Acest lucru \u00eel face o m\u0103slin\u0103 ideal\u0103 pentru a servi la mas\u0103 umplut\u0103 cu diferite tipuri de alimente, cum ar fi an\u0219oa, castrave\u021bi sau ardei, de exemplu.<\/p>\n<p>Numele &#8222;Aceituna Gordal&#8221; provine de la m\u0103rimea sa.<\/p>\n<p>Se poate spune c\u0103 este destul de atractiv \u0219i atr\u0103g\u0103tor.<\/p>\n<p>De\u0219i \u00ee\u0219i are originea \u00een <a href=\"https:\/\/aceitunaschiconlebron.com\/catalogo\/aceituna-gordal-rellena-de-pepinillo\/\" target=\"_blank\" rel=\"noopener noreferrer nofollow\">Andaluzia<\/a>, consumul de m\u0103sline Gordal umplute cu corni\u0219on s-a r\u0103sp\u00e2ndit \u00een Statele Unite, fiind locul \u00een care a devenit cel mai r\u0103sp\u00e2ndit \u00een afara Spaniei.<\/p>\n<p>Dac\u0103 dori\u021bi s\u0103 cump\u0103ra\u021bi m\u0103sline sau orice alt tip de <a href=\"https:\/\/latiendadesami.com\/categoria-producto\/encurtidos\/\" rel=\"noopener noreferrer nofollow\" target=\"_blank\">m\u00e2ncare murat\u0103<\/a>, nu ezita\u021bi s\u0103 arunca\u021bi o privire la catalogul nostru online pentru a vedea varietatea larg\u0103 de <a href=\"https:\/\/latiendadesami.com\/categoria-producto\/encurtidos\/aceitunas\/\" target=\"_blank\" rel=\"noopener noreferrer nofollow\">m\u0103sline<\/a> pe care o avem.<\/p>\n","protected":false},"excerpt":{"rendered":"<p>De ce s\u0103 folosi\u021bi m\u0103slinele Kimbos Gordal umplute cu castravete? Kimbos Gordal este o variant\u0103 a uneia dintre cele mai populare m\u0103sline umplute at\u00e2t \u00een Spania, c\u00e2t \u0219i \u00een str\u0103in\u0103tate. Una dintre particularit\u0103\u021bile sale este dimensiunea, deoarece este de obicei mai mare dec\u00e2t alte soiuri. Acest lucru \u00eel face o m\u0103slin\u0103 ideal\u0103 pentru a servi [&hellip;]<\/p>\n","protected":false},"featured_media":7106,"template":"","meta":{"_et_pb_use_builder":"","_et_pb_old_content":"","_et_gb_content_width":""},"product_brand":[1036],"product_cat":[1600,1598],"product_tag":[1602,1604],"class_list":{"0":"post-17028","1":"product","2":"type-product","3":"status-publish","4":"has-post-thumbnail","6":"product_brand-chicon","7":"product_cat-masline","8":"product_cat-muraturi","9":"product_tag-gordal-ro","10":"product_tag-kimbo-ro","12":"first","13":"instock","14":"taxable","15":"shipping-taxable","16":"purchasable","17":"product-type-variable"},"_links":{"self":[{"href":"https:\/\/myspainfood.com\/ro\/wp-json\/wp\/v2\/product\/17028","targetHints":{"allow":["GET"]}}],"collection":[{"href":"https:\/\/myspainfood.com\/ro\/wp-json\/wp\/v2\/product"}],"about":[{"href":"https:\/\/myspainfood.com\/ro\/wp-json\/wp\/v2\/types\/product"}],"wp:featuredmedia":[{"embeddable":true,"href":"https:\/\/myspainfood.com\/ro\/wp-json\/wp\/v2\/media\/7106"}],"wp:attachment":[{"href":"https:\/\/myspainfood.com\/ro\/wp-json\/wp\/v2\/media?parent=17028"}],"wp:term":[{"taxonomy":"product_brand","embeddable":true,"href":"https:\/\/myspainfood.com\/ro\/wp-json\/wp\/v2\/product_brand?post=17028"},{"taxonomy":"product_cat","embeddable":true,"href":"https:\/\/myspainfood.com\/ro\/wp-json\/wp\/v2\/product_cat?post=17028"},{"taxonomy":"product_tag","embeddable":true,"href":"https:\/\/myspainfood.com\/ro\/wp-json\/wp\/v2\/product_tag?post=17028"}],"curies":[{"name":"wp","href":"https:\/\/api.w.org\/{rel}","templated":true}]}}