{"id":17038,"date":"2025-04-10T12:05:09","date_gmt":"2025-04-10T10:05:09","guid":{"rendered":"https:\/\/myspainfood.com\/producto\/partidul-obregon\/"},"modified":"2025-05-08T20:42:27","modified_gmt":"2025-05-08T18:42:27","slug":"partidul-obregon","status":"publish","type":"product","link":"https:\/\/myspainfood.com\/ro\/producto\/partidul-obregon\/","title":{"rendered":"Partidul Obreg\u00f3n"},"content":{"rendered":"<p>M\u0103slinele Chic\u00f3n Lebr\u00f3n sunt produse, condimentate \u0219i ambalate \u00een Antequera (Malaga), sunt recoltate manual \u0219i sunt renumite pentru calitatea \u0219i aroma lor incomparabil\u0103.<\/p>\n","protected":false},"excerpt":{"rendered":"<p>m\u0103sline obregon split<\/p>\n","protected":false},"featured_media":7169,"template":"","meta":{"_et_pb_use_builder":"","_et_pb_old_content":"","_et_gb_content_width":""},"product_brand":[1036],"product_cat":[1600,1598],"product_tag":[1606,1607],"class_list":{"0":"post-17038","1":"product","2":"type-product","3":"status-publish","4":"has-post-thumbnail","6":"product_brand-chicon","7":"product_cat-masline","8":"product_cat-muraturi","9":"product_tag-obregon-ro","10":"product_tag-partidul","12":"first","13":"outofstock","14":"taxable","15":"shipping-taxable","16":"product-type-variable"},"_links":{"self":[{"href":"https:\/\/myspainfood.com\/ro\/wp-json\/wp\/v2\/product\/17038","targetHints":{"allow":["GET"]}}],"collection":[{"href":"https:\/\/myspainfood.com\/ro\/wp-json\/wp\/v2\/product"}],"about":[{"href":"https:\/\/myspainfood.com\/ro\/wp-json\/wp\/v2\/types\/product"}],"wp:featuredmedia":[{"embeddable":true,"href":"https:\/\/myspainfood.com\/ro\/wp-json\/wp\/v2\/media\/7169"}],"wp:attachment":[{"href":"https:\/\/myspainfood.com\/ro\/wp-json\/wp\/v2\/media?parent=17038"}],"wp:term":[{"taxonomy":"product_brand","embeddable":true,"href":"https:\/\/myspainfood.com\/ro\/wp-json\/wp\/v2\/product_brand?post=17038"},{"taxonomy":"product_cat","embeddable":true,"href":"https:\/\/myspainfood.com\/ro\/wp-json\/wp\/v2\/product_cat?post=17038"},{"taxonomy":"product_tag","embeddable":true,"href":"https:\/\/myspainfood.com\/ro\/wp-json\/wp\/v2\/product_tag?post=17038"}],"curies":[{"name":"wp","href":"https:\/\/api.w.org\/{rel}","templated":true}]}}