{"id":17062,"date":"2025-04-10T12:05:09","date_gmt":"2025-04-10T10:05:09","guid":{"rendered":"https:\/\/myspainfood.com\/producto\/partida-de-la-abuela-900-g-chicon\/"},"modified":"2026-01-29T11:28:54","modified_gmt":"2026-01-29T10:28:54","slug":"partida-de-la-abuela-900-g-chicon","status":"publish","type":"product","link":"https:\/\/myspainfood.com\/ro\/producto\/partida-de-la-abuela-900-g-chicon\/","title":{"rendered":"Partida de la Abuela 900 gr Chicon"},"content":{"rendered":"<p>Beneficiile m\u0103slinelor despicate de bunica Chicon<\/p>\n<p>Beneficiile m\u0103slinelor sparte de bunica sunt numeroase \u0219i, \u00een afar\u0103 de aroma lor extraordinar\u0103, propriet\u0103\u021bile lor sunt, de asemenea, foarte benefice pentru s\u0103n\u0103tate.<\/p>\n<p>Acestea reduc colesterolul. Datorit\u0103 acidului oleic, m\u0103slinele despicate ale bunicii ajut\u0103 la men\u021binerea colesterolului la distan\u021b\u0103. <\/p>\n<p>Ajut\u0103 la digestie. Datorit\u0103 con\u021binutului lor ridicat de fibre, aceste m\u0103sline ajut\u0103 la eliminarea toxinelor \u0219i \u00eembun\u0103t\u0103\u021besc digestia general\u0103. <\/p>\n<p>Beneficii pentru piele. Vitaminele A \u0219i E sunt bune pentru piele \u0219i au beneficii anti-\u00eemb\u0103tr\u00e2nire. <\/p>\n<p>Ele furnizeaz\u0103 energie. Sunt bogate \u00een fier, care ajut\u0103 la sintetizarea carnitinei \u0219i la producerea de energie. <\/p>\n<p>Cump\u0103ra\u021bi-v\u0103 m\u0103slinele de la petrecerea bunicii<\/p>\n<p>M\u0103slinele bunicii se remarc\u0103 prin aroma lor dulce, dar intens\u0103, precum \u0219i prin condimentul lor caracteristic, care este creat folosind condimente naturale.<\/p>\n<p>Dup\u0103 ce au fost conservate timp de 5 ani, fructele m\u0103slinului sunt macerate p\u00e2n\u0103 c\u00e2nd ajung la textura pl\u0103cut\u0103 a <a href=\"https:\/\/latiendadesami.com\/categoria-producto\/encurtidos\/\" target=\"_blank\" rel=\"noopener noreferrer nofollow\">&#8222;Encurtidos Aceitunas de la Abuela&#8221; ( Mur\u0103turile<\/a> de m\u0103sline ale bunicii).<\/p>\n<p>Aceste m\u0103sline \u00eentregi, cu pulp\u0103 ferm\u0103, u\u0219or zdrobite \u0219i <a href=\"https:\/\/es.wikipedia.org\/wiki\/Aceitunas_ali%C3%B1adas\" target=\"_blank\" rel=\"noopener noreferrer nofollow\">condimentate<\/a> conform re\u021betei bunicii, sunt rezultatul unei lungi tradi\u021bii familiale, originare din Antequera, Malaga.<\/p>\n","protected":false},"excerpt":{"rendered":"<p>Beneficiile m\u0103slinelor despicate de bunica Chicon Beneficiile m\u0103slinelor sparte de bunica sunt numeroase \u0219i, \u00een afar\u0103 de aroma lor extraordinar\u0103, propriet\u0103\u021bile lor sunt, de asemenea, foarte benefice pentru s\u0103n\u0103tate. Acestea reduc colesterolul. Datorit\u0103 acidului oleic, m\u0103slinele despicate ale bunicii ajut\u0103 la men\u021binerea colesterolului la distan\u021b\u0103. Ajut\u0103 la digestie. Datorit\u0103 con\u021binutului lor ridicat de fibre, aceste [&hellip;]<\/p>\n","protected":false},"featured_media":6998,"template":"","meta":{"_et_pb_use_builder":"","_et_pb_old_content":"","_et_gb_content_width":""},"product_brand":[1036],"product_cat":[1600,1598],"product_tag":[1626,1623],"class_list":{"0":"post-17062","1":"product","2":"type-product","3":"status-publish","4":"has-post-thumbnail","6":"product_brand-chicon","7":"product_cat-masline","8":"product_cat-muraturi","9":"product_tag-articolul","10":"product_tag-bunica","12":"first","13":"instock","14":"featured","15":"taxable","16":"shipping-taxable","17":"purchasable","18":"product-type-variable"},"_links":{"self":[{"href":"https:\/\/myspainfood.com\/ro\/wp-json\/wp\/v2\/product\/17062","targetHints":{"allow":["GET"]}}],"collection":[{"href":"https:\/\/myspainfood.com\/ro\/wp-json\/wp\/v2\/product"}],"about":[{"href":"https:\/\/myspainfood.com\/ro\/wp-json\/wp\/v2\/types\/product"}],"wp:featuredmedia":[{"embeddable":true,"href":"https:\/\/myspainfood.com\/ro\/wp-json\/wp\/v2\/media\/6998"}],"wp:attachment":[{"href":"https:\/\/myspainfood.com\/ro\/wp-json\/wp\/v2\/media?parent=17062"}],"wp:term":[{"taxonomy":"product_brand","embeddable":true,"href":"https:\/\/myspainfood.com\/ro\/wp-json\/wp\/v2\/product_brand?post=17062"},{"taxonomy":"product_cat","embeddable":true,"href":"https:\/\/myspainfood.com\/ro\/wp-json\/wp\/v2\/product_cat?post=17062"},{"taxonomy":"product_tag","embeddable":true,"href":"https:\/\/myspainfood.com\/ro\/wp-json\/wp\/v2\/product_tag?post=17062"}],"curies":[{"name":"wp","href":"https:\/\/api.w.org\/{rel}","templated":true}]}}