{"id":17970,"date":"2025-04-10T12:14:40","date_gmt":"2025-04-10T10:14:40","guid":{"rendered":"https:\/\/myspainfood.com\/producto\/almejon-migdale-de-mare-natural-estela-do-mar-111-gr\/"},"modified":"2026-01-20T13:35:53","modified_gmt":"2026-01-20T12:35:53","slug":"almejon-migdale-de-mare-natural-estela-do-mar-111-gr","status":"publish","type":"product","link":"https:\/\/myspainfood.com\/ro\/producto\/almejon-migdale-de-mare-natural-estela-do-mar-111-gr\/","title":{"rendered":"Almej\u00f3n (Migdale de mare) natural Estela do Mar 111 gr"},"content":{"rendered":"<p>Descoperi\u021bi gustul autentic al m\u0103rii cu <strong>Estela do Mar Natural Almej\u00f3n<\/strong>. Aceast\u0103 alun\u0103 de mare \u00een conserv\u0103 de 111 grame cap\u0103t\u0103 toat\u0103 prospe\u021bimea \u0219i puritatea celor mai bune scoici, f\u0103r\u0103 aditivi sau conservan\u021bi. Perfect\u0103 pentru cei care caut\u0103 fructe de mare naturale \u0219i de \u00eenalt\u0103 calitate, aceast\u0103 scoic\u0103 este ideal\u0103 pentru a fi savurat\u0103 ca atare sau \u00een re\u021betele dvs. preferate, oferind o textur\u0103 fraged\u0103 \u0219i o arom\u0103 intens\u0103.  <\/p>\n<p>Bogat\u0103 \u00een proteine, omega-3 \u0219i minerale esen\u021biale, <strong>scoica natural\u0103 Estela do Mar<\/strong> este o op\u021biune nutritiv\u0103 pentru orice diet\u0103. Ad\u0103uga\u021bi o not\u0103 gourmet \u0219i s\u0103n\u0103toas\u0103 m\u00e2nc\u0103rurilor dvs. \u0219i explora\u021bi mai multe op\u021biuni \u00een <a target=\"_new\" rel=\"noopener\">sec\u021biunea<\/a> noastr\u0103 de fructe de mare sau verifica\u021bi beneficiile fructelor de mare proaspete \u00een site-uri de referin\u021b\u0103, cum ar fi <a href=\"https:\/\/www.fen.org.es\" target=\"_new\" rel=\"noopener noreferrer nofollow\" target=\"_blank\">Funda\u021bia spaniol\u0103 de nutri\u021bie<\/a>. <\/p>\n<p>Ad\u0103uga\u021bi scoica Estela do Mar la mesele dvs. \u0219i bucura\u021bi-v\u0103 de o atingere gourmet!<\/p>\n<p><span class=\"BxUVEf ILfuVd\" lang=\"es\"><span class=\"hgKElc\"> <\/span><\/span><\/p>\n","protected":false},"excerpt":{"rendered":"<p>Descoperi\u021bi gustul autentic al m\u0103rii cu Estela do Mar Natural Almej\u00f3n. Aceast\u0103 alun\u0103 de mare \u00een conserv\u0103 de 111 grame cap\u0103t\u0103 toat\u0103 prospe\u021bimea \u0219i puritatea celor mai bune scoici, f\u0103r\u0103 aditivi sau conservan\u021bi. Perfect\u0103 pentru cei care caut\u0103 fructe de mare naturale \u0219i de \u00eenalt\u0103 calitate, aceast\u0103 scoic\u0103 este ideal\u0103 pentru a fi savurat\u0103 ca [&hellip;]<\/p>\n","protected":false},"featured_media":14954,"template":"","meta":{"_et_pb_use_builder":"","_et_pb_old_content":"","_et_gb_content_width":""},"product_brand":[1469],"product_cat":[1975,1976],"product_tag":[],"class_list":{"0":"post-17970","1":"product","2":"type-product","3":"status-publish","4":"has-post-thumbnail","6":"product_brand-estela-do-mar","7":"product_cat-conserve-ro","8":"product_cat-scoici","10":"first","11":"outofstock","12":"taxable","13":"shipping-taxable","14":"product-type-variable"},"_links":{"self":[{"href":"https:\/\/myspainfood.com\/ro\/wp-json\/wp\/v2\/product\/17970","targetHints":{"allow":["GET"]}}],"collection":[{"href":"https:\/\/myspainfood.com\/ro\/wp-json\/wp\/v2\/product"}],"about":[{"href":"https:\/\/myspainfood.com\/ro\/wp-json\/wp\/v2\/types\/product"}],"wp:featuredmedia":[{"embeddable":true,"href":"https:\/\/myspainfood.com\/ro\/wp-json\/wp\/v2\/media\/14954"}],"wp:attachment":[{"href":"https:\/\/myspainfood.com\/ro\/wp-json\/wp\/v2\/media?parent=17970"}],"wp:term":[{"taxonomy":"product_brand","embeddable":true,"href":"https:\/\/myspainfood.com\/ro\/wp-json\/wp\/v2\/product_brand?post=17970"},{"taxonomy":"product_cat","embeddable":true,"href":"https:\/\/myspainfood.com\/ro\/wp-json\/wp\/v2\/product_cat?post=17970"},{"taxonomy":"product_tag","embeddable":true,"href":"https:\/\/myspainfood.com\/ro\/wp-json\/wp\/v2\/product_tag?post=17970"}],"curies":[{"name":"wp","href":"https:\/\/api.w.org\/{rel}","templated":true}]}}