{"id":18021,"date":"2025-04-10T12:05:44","date_gmt":"2025-04-10T10:05:44","guid":{"rendered":"https:\/\/myspainfood.com\/producto\/castravete-umplute-cu-musetel-3-8kg-kimbitos\/"},"modified":"2025-09-24T21:44:44","modified_gmt":"2025-09-24T19:44:44","slug":"castravete-umplute-cu-musetel-3-8kg-kimbitos","status":"publish","type":"product","link":"https:\/\/myspainfood.com\/ro\/producto\/castravete-umplute-cu-musetel-3-8kg-kimbitos\/","title":{"rendered":"Castravete umplute cu mu\u0219e\u021bel 3.8kg Kimbitos"},"content":{"rendered":"<p>Castrave\u021bi umplu\u021bi cu Manzanilla 3.8kg Kimbitos este o gustare \u00een care g\u0103sim m\u0103slinele tradi\u021bionale <a href=\"https:\/\/www.laencajera.es\/encurtidos-de-almagro\" target=\"_blank\" rel=\"noopener noreferrer nofollow\">Manzanilla<\/a> umplute cu castravete.<\/p>\n<p>Un acompaniament ideal pentru m\u00e2nc\u0103rurile tradi\u021bionale.<\/p>\n<p>Kimbitos este numele sub care cunoa\u0219tem, \u00een anumite p\u0103r\u021bi ale Spaniei, m\u0103slinele manzanilla f\u0103r\u0103 s\u00e2mburi cu castrave\u021bi mura\u021bi.<\/p>\n<p>Este lucrat manual pentru a face aceast\u0103 uniune.<\/p>\n<h3>Beneficiile castravetelui umplut cu mu\u0219e\u021bel 3.8kg Kimbitos<\/h3>\n<p>\u0218tia\u021bi care sunt multiplele beneficii ale acestor m\u0103sline? Ele sunt foarte eficiente \u00een prevenirea bolilor de inim\u0103 \u0219i a celor circulatorii \u00een general. <\/p>\n<p>Acest lucru se datoreaz\u0103 con\u021binutului s\u0103u ridicat de gr\u0103simi nesaturate. \u00cen plus, este un aliment care con\u021bine mult fier \u0219i fibre \u0219i este foarte s\u0103\u021bios, ceea ce \u00eel face o gustare perfect\u0103. <\/p>\n<p>Dac\u0103 dori\u021bi s\u0103 cump\u0103ra\u021bi m\u0103sline sau orice alt tip de <a href=\"https:\/\/latiendadesami.com\/categoria-producto\/encurtidos\/\" rel=\"noopener noreferrer nofollow\" target=\"_blank\">m\u00e2ncare murat\u0103<\/a>, nu ezita\u021bi s\u0103 arunca\u021bi o privire la catalogul nostru online pentru a vedea varietatea larg\u0103 de <a href=\"https:\/\/latiendadesami.com\/categoria-producto\/encurtidos\/aceitunas\/\" target=\"_blank\" rel=\"noopener noreferrer nofollow\">m\u0103sline<\/a> pe care o avem.<\/p>\n<p>Origine: Castilla la Mancha.<\/p>\n<p>Ingrediente: M\u0103sline, castrave\u021bi, ap\u0103, sare, acidulant (E-330), conservan\u021bi (E211, E-202, E-260), poten\u021biatori de arom\u0103 (E-621, E-631, E-627), antioxidan\u021bi (E-300) \u0219i arome naturale. Poate con\u021bine urme de sulfi\u021bi. <\/p>\n<h3>Informa\u021bii nutri\u021bionale<\/h3>\n<p>Valoare energetic\u0103 132 kcal\/ 553 kj Gr\u0103simi 13,4 g din care saturate 1,7 g Glucide 0,8 g din care zah\u0103r 0,09 g Fibre alimentare 0,5 g Proteine 2,6 g Sare 2,0 g<\/p>\n","protected":false},"excerpt":{"rendered":"<p>Castrave\u021bi umplu\u021bi cu Manzanilla 3.8kg Kimbitos este o gustare \u00een care g\u0103sim m\u0103slinele tradi\u021bionale Manzanilla umplute cu castravete. Un acompaniament ideal pentru m\u00e2nc\u0103rurile tradi\u021bionale. Kimbitos este numele sub care cunoa\u0219tem, \u00een anumite p\u0103r\u021bi ale Spaniei, m\u0103slinele manzanilla f\u0103r\u0103 s\u00e2mburi cu castrave\u021bi mura\u021bi. Este lucrat manual pentru a face aceast\u0103 uniune. Beneficiile castravetelui umplut cu mu\u0219e\u021bel [&hellip;]<\/p>\n","protected":false},"featured_media":7745,"template":"","meta":{"_et_pb_use_builder":"","_et_pb_old_content":"","_et_gb_content_width":""},"product_brand":[],"product_cat":[2004,1600,1598],"product_tag":[1604],"class_list":{"0":"post-18021","1":"product","2":"type-product","3":"status-publish","4":"has-post-thumbnail","6":"product_cat-castraveti","7":"product_cat-masline","8":"product_cat-muraturi","9":"product_tag-kimbo-ro","11":"first","12":"instock","13":"taxable","14":"shipping-taxable","15":"purchasable","16":"product-type-simple"},"_links":{"self":[{"href":"https:\/\/myspainfood.com\/ro\/wp-json\/wp\/v2\/product\/18021","targetHints":{"allow":["GET"]}}],"collection":[{"href":"https:\/\/myspainfood.com\/ro\/wp-json\/wp\/v2\/product"}],"about":[{"href":"https:\/\/myspainfood.com\/ro\/wp-json\/wp\/v2\/types\/product"}],"wp:featuredmedia":[{"embeddable":true,"href":"https:\/\/myspainfood.com\/ro\/wp-json\/wp\/v2\/media\/7745"}],"wp:attachment":[{"href":"https:\/\/myspainfood.com\/ro\/wp-json\/wp\/v2\/media?parent=18021"}],"wp:term":[{"taxonomy":"product_brand","embeddable":true,"href":"https:\/\/myspainfood.com\/ro\/wp-json\/wp\/v2\/product_brand?post=18021"},{"taxonomy":"product_cat","embeddable":true,"href":"https:\/\/myspainfood.com\/ro\/wp-json\/wp\/v2\/product_cat?post=18021"},{"taxonomy":"product_tag","embeddable":true,"href":"https:\/\/myspainfood.com\/ro\/wp-json\/wp\/v2\/product_tag?post=18021"}],"curies":[{"name":"wp","href":"https:\/\/api.w.org\/{rel}","templated":true}]}}