{"id":18136,"date":"2025-04-10T12:10:57","date_gmt":"2025-04-10T10:10:57","guid":{"rendered":"https:\/\/myspainfood.com\/producto\/olive-chupadedos-aguedo-2-kg-greutate-neta\/"},"modified":"2025-04-10T12:10:57","modified_gmt":"2025-04-10T10:10:57","slug":"olive-chupadedos-aguedo-2-kg-greutate-neta","status":"publish","type":"product","link":"https:\/\/myspainfood.com\/ro\/producto\/olive-chupadedos-aguedo-2-kg-greutate-neta\/","title":{"rendered":"Olive Chupadedos Aguedo 2 kg greutate net\u0103"},"content":{"rendered":"<div>\n<p>La ACEITUNAS AGUEDO garant\u0103m excelen\u021ba produselor noastre, combin\u00e2nd tradi\u021bia \u0219i noile tehnologii. Oferim profesionalismul unei \u00eentreprinderi familiale \u00een continu\u0103 dezvoltare, av\u00e2nd ca unic obiectiv satisfac\u021bia clien\u021bilor no\u0219tri. <\/p>\n<p>Supraveghem toate procesele de produc\u021bie de la \u00eenceput p\u00e2n\u0103 la sf\u00e2r\u0219it, aceasta este singura modalitate de a ob\u021bine produse MAXIMALE.<\/p>\n<\/div>\n<div class=\"leo_camara_desc\">Oferim clien\u021bilor no\u0219tri cea mai s\u0103n\u0103toas\u0103 \u0219i natural\u0103 gustare, cu o arom\u0103 inconfundabil\u0103 \u0219i de cea mai \u00eenalt\u0103 calitate.<\/div>\n","protected":false},"excerpt":{"rendered":"<p>La ACEITUNAS AGUEDO garant\u0103m excelen\u021ba produselor noastre, combin\u00e2nd tradi\u021bia \u0219i noile tehnologii. Oferim profesionalismul unei \u00eentreprinderi familiale \u00een continu\u0103 dezvoltare, av\u00e2nd ca unic obiectiv satisfac\u021bia clien\u021bilor no\u0219tri. Supraveghem toate procesele de produc\u021bie de la \u00eenceput p\u00e2n\u0103 la sf\u00e2r\u0219it, aceasta este singura modalitate de a ob\u021bine produse MAXIMALE. Oferim clien\u021bilor no\u0219tri cea mai s\u0103n\u0103toas\u0103 \u0219i natural\u0103 [&hellip;]<\/p>\n","protected":false},"featured_media":13334,"template":"","meta":{"_et_pb_use_builder":"","_et_pb_old_content":"","_et_gb_content_width":""},"product_brand":[1397],"product_cat":[1600,1598],"product_tag":[2056],"class_list":{"0":"post-18136","1":"product","2":"type-product","3":"status-publish","4":"has-post-thumbnail","6":"product_brand-aguedo","7":"product_cat-masline","8":"product_cat-muraturi","9":"product_tag-musetel","11":"first","12":"outofstock","13":"taxable","14":"shipping-taxable","15":"purchasable","16":"product-type-simple"},"_links":{"self":[{"href":"https:\/\/myspainfood.com\/ro\/wp-json\/wp\/v2\/product\/18136","targetHints":{"allow":["GET"]}}],"collection":[{"href":"https:\/\/myspainfood.com\/ro\/wp-json\/wp\/v2\/product"}],"about":[{"href":"https:\/\/myspainfood.com\/ro\/wp-json\/wp\/v2\/types\/product"}],"wp:featuredmedia":[{"embeddable":true,"href":"https:\/\/myspainfood.com\/ro\/wp-json\/wp\/v2\/media\/13334"}],"wp:attachment":[{"href":"https:\/\/myspainfood.com\/ro\/wp-json\/wp\/v2\/media?parent=18136"}],"wp:term":[{"taxonomy":"product_brand","embeddable":true,"href":"https:\/\/myspainfood.com\/ro\/wp-json\/wp\/v2\/product_brand?post=18136"},{"taxonomy":"product_cat","embeddable":true,"href":"https:\/\/myspainfood.com\/ro\/wp-json\/wp\/v2\/product_cat?post=18136"},{"taxonomy":"product_tag","embeddable":true,"href":"https:\/\/myspainfood.com\/ro\/wp-json\/wp\/v2\/product_tag?post=18136"}],"curies":[{"name":"wp","href":"https:\/\/api.w.org\/{rel}","templated":true}]}}