{"id":18182,"date":"2025-04-10T12:05:43","date_gmt":"2025-04-10T10:05:43","guid":{"rendered":"https:\/\/myspainfood.com\/producto\/castraveti-picanti-banderillas-3-8-kg\/"},"modified":"2025-04-10T12:05:43","modified_gmt":"2025-04-10T10:05:43","slug":"castraveti-picanti-banderillas-3-8-kg","status":"publish","type":"product","link":"https:\/\/myspainfood.com\/ro\/producto\/castraveti-picanti-banderillas-3-8-kg\/","title":{"rendered":"Castrave\u021bi pican\u021bi Banderillas 3.8 kg"},"content":{"rendered":"<p>Cu Almagro&#8217;s Banderillas Picantes Pepino Entero 3.8kg v\u0103 pute\u021bi bucura de mai multe <a href=\"https:\/\/www.laencajera.es\/encurtidos-de-almagro\" target=\"_blank\" rel=\"noopener noreferrer nofollow\">mur\u0103turi<\/a> \u00een acela\u0219i timp.<\/p>\n<p>Cu un gust r\u0103coritor \u0219i u\u0219or, banderillas noastre pot fi savurate \u00eentre mese sau cu prietenii.<\/p>\n<p>Bucura\u021bi-v\u0103 de condimente dintr-o singur\u0103 mu\u0219c\u0103tur\u0103 cu ace\u0219ti castrave\u021bi \u00eentregi Banderillas Picantes 3,8 kg. Originea este Castilla la Mancha. <\/p>\n<p>Ingrediente: Ceap\u0103 21-23, Ardei ro\u0219u, M\u0103sline (dimensiuni cuprinse \u00eentre 200-320), Castrave\u021bi \u00eentregi 60-80, Ardei iute, Ap\u0103, Sare, \u0219i Sprat de plastic, poten\u021biator de arom\u0103 (E-621, E-627), Acidulant E-330, Antioxidant E-300, Conservan\u021bi (E-211, E-202, E-270, E-260) Con\u021bine Sulfi\u021bi.<\/p>\n<p>Condi\u021bii de conservare:<\/p>\n<p>P\u0103stra\u021bi \u00eentr-un loc r\u0103coros \u0219i uscat, \u00eentre 3\u00baC \u0219i 10\u00baC. P\u0103stra\u021bi departe de lumina soarelui \u0219i de mirosurile puternice. <\/p>\n<p>Odat\u0103 deschis, se p\u0103streaz\u0103 la frigider \u0219i se consum\u0103 \u00een termen de 30 de zile.<\/p>\n<p>Dac\u0103 dori\u021bi s\u0103 cump\u0103ra\u021bi m\u0103sline sau orice alt tip de <a href=\"https:\/\/latiendadesami.com\/categoria-producto\/encurtidos\/\" rel=\"noopener noreferrer nofollow\" target=\"_blank\">mur\u0103turi<\/a>, nu ezita\u021bi s\u0103 arunca\u021bi o privire la catalogul nostru online pentru a vedea varietatea larg\u0103 de <a href=\"https:\/\/latiendadesami.com\/categoria-producto\/encurtidos\/berenjenas\/\" target=\"_blank\" rel=\"noopener noreferrer nofollow\">vinete<\/a> pe care o avem.<\/p>\n<p>Marca este La Encajonera, o afacere de familie, fondat\u0103 \u00een 1990, situat\u0103 \u00een inima La Mancha, \u00een ora\u0219ul ALMAGRO, \u00een provincia Ciudad Real.<\/p>\n<p>Procesul de fabrica\u021bie a produselor sale \u00eencepe \u00een aceea\u0219i zon\u0103 de cre\u0219tere, select\u00e2nd produsul de cea mai bun\u0103 calitate.<\/p>\n<p>Fabrica este dotat\u0103 cu cea mai avansat\u0103 tehnologie, p\u0103str\u00e2nd \u00een acela\u0219i timp tradi\u021bia \u0219i know-how-ul lucr\u0103torilor s\u0103i artizani.<\/p>\n","protected":false},"excerpt":{"rendered":"<p>Cu Almagro&#8217;s Banderillas Picantes Pepino Entero 3.8kg v\u0103 pute\u021bi bucura de mai multe mur\u0103turi \u00een acela\u0219i timp. Cu un gust r\u0103coritor \u0219i u\u0219or, banderillas noastre pot fi savurate \u00eentre mese sau cu prietenii. Bucura\u021bi-v\u0103 de condimente dintr-o singur\u0103 mu\u0219c\u0103tur\u0103 cu ace\u0219ti castrave\u021bi \u00eentregi Banderillas Picantes 3,8 kg. Originea este Castilla la Mancha. Ingrediente: Ceap\u0103 21-23, [&hellip;]<\/p>\n","protected":false},"featured_media":7727,"template":"","meta":{"_et_pb_use_builder":"","_et_pb_old_content":"","_et_gb_content_width":""},"product_brand":[],"product_cat":[2096,2004,1598],"product_tag":[2033,2097],"class_list":{"0":"post-18182","1":"product","2":"type-product","3":"status-publish","4":"has-post-thumbnail","6":"product_cat-banderillas-ro","7":"product_cat-castraveti","8":"product_cat-muraturi","9":"product_tag-gherkin-ro","10":"product_tag-picant","12":"first","13":"instock","14":"taxable","15":"shipping-taxable","16":"purchasable","17":"product-type-simple"},"_links":{"self":[{"href":"https:\/\/myspainfood.com\/ro\/wp-json\/wp\/v2\/product\/18182","targetHints":{"allow":["GET"]}}],"collection":[{"href":"https:\/\/myspainfood.com\/ro\/wp-json\/wp\/v2\/product"}],"about":[{"href":"https:\/\/myspainfood.com\/ro\/wp-json\/wp\/v2\/types\/product"}],"wp:featuredmedia":[{"embeddable":true,"href":"https:\/\/myspainfood.com\/ro\/wp-json\/wp\/v2\/media\/7727"}],"wp:attachment":[{"href":"https:\/\/myspainfood.com\/ro\/wp-json\/wp\/v2\/media?parent=18182"}],"wp:term":[{"taxonomy":"product_brand","embeddable":true,"href":"https:\/\/myspainfood.com\/ro\/wp-json\/wp\/v2\/product_brand?post=18182"},{"taxonomy":"product_cat","embeddable":true,"href":"https:\/\/myspainfood.com\/ro\/wp-json\/wp\/v2\/product_cat?post=18182"},{"taxonomy":"product_tag","embeddable":true,"href":"https:\/\/myspainfood.com\/ro\/wp-json\/wp\/v2\/product_tag?post=18182"}],"curies":[{"name":"wp","href":"https:\/\/api.w.org\/{rel}","templated":true}]}}