{"id":18275,"date":"2025-04-10T12:05:35","date_gmt":"2025-04-10T10:05:35","guid":{"rendered":"https:\/\/myspainfood.com\/producto\/aubergine-umplute-cu-masline-gordal-4-5-kg\/"},"modified":"2025-04-10T12:05:35","modified_gmt":"2025-04-10T10:05:35","slug":"aubergine-umplute-cu-masline-gordal-4-5-kg","status":"publish","type":"product","link":"https:\/\/myspainfood.com\/ro\/producto\/aubergine-umplute-cu-masline-gordal-4-5-kg\/","title":{"rendered":"Aubergine umplute cu m\u0103sline Gordal 4.5 kg"},"content":{"rendered":"<p>M\u0103sline Gordal umplute cu vinete din soiul gordal umplute cu <a href=\"https:\/\/www.laencajera.es\/aceitunas\" target=\"_blank\" rel=\"noopener noreferrer nofollow\">vinetele<\/a> noastre tradi\u021bionale Almagro.<\/p>\n<p>Unul dintre cele mai populare soiuri. Sunt ideale ca aperitiv. <\/p>\n<p>Ingrediente: Ulei de m\u0103sline: Nop\u021bi de m\u0103sline: NTES: M\u0103sline Gordal f\u0103r\u0103 s\u00e2mburi, vinete &#8222;de Almagro&#8221;, ap\u0103, sare, o\u021bet de vin, chimen m\u0103cinat, paprika de la Vera, oregano, poten\u021biatori de arom\u0103 (E-621, E-631, E-627), acidifiant (E-330), conservan\u021bi (E-260, E-211, E-202), antioxidan\u021bi (E-300) \u0219i esen\u021be naturale (esen\u021b\u0103 de piper, esen\u021b\u0103 de usturoi, esen\u021b\u0103 de chimen). Poate con\u021bine sulfi\u021bi. <\/p>\n<p>P\u0103stra\u021bi \u00eentr-un loc r\u0103coros \u0219i uscat, \u00eentre 3\u00baC \u0219i 10\u00baC.<\/p>\n<p>Proteja\u021bi de lumina soarelui \u0219i de mirosurile puternice.<\/p>\n<p>M\u0103sline Gordal umplute cu vinete. Dup\u0103 deschidere, se p\u0103streaz\u0103 la frigider \u0219i se consum\u0103 \u00een termen de 30 de zile.<\/p>\n<p>Dac\u0103 dori\u021bi s\u0103 cump\u0103ra\u021bi m\u0103sline sau orice alt tip de <a href=\"https:\/\/latiendadesami.com\/categoria-producto\/encurtidos\/\" rel=\"noopener noreferrer nofollow\" target=\"_blank\">mur\u0103turi<\/a>, nu ezita\u021bi s\u0103 arunca\u021bi o privire la catalogul nostru online pentru a vedea varietatea larg\u0103 de <a href=\"https:\/\/latiendadesami.com\/categoria-producto\/encurtidos\/berenjenas\/\" target=\"_blank\" rel=\"noopener noreferrer nofollow\">vinete<\/a> pe care o avem.<\/p>\n<p>Marca este La Encajonera, o afacere de familie, fondat\u0103 \u00een 1990, situat\u0103 \u00een inima La Mancha, \u00een ora\u0219ul ALMAGRO, \u00een provincia Ciudad Real.<\/p>\n<p>Procesul de fabrica\u021bie a produselor sale \u00eencepe \u00een aceea\u0219i zon\u0103 de cre\u0219tere, select\u00e2nd produsul de cea mai bun\u0103 calitate.<\/p>\n<p>Fabrica este dotat\u0103 cu cea mai avansat\u0103 tehnologie, p\u0103str\u00e2nd \u00een acela\u0219i timp tradi\u021bia \u0219i know-how-ul lucr\u0103torilor s\u0103i artizani.<\/p>\n","protected":false},"excerpt":{"rendered":"<p>M\u0103sline Gordal umplute cu vinete din soiul gordal umplute cu vinetele noastre tradi\u021bionale Almagro. Unul dintre cele mai populare soiuri. Sunt ideale ca aperitiv. Ingrediente: Ulei de m\u0103sline: Nop\u021bi de m\u0103sline: NTES: M\u0103sline Gordal f\u0103r\u0103 s\u00e2mburi, vinete &#8222;de Almagro&#8221;, ap\u0103, sare, o\u021bet de vin, chimen m\u0103cinat, paprika de la Vera, oregano, poten\u021biatori de arom\u0103 (E-621, [&hellip;]<\/p>\n","protected":false},"featured_media":7522,"template":"","meta":{"_et_pb_use_builder":"","_et_pb_old_content":"","_et_gb_content_width":""},"product_brand":[],"product_cat":[1600,1598],"product_tag":[2182,2183],"class_list":{"0":"post-18275","1":"product","2":"type-product","3":"status-publish","4":"has-post-thumbnail","6":"product_cat-masline","7":"product_cat-muraturi","8":"product_tag-aubergine-ro","9":"product_tag-completati","11":"first","12":"instock","13":"taxable","14":"shipping-taxable","15":"purchasable","16":"product-type-simple"},"_links":{"self":[{"href":"https:\/\/myspainfood.com\/ro\/wp-json\/wp\/v2\/product\/18275","targetHints":{"allow":["GET"]}}],"collection":[{"href":"https:\/\/myspainfood.com\/ro\/wp-json\/wp\/v2\/product"}],"about":[{"href":"https:\/\/myspainfood.com\/ro\/wp-json\/wp\/v2\/types\/product"}],"wp:featuredmedia":[{"embeddable":true,"href":"https:\/\/myspainfood.com\/ro\/wp-json\/wp\/v2\/media\/7522"}],"wp:attachment":[{"href":"https:\/\/myspainfood.com\/ro\/wp-json\/wp\/v2\/media?parent=18275"}],"wp:term":[{"taxonomy":"product_brand","embeddable":true,"href":"https:\/\/myspainfood.com\/ro\/wp-json\/wp\/v2\/product_brand?post=18275"},{"taxonomy":"product_cat","embeddable":true,"href":"https:\/\/myspainfood.com\/ro\/wp-json\/wp\/v2\/product_cat?post=18275"},{"taxonomy":"product_tag","embeddable":true,"href":"https:\/\/myspainfood.com\/ro\/wp-json\/wp\/v2\/product_tag?post=18275"}],"curies":[{"name":"wp","href":"https:\/\/api.w.org\/{rel}","templated":true}]}}