{"id":18297,"date":"2025-04-10T12:09:16","date_gmt":"2025-04-10T10:09:16","guid":{"rendered":"https:\/\/myspainfood.com\/producto\/manzanilla-olive-anchovy-flavour-140-160-5-kg-scurse\/"},"modified":"2025-04-10T12:09:16","modified_gmt":"2025-04-10T10:09:16","slug":"manzanilla-olive-anchovy-flavour-140-160-5-kg-scurse","status":"publish","type":"product","link":"https:\/\/myspainfood.com\/ro\/producto\/manzanilla-olive-anchovy-flavour-140-160-5-kg-scurse\/","title":{"rendered":"Manzanilla Olive Anchovy Flavour 140-160 5 kg scurse"},"content":{"rendered":"<p>M\u0103slina Manzanilla cu arom\u0103 de an\u0219oa este cea mai popular\u0103 m\u0103slin\u0103 de pe pia\u021b\u0103. Este foarte apreciat\u0103 pentru aroma sa fin\u0103. Este folosit\u0103 \u00een principal ca m\u0103slin\u0103 de mas\u0103. De culoare verde g\u0103lbuie, f\u0103r\u0103 s\u00e2mburi \u0219i cu o arom\u0103 delicat\u0103. Utilizat pe scar\u0103 larg\u0103 ca aperitiv \u0219i ca antreu. Face parte din re\u021bete precum pizza, salate sau m\u00e2nc\u0103ruri mai elaborate.     <\/p>\n<p>Ingrediente: M\u0103sline, ap\u0103, sare, acidulant (E-330), conservan\u021bi<\/p>\n<p>(E-211, E-202, E-270) Antioxidant (E-300)<\/p>\n<p>Poate con\u021bine sulfi\u021bi.<\/p>\n<p>P\u0103stra\u021bi \u00eentr-un loc r\u0103coros \u0219i uscat, \u00eentre 3\u00baC \u0219i 10\u00baC.<\/p>\n<p>Proteja\u021bi de lumina soarelui \u0219i de mirosurile puternice.<\/p>\n<p>Dac\u0103 dori\u021bi s\u0103 cump\u0103ra\u021bi m\u0103sline sau orice alt tip de <a href=\"https:\/\/latiendadesami.com\/categoria-producto\/encurtidos\/\" rel=\"noopener noreferrer nofollow\" target=\"_blank\">mur\u0103turi<\/a>, nu ezita\u021bi s\u0103 arunca\u021bi o privire la catalogul nostru online pentru a vedea varietatea larg\u0103 de <a href=\"https:\/\/latiendadesami.com\/categoria-producto\/encurtidos\/berenjenas\/\" target=\"_blank\" rel=\"noopener noreferrer nofollow\">vinete<\/a> pe care o avem.<\/p>\n<p>Marca este La Encajera, o afacere de familie, fondat\u0103 \u00een 1990, situat\u0103 \u00een inima La Mancha, \u00een ora\u0219ul ALMAGRO, \u00een provincia Ciudad Real.<\/p>\n<p>Procesul de fabrica\u021bie a produselor sale \u00eencepe \u00een aceea\u0219i zon\u0103 de cre\u0219tere, select\u00e2nd produsul de cea mai bun\u0103 calitate.<\/p>\n<p>Fabrica este dotat\u0103 cu cea mai avansat\u0103 tehnologie, p\u0103str\u00e2nd \u00een acela\u0219i timp tradi\u021bia \u0219i know-how-ul lucr\u0103torilor s\u0103i artizani.<\/p>\n","protected":false},"excerpt":{"rendered":"<p>M\u0103slina Manzanilla cu arom\u0103 de an\u0219oa este cea mai popular\u0103 m\u0103slin\u0103 de pe pia\u021b\u0103. Este foarte apreciat\u0103 pentru aroma sa fin\u0103. Este folosit\u0103 \u00een principal ca m\u0103slin\u0103 de mas\u0103. De culoare verde g\u0103lbuie, f\u0103r\u0103 s\u00e2mburi \u0219i cu o arom\u0103 delicat\u0103. Utilizat pe scar\u0103 larg\u0103 ca aperitiv \u0219i ca antreu. Face parte din re\u021bete precum pizza, [&hellip;]<\/p>\n","protected":false},"featured_media":11849,"template":"","meta":{"_et_pb_use_builder":"","_et_pb_old_content":"","_et_gb_content_width":""},"product_brand":[],"product_cat":[1600,1598],"product_tag":[2182,2183],"class_list":{"0":"post-18297","1":"product","2":"type-product","3":"status-publish","4":"has-post-thumbnail","6":"product_cat-masline","7":"product_cat-muraturi","8":"product_tag-aubergine-ro","9":"product_tag-completati","11":"first","12":"instock","13":"taxable","14":"shipping-taxable","15":"purchasable","16":"product-type-simple"},"_links":{"self":[{"href":"https:\/\/myspainfood.com\/ro\/wp-json\/wp\/v2\/product\/18297","targetHints":{"allow":["GET"]}}],"collection":[{"href":"https:\/\/myspainfood.com\/ro\/wp-json\/wp\/v2\/product"}],"about":[{"href":"https:\/\/myspainfood.com\/ro\/wp-json\/wp\/v2\/types\/product"}],"wp:featuredmedia":[{"embeddable":true,"href":"https:\/\/myspainfood.com\/ro\/wp-json\/wp\/v2\/media\/11849"}],"wp:attachment":[{"href":"https:\/\/myspainfood.com\/ro\/wp-json\/wp\/v2\/media?parent=18297"}],"wp:term":[{"taxonomy":"product_brand","embeddable":true,"href":"https:\/\/myspainfood.com\/ro\/wp-json\/wp\/v2\/product_brand?post=18297"},{"taxonomy":"product_cat","embeddable":true,"href":"https:\/\/myspainfood.com\/ro\/wp-json\/wp\/v2\/product_cat?post=18297"},{"taxonomy":"product_tag","embeddable":true,"href":"https:\/\/myspainfood.com\/ro\/wp-json\/wp\/v2\/product_tag?post=18297"}],"curies":[{"name":"wp","href":"https:\/\/api.w.org\/{rel}","templated":true}]}}