{"id":18880,"date":"2025-04-10T12:16:30","date_gmt":"2025-04-10T10:16:30","guid":{"rendered":"https:\/\/myspainfood.com\/producto\/slana-de-porc-100-iberic-hranit-cu-ghinda-fili-500-gr\/"},"modified":"2026-01-29T13:11:41","modified_gmt":"2026-01-29T12:11:41","slug":"slana-de-porc-100-iberic-hranit-cu-ghinda-fili-500-gr","status":"publish","type":"product","link":"https:\/\/myspainfood.com\/ro\/producto\/slana-de-porc-100-iberic-hranit-cu-ghinda-fili-500-gr\/","title":{"rendered":"Slan\u0103 de porc 100% iberic hr\u0103nit cu ghind\u0103 - FILI - 500 gr"},"content":{"rendered":"<h3>Slan\u0103 de porc 100% iberic hr\u0103nit cu ghind\u0103 - FILI - 800 gr<\/h3>\n<p>Fileul <strong>de porc 100% iberic hr\u0103nit cu ghind\u0103 - FILI<\/strong> de 800 de grame este o delicates\u0103 gastronomic\u0103, fabricat\u0103 cu porci iberici de ras\u0103 pur\u0103, crescu\u021bi \u00een natur\u0103 \u0219i hr\u0103ni\u021bi cu ghind\u0103. Acest proces artizanal, \u00eempreun\u0103 cu o maturare atent\u0103, are ca rezultat o arom\u0103 de neegalat \u0219i o textur\u0103 suculent\u0103. Perfect pentru iubitorii de produse iberice \u0219i bogat \u00een acizi gra\u0219i s\u0103n\u0103to\u0219i.  <\/p>\n<p>Pentru a afla mai multe despre beneficiile consumului de produse iberice, vizita\u021bi <a href=\"https:\/\/www.jamonlovers.es\" target=\"_new\" rel=\"noopener noreferrer nofollow\" target=\"_blank\">Jam\u00f3n Lovers<\/a>.<\/p>\n<p>Descoperi\u021bi mai multe op\u021biuni \u00een categoriile noastre de <a href=\"https:\/\/latiendadesami.com\/categoria-producto\/queso-embutido\/\" target=\"_blank\" rel=\"noopener noreferrer nofollow\"><span style=\"color: #2ea3f2;\">C\u00e2rna\u021bi<\/span><\/a><\/p>\n","protected":false},"excerpt":{"rendered":"<p>Slan\u0103 de porc 100% iberic hr\u0103nit cu ghind\u0103 - FILI - 800 gr Fileul de porc 100% iberic hr\u0103nit cu ghind\u0103 - FILI de 800 de grame este o delicates\u0103 gastronomic\u0103, fabricat\u0103 cu porci iberici de ras\u0103 pur\u0103, crescu\u021bi \u00een natur\u0103 \u0219i hr\u0103ni\u021bi cu ghind\u0103. Acest proces artizanal, \u00eempreun\u0103 cu o maturare atent\u0103, are ca [&hellip;]<\/p>\n","protected":false},"featured_media":15395,"template":"","meta":{"_et_pb_use_builder":"","_et_pb_old_content":"","_et_gb_content_width":""},"product_brand":[1388],"product_cat":[2239,2240],"product_tag":[],"class_list":{"0":"post-18880","1":"product","2":"type-product","3":"status-publish","4":"has-post-thumbnail","6":"product_brand-fili","7":"product_cat-branza-si-carnati","8":"product_cat-carnati","10":"first","11":"outofstock","12":"taxable","13":"shipping-taxable","14":"purchasable","15":"product-type-simple"},"_links":{"self":[{"href":"https:\/\/myspainfood.com\/ro\/wp-json\/wp\/v2\/product\/18880","targetHints":{"allow":["GET"]}}],"collection":[{"href":"https:\/\/myspainfood.com\/ro\/wp-json\/wp\/v2\/product"}],"about":[{"href":"https:\/\/myspainfood.com\/ro\/wp-json\/wp\/v2\/types\/product"}],"wp:featuredmedia":[{"embeddable":true,"href":"https:\/\/myspainfood.com\/ro\/wp-json\/wp\/v2\/media\/15395"}],"wp:attachment":[{"href":"https:\/\/myspainfood.com\/ro\/wp-json\/wp\/v2\/media?parent=18880"}],"wp:term":[{"taxonomy":"product_brand","embeddable":true,"href":"https:\/\/myspainfood.com\/ro\/wp-json\/wp\/v2\/product_brand?post=18880"},{"taxonomy":"product_cat","embeddable":true,"href":"https:\/\/myspainfood.com\/ro\/wp-json\/wp\/v2\/product_cat?post=18880"},{"taxonomy":"product_tag","embeddable":true,"href":"https:\/\/myspainfood.com\/ro\/wp-json\/wp\/v2\/product_tag?post=18880"}],"curies":[{"name":"wp","href":"https:\/\/api.w.org\/{rel}","templated":true}]}}