{"id":18998,"date":"2025-04-10T12:16:39","date_gmt":"2025-04-10T10:16:39","guid":{"rendered":"https:\/\/myspainfood.com\/producto\/ardei-piquillo-intregi-extra-prajiti-la-joya-del-valle-320gr\/"},"modified":"2026-01-30T14:22:07","modified_gmt":"2026-01-30T13:22:07","slug":"ardei-piquillo-intregi-extra-prajiti-la-joya-del-valle-320gr","status":"publish","type":"product","link":"https:\/\/myspainfood.com\/ro\/producto\/ardei-piquillo-intregi-extra-prajiti-la-joya-del-valle-320gr\/","title":{"rendered":"Ardei Piquillo \u00eentregi extra pr\u0103ji\u021bi La joya del valle 320gr"},"content":{"rendered":"<p>Ingrediente: Ardei Piquillo, usturoi, sare \u0219i acidifiant: acid citric, \u00eent\u0103ritor: clorur\u0103 de calciu.<\/p>\n<p>Dup\u0103 deschidere, p\u0103stra\u021bi la frigider \u0219i consuma\u021bi preferabil \u00een termen de 5 zile<\/p>\n<p>Avem cea mai bun\u0103 calitate la cel mai bun pre\u021b.<\/p>\n<p>Scrie\u021bi-ne pentru mai multe informa\u021bii sau dac\u0103 ave\u021bi \u00eentreb\u0103ri despre acest produs sau despre orice alt produs din catalogul nostru.<\/p>\n","protected":false},"excerpt":{"rendered":"<p>Ingrediente: Ardei Piquillo, usturoi, sare \u0219i acidifiant: acid citric, \u00eent\u0103ritor: clorur\u0103 de calciu. Dup\u0103 deschidere, p\u0103stra\u021bi la frigider \u0219i consuma\u021bi preferabil \u00een termen de 5 zile Avem cea mai bun\u0103 calitate la cel mai bun pre\u021b. Scrie\u021bi-ne pentru mai multe informa\u021bii sau dac\u0103 ave\u021bi \u00eentreb\u0103ri despre acest produs sau despre orice alt produs din catalogul [&hellip;]<\/p>\n","protected":false},"featured_media":15602,"template":"","meta":{"_et_pb_use_builder":"","_et_pb_old_content":"","_et_gb_content_width":""},"product_brand":[1129],"product_cat":[2307,1975],"product_tag":[2309,2308],"class_list":{"0":"post-18998","1":"product","2":"type-product","3":"status-publish","4":"has-post-thumbnail","6":"product_brand-mateo","7":"product_cat-ardei","8":"product_cat-conserve-ro","9":"product_tag-piper","10":"product_tag-prajitura","12":"first","13":"outofstock","14":"featured","15":"taxable","16":"shipping-taxable","17":"product-type-variable"},"_links":{"self":[{"href":"https:\/\/myspainfood.com\/ro\/wp-json\/wp\/v2\/product\/18998","targetHints":{"allow":["GET"]}}],"collection":[{"href":"https:\/\/myspainfood.com\/ro\/wp-json\/wp\/v2\/product"}],"about":[{"href":"https:\/\/myspainfood.com\/ro\/wp-json\/wp\/v2\/types\/product"}],"wp:featuredmedia":[{"embeddable":true,"href":"https:\/\/myspainfood.com\/ro\/wp-json\/wp\/v2\/media\/15602"}],"wp:attachment":[{"href":"https:\/\/myspainfood.com\/ro\/wp-json\/wp\/v2\/media?parent=18998"}],"wp:term":[{"taxonomy":"product_brand","embeddable":true,"href":"https:\/\/myspainfood.com\/ro\/wp-json\/wp\/v2\/product_brand?post=18998"},{"taxonomy":"product_cat","embeddable":true,"href":"https:\/\/myspainfood.com\/ro\/wp-json\/wp\/v2\/product_cat?post=18998"},{"taxonomy":"product_tag","embeddable":true,"href":"https:\/\/myspainfood.com\/ro\/wp-json\/wp\/v2\/product_tag?post=18998"}],"curies":[{"name":"wp","href":"https:\/\/api.w.org\/{rel}","templated":true}]}}