{"id":19087,"date":"2025-04-10T12:16:39","date_gmt":"2025-04-10T10:16:39","guid":{"rendered":"https:\/\/myspainfood.com\/producto\/ulei-de-masline-extravirgin-viejo-olivar-5-litri-cazorla-jaen\/"},"modified":"2026-01-29T12:36:23","modified_gmt":"2026-01-29T11:36:23","slug":"ulei-de-masline-extravirgin-viejo-olivar-5-litri-cazorla-jaen","status":"publish","type":"product","link":"https:\/\/myspainfood.com\/ro\/producto\/ulei-de-masline-extravirgin-viejo-olivar-5-litri-cazorla-jaen\/","title":{"rendered":"Ulei de m\u0103sline extravirgin Viejo Olivar 5 litri Cazorla Ja\u00e9n"},"content":{"rendered":"<p><strong>Uleiul de m\u0103sline extravirgin<\/strong> din Ja\u00e9n este unul dintre produsele vedet\u0103 ale gastronomiei spaniole, precum \u0219i scrisoarea noastr\u0103 de prezentare \u00een \u00eentreaga lume. A cump\u0103ra ulei de m\u0103sline \u00eenseamn\u0103 a achizi\u021biona un produs excep\u021bional datorit\u0103 beneficiilor sale incredibile pentru s\u0103n\u0103tate. \u00cen plus, acesta este ingredientul de baz\u0103 al dietei mediteraneene, un ingredient care nu ar trebui s\u0103 lipseasc\u0103 din nicio buc\u0103t\u0103rie care se respect\u0103.  <\/p>\n<p>Dintre uleiurile de m\u0103sline, uleiul de m\u0103sline extravirgin este cel mai excep\u021bional pentru gustul, aroma \u0219i beneficiile sale pentru organism. Este bogat \u00een vitaminele A, D, E \u0219i K, previne riscul acumul\u0103rii de colesterol, \u00eembun\u0103t\u0103\u021be\u0219te tensiunea arterial\u0103 \u0219i favorizeaz\u0103 tranzitul intestinal. Din toate aceste motive, cump\u0103rarea uleiului de m\u0103sline extravirgin va fi \u00eentotdeauna cea mai bun\u0103 op\u021biune pentru s\u0103n\u0103tatea \u0219i gustul dumneavoastr\u0103.  <\/p>\n<p>\u00cen Ja\u00e9n, suntem m\u00e2ndri c\u0103 suntem cei mai mari produc\u0103tori de ulei de m\u0103sline din lume, iar uleiurile de m\u0103sline extravirgine de pe p\u0103m\u00e2ntul nostru sunt, f\u0103r\u0103 \u00eendoial\u0103, cele mai renumite at\u00e2t la nivel na\u021bional, c\u00e2t \u0219i interna\u021bional, \u0219i de cea mai \u00eenalt\u0103 calitate care poate fi achizi\u021bionat\u0103.<\/p>\n","protected":false},"excerpt":{"rendered":"<p>Uleiul de m\u0103sline extravirgin din Ja\u00e9n este unul dintre produsele vedet\u0103 ale gastronomiei spaniole, precum \u0219i scrisoarea noastr\u0103 de prezentare \u00een \u00eentreaga lume. A cump\u0103ra ulei de m\u0103sline \u00eenseamn\u0103 a achizi\u021biona un produs excep\u021bional datorit\u0103 beneficiilor sale incredibile pentru s\u0103n\u0103tate. \u00cen plus, acesta este ingredientul de baz\u0103 al dietei mediteraneene, un ingredient care nu ar [&hellip;]<\/p>\n","protected":false},"featured_media":15179,"template":"","meta":{"_et_pb_use_builder":"","_et_pb_old_content":"","_et_gb_content_width":""},"product_brand":[1221],"product_cat":[2199,2197],"product_tag":[2201],"class_list":{"0":"post-19087","1":"product","2":"type-product","3":"status-publish","4":"has-post-thumbnail","6":"product_brand-valdezarza","7":"product_cat-masline-extra-virgine","8":"product_cat-ulei","9":"product_tag-ulei","11":"first","12":"outofstock","13":"featured","14":"taxable","15":"shipping-taxable","16":"product-type-variable"},"_links":{"self":[{"href":"https:\/\/myspainfood.com\/ro\/wp-json\/wp\/v2\/product\/19087","targetHints":{"allow":["GET"]}}],"collection":[{"href":"https:\/\/myspainfood.com\/ro\/wp-json\/wp\/v2\/product"}],"about":[{"href":"https:\/\/myspainfood.com\/ro\/wp-json\/wp\/v2\/types\/product"}],"wp:featuredmedia":[{"embeddable":true,"href":"https:\/\/myspainfood.com\/ro\/wp-json\/wp\/v2\/media\/15179"}],"wp:attachment":[{"href":"https:\/\/myspainfood.com\/ro\/wp-json\/wp\/v2\/media?parent=19087"}],"wp:term":[{"taxonomy":"product_brand","embeddable":true,"href":"https:\/\/myspainfood.com\/ro\/wp-json\/wp\/v2\/product_brand?post=19087"},{"taxonomy":"product_cat","embeddable":true,"href":"https:\/\/myspainfood.com\/ro\/wp-json\/wp\/v2\/product_cat?post=19087"},{"taxonomy":"product_tag","embeddable":true,"href":"https:\/\/myspainfood.com\/ro\/wp-json\/wp\/v2\/product_tag?post=19087"}],"curies":[{"name":"wp","href":"https:\/\/api.w.org\/{rel}","templated":true}]}}