{"id":19188,"date":"2025-04-10T12:16:41","date_gmt":"2025-04-10T10:16:41","guid":{"rendered":"https:\/\/myspainfood.com\/producto\/sunca-iberica-cebo-huelva-sn-finca-6-kg-aprox\/"},"modified":"2026-01-30T14:27:15","modified_gmt":"2026-01-30T13:27:15","slug":"sunca-iberica-cebo-huelva-sn-finca-6-kg-aprox","status":"publish","type":"product","link":"https:\/\/myspainfood.com\/ro\/producto\/sunca-iberica-cebo-huelva-sn-finca-6-kg-aprox\/","title":{"rendered":"\u0218unc\u0103 iberic\u0103 Cebo Huelva - SN Finca - 6 kg (Aprox.)"},"content":{"rendered":"<p>\u0218unca iberic\u0103 Cebo Huelva - SN Finca - 6 kg este o bucat\u0103 de calitate excelent\u0103, maturat\u0103 \u00een usc\u0103toare naturale din Huelva, folosind un proces tradi\u021bional de uscare care \u00eei confer\u0103 aroma caracteristic\u0103, precum \u0219i gustul bine-cunoscut. Aceast\u0103 grij\u0103 face ca piesa s\u0103 fie o \u00eenc\u00e2ntare pentru iubitorii de \u0219unc\u0103 iberic\u0103.<\/p>\n<h3><strong>Caracteristici ale produsului iberic Cebo Huelva Ham<\/strong><\/h3>\n<ol>\n<li><strong>Provenien\u021b\u0103 garantat\u0103<\/strong>\n<p>Aceast\u0103 \u0219unc\u0103 este produs\u0103 \u00een Huelva, o regiune renumit\u0103 la nivel mondial pentru climatul s\u0103u ideal pentru maturarea \u0219uncii. Sierra de Huelva asigur\u0103 un echilibru perfect \u00eentre umiditate \u0219i temperatur\u0103, rezult\u00e2nd o \u0219unc\u0103 cu o maturare optim\u0103. <\/li>\n<li><strong>Calitate certificat\u0103<\/strong>\n<p>Fiecare pies\u0103 respect\u0103 controale stricte de calitate. SN Finca garanteaz\u0103 un produs de origine trasabil\u0103, asigur\u00e2ndu-se c\u0103 consumatorul prime\u0219te cele mai bune produse ale tradi\u021biei iberice. <\/li>\n<li><strong>Coacere prelungit\u0103<\/strong>\n<p>Coapt\u0103 timp de aproximativ 24 de luni, aceast\u0103 \u0219unc\u0103 dezvolt\u0103 un gust complex \u0219i o arom\u0103 unic\u0103 care captiveaz\u0103 sim\u021burile \u00eenc\u0103 de la prima t\u0103iere.<\/li>\n<li><strong>Greutate ideal\u0103<\/strong>\n<p>Cu <strong>6 kg (aproximativ)<\/strong>, aceast\u0103 \u0219unc\u0103 este perfect\u0103 pentru familii \u0219i adun\u0103ri speciale, oferind un raport excelent calitate\/cantitate.<\/li>\n<li><strong>Prezentare excep\u021bional\u0103<\/strong>\n<p>T\u0103ierea sa dezv\u0103luie o marmorare caracteristic\u0103, un semn inconfundabil al calit\u0103\u021bii sale. Echilibrul dintre gr\u0103simea infiltrat\u0103 \u0219i carne asigur\u0103 o experien\u021b\u0103 gustativ\u0103 unic\u0103 \u00een fiecare felie. <\/li>\n<\/ol>\n<p>Pute\u021bi arunca o privire la selec\u021bia noastr\u0103 de c\u00e2rna\u021bi, <a href=\"https:\/\/latiendadesami.com\/categoria-producto\/queso-embutido\/\" target=\"_blank\" rel=\"noopener noreferrer nofollow\">aici<\/a> ve\u021bi g\u0103si produse gourmet, perfecte pentru a v\u0103 bucura \u00eempreun\u0103 cu familia \u0219i prietenii.<\/p>\n","protected":false},"excerpt":{"rendered":"<p>\u0218unca iberic\u0103 Cebo Huelva - SN Finca - 6 kg este o bucat\u0103 de calitate excelent\u0103, maturat\u0103 \u00een usc\u0103toare naturale din Huelva, folosind un proces tradi\u021bional de uscare care \u00eei confer\u0103 aroma caracteristic\u0103, precum \u0219i gustul bine-cunoscut. Aceast\u0103 grij\u0103 face ca piesa s\u0103 fie o \u00eenc\u00e2ntare pentru iubitorii de \u0219unc\u0103 iberic\u0103. Caracteristici ale produsului iberic [&hellip;]<\/p>\n","protected":false},"featured_media":15584,"template":"","meta":{"_et_pb_use_builder":"","_et_pb_old_content":"","_et_gb_content_width":""},"product_brand":[],"product_cat":[8048],"product_tag":[],"class_list":{"0":"post-19188","1":"product","2":"type-product","3":"status-publish","4":"has-post-thumbnail","6":"product_cat-categoria-de-testare","8":"first","9":"outofstock","10":"taxable","11":"shipping-taxable","12":"purchasable","13":"product-type-simple"},"_links":{"self":[{"href":"https:\/\/myspainfood.com\/ro\/wp-json\/wp\/v2\/product\/19188","targetHints":{"allow":["GET"]}}],"collection":[{"href":"https:\/\/myspainfood.com\/ro\/wp-json\/wp\/v2\/product"}],"about":[{"href":"https:\/\/myspainfood.com\/ro\/wp-json\/wp\/v2\/types\/product"}],"wp:featuredmedia":[{"embeddable":true,"href":"https:\/\/myspainfood.com\/ro\/wp-json\/wp\/v2\/media\/15584"}],"wp:attachment":[{"href":"https:\/\/myspainfood.com\/ro\/wp-json\/wp\/v2\/media?parent=19188"}],"wp:term":[{"taxonomy":"product_brand","embeddable":true,"href":"https:\/\/myspainfood.com\/ro\/wp-json\/wp\/v2\/product_brand?post=19188"},{"taxonomy":"product_cat","embeddable":true,"href":"https:\/\/myspainfood.com\/ro\/wp-json\/wp\/v2\/product_cat?post=19188"},{"taxonomy":"product_tag","embeddable":true,"href":"https:\/\/myspainfood.com\/ro\/wp-json\/wp\/v2\/product_tag?post=19188"}],"curies":[{"name":"wp","href":"https:\/\/api.w.org\/{rel}","templated":true}]}}