{"id":19275,"date":"2025-04-10T12:16:47","date_gmt":"2025-04-10T10:16:47","guid":{"rendered":"https:\/\/myspainfood.com\/producto\/lot-1c-hamsii-hamsii-si-hering-picarpicar\/"},"modified":"2026-01-13T13:55:34","modified_gmt":"2026-01-13T12:55:34","slug":"lot-1c-hamsii-hamsii-si-hering-picarpicar","status":"publish","type":"product","link":"https:\/\/myspainfood.com\/ro\/producto\/lot-1c-hamsii-hamsii-si-hering-picarpicar\/","title":{"rendered":"lot 1c - hamsii, hamsii \u0219i hering Picar&amp;Picar"},"content":{"rendered":"<p>LOT 1C: Conserve de pe\u0219te de calitate superioar\u0103, lot format din: File de an\u0219oa 45g (3 buc\u0103\u021bi), File de an\u0219oa Cantabric\u0103 120g (1 bucat\u0103), File de an\u0219oa \u00een ulei 200g (1 bucat\u0103), File de hering 220g (1 bucat\u0103) \u0219i File de hering cu m\u0103sline 220g (1 bucat\u0103).<\/p>\n<p>CON\u021aINUT:<\/p>\n<ul>\n<li>File de an\u0219oa:<\/li>\n<\/ul>\n<p>Tripack 120 gr: 3 buc<\/p>\n<ul>\n<li>File de an\u0219oa din Golful Biscaya:<\/li>\n<\/ul>\n<p>Tava 120 gr: 1 buc<\/p>\n<ul>\n<li>File de an\u0219oa \u00een ulei:<\/li>\n<\/ul>\n<p>Tava 200 gr: 1 buc<\/p>\n<ul>\n<li>File de an\u0219oa \u00een o\u021bet:<\/li>\n<\/ul>\n<p>Tava 200 gr: 2 buc<\/p>\n<ul>\n<li>File de hering:<\/li>\n<\/ul>\n<p>Tava 220 gr: 1 buc<\/p>\n<ul>\n<li>File de hering cu m\u0103sline:<\/li>\n<\/ul>\n<p>Tava 220 gr: 1 buc<\/p>\n","protected":false},"excerpt":{"rendered":"<p>LOT 1C: Conserve de pe\u0219te de calitate superioar\u0103, lot format din: File de an\u0219oa 45g (3 buc\u0103\u021bi), File de an\u0219oa Cantabric\u0103 120g (1 bucat\u0103), File de an\u0219oa \u00een ulei 200g (1 bucat\u0103), File de hering 220g (1 bucat\u0103) \u0219i File de hering cu m\u0103sline 220g (1 bucat\u0103). CON\u021aINUT: File de an\u0219oa: Tripack 120 gr: 3 [&hellip;]<\/p>\n","protected":false},"featured_media":15737,"template":"","meta":{"_et_pb_use_builder":"","_et_pb_old_content":"","_et_gb_content_width":""},"product_brand":[1127],"product_cat":[1907,1828],"product_tag":[],"class_list":{"0":"post-19275","1":"product","2":"type-product","3":"status-publish","4":"has-post-thumbnail","6":"product_brand-picarpicar","7":"product_cat-ansoa-ro","8":"product_cat-rece","9":"product_shipping_class-transport-la-rece","11":"first","12":"outofstock","13":"taxable","14":"shipping-taxable","15":"purchasable","16":"product-type-simple"},"_links":{"self":[{"href":"https:\/\/myspainfood.com\/ro\/wp-json\/wp\/v2\/product\/19275","targetHints":{"allow":["GET"]}}],"collection":[{"href":"https:\/\/myspainfood.com\/ro\/wp-json\/wp\/v2\/product"}],"about":[{"href":"https:\/\/myspainfood.com\/ro\/wp-json\/wp\/v2\/types\/product"}],"wp:featuredmedia":[{"embeddable":true,"href":"https:\/\/myspainfood.com\/ro\/wp-json\/wp\/v2\/media\/15737"}],"wp:attachment":[{"href":"https:\/\/myspainfood.com\/ro\/wp-json\/wp\/v2\/media?parent=19275"}],"wp:term":[{"taxonomy":"product_brand","embeddable":true,"href":"https:\/\/myspainfood.com\/ro\/wp-json\/wp\/v2\/product_brand?post=19275"},{"taxonomy":"product_cat","embeddable":true,"href":"https:\/\/myspainfood.com\/ro\/wp-json\/wp\/v2\/product_cat?post=19275"},{"taxonomy":"product_tag","embeddable":true,"href":"https:\/\/myspainfood.com\/ro\/wp-json\/wp\/v2\/product_tag?post=19275"}],"curies":[{"name":"wp","href":"https:\/\/api.w.org\/{rel}","templated":true}]}}