{"id":19482,"date":"2025-04-10T12:16:34","date_gmt":"2025-04-10T10:16:34","guid":{"rendered":"https:\/\/myspainfood.com\/producto\/slana-de-porc-iberic-hranit-cu-ghinda-50-fili-500-gr\/"},"modified":"2026-01-29T13:19:17","modified_gmt":"2026-01-29T12:19:17","slug":"slana-de-porc-iberic-hranit-cu-ghinda-50-fili-500-gr","status":"publish","type":"product","link":"https:\/\/myspainfood.com\/ro\/producto\/slana-de-porc-iberic-hranit-cu-ghinda-50-fili-500-gr\/","title":{"rendered":"Slan\u0103 de porc 50% iberic hr\u0103nit cu ghind\u0103 - Fili - 500 gr"},"content":{"rendered":"<p>Cele 800 de grame de <strong>costi\u021b\u0103 de porc iberic hr\u0103nit cu ghind\u0103 50% - FILI<\/strong> sunt o delicates\u0103 gastronomic\u0103, realizat\u0103 din porci iberici de ras\u0103 pur\u0103, crescu\u021bi \u00een s\u0103lb\u0103ticie \u0219i hr\u0103ni\u021bi cu ghind\u0103. Acest proces artizanal, \u00eempreun\u0103 cu o maturare atent\u0103, are ca rezultat o arom\u0103 de neegalat \u0219i o textur\u0103 suculent\u0103. Perfect pentru iubitorii de produse iberice \u0219i bogat \u00een acizi gra\u0219i s\u0103n\u0103to\u0219i.  <\/p>\n<p>Pentru a afla mai multe despre beneficiile consumului de produse iberice, vizita\u021bi <a href=\"https:\/\/www.jamonlovers.es\" target=\"_new\" rel=\"noopener noreferrer nofollow\" target=\"_blank\">Jam\u00f3n Lovers<\/a>.<\/p>\n<p>Descoperi\u021bi mai multe op\u021biuni \u00een categoriile noastre de <a href=\"https:\/\/latiendadesami.com\/categoria-producto\/queso-embutido\/\" target=\"_blank\" rel=\"noopener noreferrer nofollow\"><span style=\"color: #2ea3f2;\">C\u00e2rna\u021bi<\/span><\/a><\/p>\n","protected":false},"excerpt":{"rendered":"<p>Cele 800 de grame de costi\u021b\u0103 de porc iberic hr\u0103nit cu ghind\u0103 50% - FILI sunt o delicates\u0103 gastronomic\u0103, realizat\u0103 din porci iberici de ras\u0103 pur\u0103, crescu\u021bi \u00een s\u0103lb\u0103ticie \u0219i hr\u0103ni\u021bi cu ghind\u0103. Acest proces artizanal, \u00eempreun\u0103 cu o maturare atent\u0103, are ca rezultat o arom\u0103 de neegalat \u0219i o textur\u0103 suculent\u0103. Perfect pentru iubitorii [&hellip;]<\/p>\n","protected":false},"featured_media":15467,"template":"","meta":{"_et_pb_use_builder":"","_et_pb_old_content":"","_et_gb_content_width":""},"product_brand":[],"product_cat":[2239,2240],"product_tag":[],"class_list":{"0":"post-19482","1":"product","2":"type-product","3":"status-publish","4":"has-post-thumbnail","6":"product_cat-branza-si-carnati","7":"product_cat-carnati","9":"first","10":"outofstock","11":"taxable","12":"shipping-taxable","13":"purchasable","14":"product-type-simple"},"_links":{"self":[{"href":"https:\/\/myspainfood.com\/ro\/wp-json\/wp\/v2\/product\/19482","targetHints":{"allow":["GET"]}}],"collection":[{"href":"https:\/\/myspainfood.com\/ro\/wp-json\/wp\/v2\/product"}],"about":[{"href":"https:\/\/myspainfood.com\/ro\/wp-json\/wp\/v2\/types\/product"}],"wp:featuredmedia":[{"embeddable":true,"href":"https:\/\/myspainfood.com\/ro\/wp-json\/wp\/v2\/media\/15467"}],"wp:attachment":[{"href":"https:\/\/myspainfood.com\/ro\/wp-json\/wp\/v2\/media?parent=19482"}],"wp:term":[{"taxonomy":"product_brand","embeddable":true,"href":"https:\/\/myspainfood.com\/ro\/wp-json\/wp\/v2\/product_brand?post=19482"},{"taxonomy":"product_cat","embeddable":true,"href":"https:\/\/myspainfood.com\/ro\/wp-json\/wp\/v2\/product_cat?post=19482"},{"taxonomy":"product_tag","embeddable":true,"href":"https:\/\/myspainfood.com\/ro\/wp-json\/wp\/v2\/product_tag?post=19482"}],"curies":[{"name":"wp","href":"https:\/\/api.w.org\/{rel}","templated":true}]}}