{"id":19697,"date":"2025-04-10T12:14:40","date_gmt":"2025-04-10T10:14:40","guid":{"rendered":"https:\/\/myspainfood.com\/producto\/file-de-macrou-de-sud-ubago-cu-ulei-de-masline-105-gr\/"},"modified":"2026-01-30T14:23:26","modified_gmt":"2026-01-30T13:23:26","slug":"file-de-macrou-de-sud-ubago-cu-ulei-de-masline-105-gr","status":"publish","type":"product","link":"https:\/\/myspainfood.com\/ro\/producto\/file-de-macrou-de-sud-ubago-cu-ulei-de-masline-105-gr\/","title":{"rendered":"File de macrou de sud - Ubago - Cu ulei de m\u0103sline- 105 gr"},"content":{"rendered":"<h3><strong>Ubago Southern Mackerel Fillets cu ulei de m\u0103sline - calitate \u0219i gust tradi\u021bional<\/strong><\/h3>\n<p>Descoperi\u021bi <strong>fileurile de macrou din sud \u00een ulei de m\u0103sline din <a href=\"https:\/\/ubagogroup.com\/\" target=\"_blank\" rel=\"noopener noreferrer nofollow\">Ubago<\/a><\/strong>, o delicates\u0103 bogat\u0103 \u00een <a href=\"https:\/\/nutribiotica.es\/digestivo-y-nutricion\/omega-3-para-que-sirve\/\" target=\"_blank\" rel=\"noopener noreferrer nofollow\"><strong>omega-3<\/strong><\/a> \u0219i proteine. Aceast\u0103 conserv\u0103 gastronomic\u0103 ofer\u0103 macrou capturat pe coasta Atlanticului \u0219i ambalat \u00een <strong>ulei de m\u0103sline extravirgin<\/strong>, sporindu-i aroma \u0219i prospe\u021bimea.<\/p>\n<p>Ideal pentru prepararea re\u021betelor s\u0103n\u0103toase sau pentru a fi savurat \u00een salate \u0219i gust\u0103ri. Afla\u021bi mai multe despre beneficiile <strong>uleiului de m\u0103sline extravirgin<\/strong> pe <a href=\"https:\/\/latiendadesami.com\/category\/recetas\/\" rel=\"noopener noreferrer nofollow\" target=\"_blank\">blogul nostru dedicat produselor gourmet<\/a>. <\/p>\n<p><strong>Comanda\u021bi ast\u0103zi \u0219i bucura\u021bi-v\u0103 de gustul autentic al coastelor sudice.<\/strong> Dac\u0103 v\u0103 place acest produs, nu rata\u021bi selec\u021bia noastr\u0103 de <strong><a href=\"https:\/\/latiendadesami.com\/categoria-producto\/conservas\/\" rel=\"noopener noreferrer nofollow\" target=\"_blank\">conserve gourmet<\/a><\/strong> sau descoperi\u021bi alte delicioase <strong><a href=\"https:\/\/latiendadesami.com\/categoria-producto\/queso-embutido\/\" rel=\"noopener noreferrer nofollow\" target=\"_blank\">produse tipic spaniole<\/a><\/strong> cum ar fi uleiuri, vinuri, c\u00e2rna\u021bi \u0219i multe altele.<\/p>\n<p>Explora\u021bi magazinul nostru \u0219i aduce\u021bi la masa dumneavoastr\u0103 cele mai bune produse gastronomice spaniole!<\/p>\n","protected":false},"excerpt":{"rendered":"<p>Ubago Southern Mackerel Fillets cu ulei de m\u0103sline - calitate \u0219i gust tradi\u021bional<\/p>\n","protected":false},"featured_media":15143,"template":"","meta":{"_et_pb_use_builder":"","_et_pb_old_content":"","_et_gb_content_width":""},"product_brand":[],"product_cat":[8048,1975],"product_tag":[],"class_list":{"0":"post-19697","1":"product","2":"type-product","3":"status-publish","4":"has-post-thumbnail","6":"product_cat-categoria-de-testare","7":"product_cat-conserve-ro","9":"first","10":"instock","11":"taxable","12":"shipping-taxable","13":"purchasable","14":"product-type-variable"},"_links":{"self":[{"href":"https:\/\/myspainfood.com\/ro\/wp-json\/wp\/v2\/product\/19697","targetHints":{"allow":["GET"]}}],"collection":[{"href":"https:\/\/myspainfood.com\/ro\/wp-json\/wp\/v2\/product"}],"about":[{"href":"https:\/\/myspainfood.com\/ro\/wp-json\/wp\/v2\/types\/product"}],"wp:featuredmedia":[{"embeddable":true,"href":"https:\/\/myspainfood.com\/ro\/wp-json\/wp\/v2\/media\/15143"}],"wp:attachment":[{"href":"https:\/\/myspainfood.com\/ro\/wp-json\/wp\/v2\/media?parent=19697"}],"wp:term":[{"taxonomy":"product_brand","embeddable":true,"href":"https:\/\/myspainfood.com\/ro\/wp-json\/wp\/v2\/product_brand?post=19697"},{"taxonomy":"product_cat","embeddable":true,"href":"https:\/\/myspainfood.com\/ro\/wp-json\/wp\/v2\/product_cat?post=19697"},{"taxonomy":"product_tag","embeddable":true,"href":"https:\/\/myspainfood.com\/ro\/wp-json\/wp\/v2\/product_tag?post=19697"}],"curies":[{"name":"wp","href":"https:\/\/api.w.org\/{rel}","templated":true}]}}