{"id":19807,"date":"2025-04-10T12:16:17","date_gmt":"2025-04-10T10:16:17","guid":{"rendered":"https:\/\/myspainfood.com\/producto\/somon-norvegian-afumat-port-faroe-600-g\/"},"modified":"2026-01-30T14:33:22","modified_gmt":"2026-01-30T13:33:22","slug":"somon-norvegian-afumat-port-faroe-600-g","status":"publish","type":"product","link":"https:\/\/myspainfood.com\/ro\/producto\/somon-norvegian-afumat-port-faroe-600-g\/","title":{"rendered":"Somon norvegian afumat - Port Faroe - 600 g"},"content":{"rendered":"<h3><strong>Somon norvegian afumat - Port Faroe - 600 g<\/strong><\/h3>\n<p><strong>  Acum v\u0103 pute\u021bi bucura de toat\u0103 prospe\u021bimea \u0219i calitatea somonului premium.<\/strong><\/p>\n<p><strong>Somonul Norvegian Afumat - Port Faroe<\/strong> combin\u0103 tradi\u021bia \u0219i aroma, fiind ideal pentru re\u021bete gourmet. Provenit din ape cristaline, ofer\u0103 o arom\u0103 afumat\u0103 bl\u00e2nd\u0103 \u0219i echilibrat\u0103. <\/p>\n<h4><strong>Principalele beneficii:<\/strong><\/h4>\n<ul>\n<li><strong>Origine certificat\u0103<\/strong>: ape curate \u0219i durabile din Norvegia \u0219i Port Faroe.<\/li>\n<li><strong>Bogat \u00een Omega-3<\/strong>: Perfect pentru o diet\u0103 s\u0103n\u0103toas\u0103 \u0219i echilibrat\u0103.<\/li>\n<li><strong>U\u0219or de utilizat<\/strong>: Gata pentru salate, sushi sau gust\u0103ri.<\/li>\n<\/ul>\n<p><strong>V\u0103 place buc\u0103t\u0103ria gourmet? Descoperi\u021bi \u0219i <a href=\"https:\/\/latiendadesami.com\/\" rel=\"noopener noreferrer nofollow\" target=\"_blank\">alte produse premium \u00een magazinul nostru<\/a>. <\/strong><\/p>\n","protected":false},"excerpt":{"rendered":"<p>Somon norvegian afumat - Port Faroe - 600 g Acum v\u0103 pute\u021bi bucura de toat\u0103 prospe\u021bimea \u0219i calitatea somonului premium. Somonul Norvegian Afumat - Port Faroe combin\u0103 tradi\u021bia \u0219i aroma, fiind ideal pentru re\u021bete gourmet. Provenit din ape cristaline, ofer\u0103 o arom\u0103 afumat\u0103 bl\u00e2nd\u0103 \u0219i echilibrat\u0103. Principalele beneficii: Origine certificat\u0103: ape curate \u0219i durabile din [&hellip;]<\/p>\n","protected":false},"featured_media":15494,"template":"","meta":{"_et_pb_use_builder":"","_et_pb_old_content":"","_et_gb_content_width":""},"product_brand":[],"product_cat":[8048],"product_tag":[],"class_list":{"0":"post-19807","1":"product","2":"type-product","3":"status-publish","4":"has-post-thumbnail","6":"product_cat-categoria-de-testare","8":"first","9":"outofstock","10":"taxable","11":"shipping-taxable","12":"product-type-variable"},"_links":{"self":[{"href":"https:\/\/myspainfood.com\/ro\/wp-json\/wp\/v2\/product\/19807","targetHints":{"allow":["GET"]}}],"collection":[{"href":"https:\/\/myspainfood.com\/ro\/wp-json\/wp\/v2\/product"}],"about":[{"href":"https:\/\/myspainfood.com\/ro\/wp-json\/wp\/v2\/types\/product"}],"wp:featuredmedia":[{"embeddable":true,"href":"https:\/\/myspainfood.com\/ro\/wp-json\/wp\/v2\/media\/15494"}],"wp:attachment":[{"href":"https:\/\/myspainfood.com\/ro\/wp-json\/wp\/v2\/media?parent=19807"}],"wp:term":[{"taxonomy":"product_brand","embeddable":true,"href":"https:\/\/myspainfood.com\/ro\/wp-json\/wp\/v2\/product_brand?post=19807"},{"taxonomy":"product_cat","embeddable":true,"href":"https:\/\/myspainfood.com\/ro\/wp-json\/wp\/v2\/product_cat?post=19807"},{"taxonomy":"product_tag","embeddable":true,"href":"https:\/\/myspainfood.com\/ro\/wp-json\/wp\/v2\/product_tag?post=19807"}],"curies":[{"name":"wp","href":"https:\/\/api.w.org\/{rel}","templated":true}]}}