{"id":19858,"date":"2025-04-10T12:16:17","date_gmt":"2025-04-10T10:16:17","guid":{"rendered":"https:\/\/myspainfood.com\/producto\/branza-semi-curata-san-isidro-3-kg-aprox\/"},"modified":"2026-01-30T14:34:32","modified_gmt":"2026-01-30T13:34:32","slug":"branza-semi-curata-san-isidro-3-kg-aprox","status":"publish","type":"product","link":"https:\/\/myspainfood.com\/ro\/producto\/branza-semi-curata-san-isidro-3-kg-aprox\/","title":{"rendered":"Br\u00e2nz\u0103 semi-curat\u0103 San Isidro - 3 Kg (Aprox.)"},"content":{"rendered":"<h3><strong>San Isidro Semicured Cheese - 3 Kg<\/strong><\/h3>\n<p><strong>San Isidro Semicured Cheese<\/strong> 3,4 kg este alegerea ideal\u0103 pentru iubitorii de br\u00e2nz\u0103 tradi\u021bional\u0103. Cu o maturare echilibrat\u0103, textura sa cremoas\u0103 \u0219i aroma bl\u00e2nd\u0103 cu accente intense o fac perfect\u0103 pentru orice ocazie. <\/p>\n<h4><strong>Caracteristici principale:<\/strong><\/h4>\n<ul>\n<li><strong>Greutate ideal\u0103<\/strong>: 3,4 kg, conceput pentru a fi \u00eemp\u0103r\u021bit sau savurat la evenimente mari.<\/li>\n<li><strong>Produc\u021bie artizanal\u0103<\/strong>: respectarea tradi\u021biilor locale de fabricare a br\u00e2nzeturilor.<\/li>\n<li><strong>Gust unic<\/strong>: note l\u0103ptoase bl\u00e2nde, cu un punct de coacere care \u00eel diferen\u021biaz\u0103.<\/li>\n<\/ul>\n<p>Servi\u021bi cu <a href=\"https:\/\/latiendadesami.com\/categoria-producto\/queso-embutido\/\" rel=\"noopener noreferrer nofollow\" target=\"_blank\">mezelurile noastre iberice<\/a> pentru o mas\u0103 de br\u00e2nzeturi perfect\u0103.<\/p>\n","protected":false},"excerpt":{"rendered":"<p>San Isidro Semicured Cheese - 3 Kg San Isidro Semicured Cheese 3,4 kg este alegerea ideal\u0103 pentru iubitorii de br\u00e2nz\u0103 tradi\u021bional\u0103. Cu o maturare echilibrat\u0103, textura sa cremoas\u0103 \u0219i aroma bl\u00e2nd\u0103 cu accente intense o fac perfect\u0103 pentru orice ocazie. Caracteristici principale: Greutate ideal\u0103: 3,4 kg, conceput pentru a fi \u00eemp\u0103r\u021bit sau savurat la evenimente [&hellip;]<\/p>\n","protected":false},"featured_media":15521,"template":"","meta":{"_et_pb_use_builder":"","_et_pb_old_content":"","_et_gb_content_width":""},"product_brand":[],"product_cat":[2239,5727],"product_tag":[],"class_list":{"0":"post-19858","1":"product","2":"type-product","3":"status-publish","4":"has-post-thumbnail","6":"product_cat-branza-si-carnati","7":"product_cat-curatare-ro","9":"first","10":"instock","11":"taxable","12":"shipping-taxable","13":"purchasable","14":"product-type-variable"},"_links":{"self":[{"href":"https:\/\/myspainfood.com\/ro\/wp-json\/wp\/v2\/product\/19858","targetHints":{"allow":["GET"]}}],"collection":[{"href":"https:\/\/myspainfood.com\/ro\/wp-json\/wp\/v2\/product"}],"about":[{"href":"https:\/\/myspainfood.com\/ro\/wp-json\/wp\/v2\/types\/product"}],"wp:featuredmedia":[{"embeddable":true,"href":"https:\/\/myspainfood.com\/ro\/wp-json\/wp\/v2\/media\/15521"}],"wp:attachment":[{"href":"https:\/\/myspainfood.com\/ro\/wp-json\/wp\/v2\/media?parent=19858"}],"wp:term":[{"taxonomy":"product_brand","embeddable":true,"href":"https:\/\/myspainfood.com\/ro\/wp-json\/wp\/v2\/product_brand?post=19858"},{"taxonomy":"product_cat","embeddable":true,"href":"https:\/\/myspainfood.com\/ro\/wp-json\/wp\/v2\/product_cat?post=19858"},{"taxonomy":"product_tag","embeddable":true,"href":"https:\/\/myspainfood.com\/ro\/wp-json\/wp\/v2\/product_tag?post=19858"}],"curies":[{"name":"wp","href":"https:\/\/api.w.org\/{rel}","templated":true}]}}