{"id":19962,"date":"2025-04-10T12:16:17","date_gmt":"2025-04-10T10:16:17","guid":{"rendered":"https:\/\/myspainfood.com\/producto\/branza-cruda-din-lapte-de-oaie-flor-esgueva-1-kg\/"},"modified":"2026-01-30T14:35:27","modified_gmt":"2026-01-30T13:35:27","slug":"branza-cruda-din-lapte-de-oaie-flor-esgueva-1-kg","status":"publish","type":"product","link":"https:\/\/myspainfood.com\/ro\/producto\/branza-cruda-din-lapte-de-oaie-flor-esgueva-1-kg\/","title":{"rendered":"Br\u00e2nz\u0103 crud\u0103 din lapte de oaie - Flor Esgueva - 1 kg"},"content":{"rendered":"<h3><strong>Br\u00e2nz\u0103 crud\u0103 din lapte de oaie - Flor Esgueva - 1 kg<\/strong><\/h3>\n<p>Br\u00e2nza <strong>din lapte crud de oaie - Flor Esgueva<\/strong>, este o referin\u021b\u0103 \u00een br\u00e2nzeturile artizanale spaniole. Produs\u0103 din lapte crud de oaie selec\u021bionat, se remarc\u0103 prin textura ferm\u0103, aroma intens\u0103 \u0219i gustul care combin\u0103 notele l\u0103ptoase cu o atingere perfect\u0103 de maturitate. <\/p>\n<h4><strong>De ce s\u0103 alege\u021bi Flor Esgueva<\/strong><\/h4>\n<ul>\n<li><strong>Lapte de oaie crud<\/strong>: gust autentic \u0219i propriet\u0103\u021bi naturale intacte.<\/li>\n<li><strong>Maturare tradi\u021bional\u0103<\/strong>: \u00eembun\u0103t\u0103\u021bit\u0103 \u00een pivni\u021be pentru un profil de arom\u0103 unic.<\/li>\n<li><strong>Dimensiune ideal\u0103<\/strong>: Perfect pentru a fi \u00eemp\u0103r\u021bit sau savurat \u00een diverse re\u021bete.<\/li>\n<\/ul>\n","protected":false},"excerpt":{"rendered":"<p>Br\u00e2nz\u0103 crud\u0103 din lapte de oaie - Flor Esgueva - 1 kg Br\u00e2nza din lapte crud de oaie - Flor Esgueva, este o referin\u021b\u0103 \u00een br\u00e2nzeturile artizanale spaniole. Produs\u0103 din lapte crud de oaie selec\u021bionat, se remarc\u0103 prin textura ferm\u0103, aroma intens\u0103 \u0219i gustul care combin\u0103 notele l\u0103ptoase cu o atingere perfect\u0103 de maturitate. De [&hellip;]<\/p>\n","protected":false},"featured_media":15566,"template":"","meta":{"_et_pb_use_builder":"","_et_pb_old_content":"","_et_gb_content_width":""},"product_brand":[],"product_cat":[2239],"product_tag":[],"class_list":{"0":"post-19962","1":"product","2":"type-product","3":"status-publish","4":"has-post-thumbnail","6":"product_cat-branza-si-carnati","8":"first","9":"outofstock","10":"taxable","11":"shipping-taxable","12":"product-type-variable"},"_links":{"self":[{"href":"https:\/\/myspainfood.com\/ro\/wp-json\/wp\/v2\/product\/19962","targetHints":{"allow":["GET"]}}],"collection":[{"href":"https:\/\/myspainfood.com\/ro\/wp-json\/wp\/v2\/product"}],"about":[{"href":"https:\/\/myspainfood.com\/ro\/wp-json\/wp\/v2\/types\/product"}],"wp:featuredmedia":[{"embeddable":true,"href":"https:\/\/myspainfood.com\/ro\/wp-json\/wp\/v2\/media\/15566"}],"wp:attachment":[{"href":"https:\/\/myspainfood.com\/ro\/wp-json\/wp\/v2\/media?parent=19962"}],"wp:term":[{"taxonomy":"product_brand","embeddable":true,"href":"https:\/\/myspainfood.com\/ro\/wp-json\/wp\/v2\/product_brand?post=19962"},{"taxonomy":"product_cat","embeddable":true,"href":"https:\/\/myspainfood.com\/ro\/wp-json\/wp\/v2\/product_cat?post=19962"},{"taxonomy":"product_tag","embeddable":true,"href":"https:\/\/myspainfood.com\/ro\/wp-json\/wp\/v2\/product_tag?post=19962"}],"curies":[{"name":"wp","href":"https:\/\/api.w.org\/{rel}","templated":true}]}}