{"id":20056,"date":"2025-04-10T12:16:18","date_gmt":"2025-04-10T10:16:18","guid":{"rendered":"https:\/\/myspainfood.com\/producto\/sardine-in-ulei-de-floarea-soarelui-rias-baixas-855-g\/"},"modified":"2026-01-30T14:36:57","modified_gmt":"2026-01-30T13:36:57","slug":"sardine-in-ulei-de-floarea-soarelui-rias-baixas-855-g","status":"publish","type":"product","link":"https:\/\/myspainfood.com\/ro\/producto\/sardine-in-ulei-de-floarea-soarelui-rias-baixas-855-g\/","title":{"rendered":"Sardine \u00een ulei de floarea soarelui - Rias Baixas - 855 g"},"content":{"rendered":"<h3><strong>Sardine \u00een ulei de floarea soarelui - R\u00edas Baixas - 855 g<\/strong><\/h3>\n<p><strong>Sardinele \u00een ulei de floarea-soarelui din R\u00edas Baixas<\/strong> sunt atent selectate \u0219i ambalate pentru a le p\u0103stra prospe\u021bimea \u0219i aroma natural\u0103, astfel \u00eenc\u00e2t s\u0103 v\u0103 pute\u021bi bucura de toat\u0103 savoarea lor. Sunt ideale pentru salate, aperitive sau re\u021bete tradi\u021bionale \u0219i se remarc\u0103 prin textura fraged\u0103 \u0219i aroma rafinat\u0103 \u00een gur\u0103. <\/p>\n<p>Nu ezita\u021bi \u0219i r\u0103sf\u0103\u021ba\u021bi-v\u0103 cu cele mai bune sardine. Descoperi\u021bi selec\u021bia noastr\u0103 de <a href=\"https:\/\/latiendadesami.com\/categoria-producto\/conservas\/\" target=\"_blank\" rel=\"noopener noreferrer nofollow\"><b>conserve alimentare<\/b> <\/a>  <\/p>\n<h4><strong>De ce s\u0103 le alege\u021bi<\/strong><\/h4>\n<ul>\n<li><strong>Origine garantat\u0103!<\/strong>  Prins \u00een apele curate \u0219i bogate ale Atlanticului, \u00een R\u00edas Baixas din Galicia.<\/li>\n<li><strong>Ulei de floarea-soarelui de calitate superioar\u0103, care confer\u0103<\/strong>fine\u021be \u0219i echilibru gustului.<\/li>\n<li><strong>Format<\/strong>: cutie de 855 g, ideal\u0103 pentru familii sau evenimente speciale.<\/li>\n<\/ul>\n","protected":false},"excerpt":{"rendered":"<p>Sardine \u00een ulei de floarea soarelui - R\u00edas Baixas - 855 g Sardinele \u00een ulei de floarea-soarelui din R\u00edas Baixas sunt atent selectate \u0219i ambalate pentru a le p\u0103stra prospe\u021bimea \u0219i aroma natural\u0103, astfel \u00eenc\u00e2t s\u0103 v\u0103 pute\u021bi bucura de toat\u0103 savoarea lor. Sunt ideale pentru salate, aperitive sau re\u021bete tradi\u021bionale \u0219i se remarc\u0103 prin [&hellip;]<\/p>\n","protected":false},"featured_media":15548,"template":"","meta":{"_et_pb_use_builder":"","_et_pb_old_content":"","_et_gb_content_width":""},"product_brand":[],"product_cat":[1975],"product_tag":[],"class_list":{"0":"post-20056","1":"product","2":"type-product","3":"status-publish","4":"has-post-thumbnail","6":"product_cat-conserve-ro","8":"first","9":"outofstock","10":"taxable","11":"shipping-taxable","12":"product-type-variable"},"_links":{"self":[{"href":"https:\/\/myspainfood.com\/ro\/wp-json\/wp\/v2\/product\/20056","targetHints":{"allow":["GET"]}}],"collection":[{"href":"https:\/\/myspainfood.com\/ro\/wp-json\/wp\/v2\/product"}],"about":[{"href":"https:\/\/myspainfood.com\/ro\/wp-json\/wp\/v2\/types\/product"}],"wp:featuredmedia":[{"embeddable":true,"href":"https:\/\/myspainfood.com\/ro\/wp-json\/wp\/v2\/media\/15548"}],"wp:attachment":[{"href":"https:\/\/myspainfood.com\/ro\/wp-json\/wp\/v2\/media?parent=20056"}],"wp:term":[{"taxonomy":"product_brand","embeddable":true,"href":"https:\/\/myspainfood.com\/ro\/wp-json\/wp\/v2\/product_brand?post=20056"},{"taxonomy":"product_cat","embeddable":true,"href":"https:\/\/myspainfood.com\/ro\/wp-json\/wp\/v2\/product_cat?post=20056"},{"taxonomy":"product_tag","embeddable":true,"href":"https:\/\/myspainfood.com\/ro\/wp-json\/wp\/v2\/product_tag?post=20056"}],"curies":[{"name":"wp","href":"https:\/\/api.w.org\/{rel}","templated":true}]}}