{"id":20257,"date":"2025-04-10T12:10:56","date_gmt":"2025-04-10T10:10:56","guid":{"rendered":"https:\/\/myspainfood.com\/producto\/olive-sabrosita-aguedo-2-kg-greutate-neta\/"},"modified":"2025-04-10T12:10:56","modified_gmt":"2025-04-10T10:10:56","slug":"olive-sabrosita-aguedo-2-kg-greutate-neta","status":"publish","type":"product","link":"https:\/\/myspainfood.com\/ro\/producto\/olive-sabrosita-aguedo-2-kg-greutate-neta\/","title":{"rendered":"Olive Sabrosita Aguedo 2 kg greutate net\u0103"},"content":{"rendered":"<p>La ACEITUNAS AGUEDO garant\u0103m excelen\u021ba produselor noastre, combin\u00e2nd tradi\u021bia \u0219i noile tehnologii. Oferim profesionalismul unei \u00eentreprinderi familiale \u00een continu\u0103 dezvoltare, av\u00e2nd ca unic obiectiv satisfac\u021bia clien\u021bilor no\u0219tri. <\/p>\n<p>Supraveghem toate procesele de produc\u021bie de la \u00eenceput p\u00e2n\u0103 la sf\u00e2r\u0219it, aceasta este singura modalitate de a ob\u021bine produse MAXIMALE.<\/p>\n","protected":false},"excerpt":{"rendered":"<p>La ACEITUNAS AGUEDO garant\u0103m excelen\u021ba produselor noastre, combin\u00e2nd tradi\u021bia \u0219i noile tehnologii. Oferim profesionalismul unei \u00eentreprinderi familiale \u00een continu\u0103 dezvoltare, av\u00e2nd ca unic obiectiv satisfac\u021bia clien\u021bilor no\u0219tri. Supraveghem toate procesele de produc\u021bie de la \u00eenceput p\u00e2n\u0103 la sf\u00e2r\u0219it, aceasta este singura modalitate de a ob\u021bine produse MAXIMALE.<\/p>\n","protected":false},"featured_media":13307,"template":"","meta":{"_et_pb_use_builder":"","_et_pb_old_content":"","_et_gb_content_width":""},"product_brand":[1397],"product_cat":[1600,1598],"product_tag":[2056],"class_list":{"0":"post-20257","1":"product","2":"type-product","3":"status-publish","4":"has-post-thumbnail","6":"product_brand-aguedo","7":"product_cat-masline","8":"product_cat-muraturi","9":"product_tag-musetel","11":"first","12":"outofstock","13":"taxable","14":"shipping-taxable","15":"purchasable","16":"product-type-simple"},"_links":{"self":[{"href":"https:\/\/myspainfood.com\/ro\/wp-json\/wp\/v2\/product\/20257","targetHints":{"allow":["GET"]}}],"collection":[{"href":"https:\/\/myspainfood.com\/ro\/wp-json\/wp\/v2\/product"}],"about":[{"href":"https:\/\/myspainfood.com\/ro\/wp-json\/wp\/v2\/types\/product"}],"wp:featuredmedia":[{"embeddable":true,"href":"https:\/\/myspainfood.com\/ro\/wp-json\/wp\/v2\/media\/13307"}],"wp:attachment":[{"href":"https:\/\/myspainfood.com\/ro\/wp-json\/wp\/v2\/media?parent=20257"}],"wp:term":[{"taxonomy":"product_brand","embeddable":true,"href":"https:\/\/myspainfood.com\/ro\/wp-json\/wp\/v2\/product_brand?post=20257"},{"taxonomy":"product_cat","embeddable":true,"href":"https:\/\/myspainfood.com\/ro\/wp-json\/wp\/v2\/product_cat?post=20257"},{"taxonomy":"product_tag","embeddable":true,"href":"https:\/\/myspainfood.com\/ro\/wp-json\/wp\/v2\/product_tag?post=20257"}],"curies":[{"name":"wp","href":"https:\/\/api.w.org\/{rel}","templated":true}]}}