{"id":20612,"date":"2025-04-10T12:11:04","date_gmt":"2025-04-10T10:11:04","guid":{"rendered":"https:\/\/myspainfood.com\/producto\/spin-de-porc-iberic-rasa-iberica-fili-500-grame-aprox\/"},"modified":"2025-06-24T13:17:50","modified_gmt":"2025-06-24T11:17:50","slug":"spin-de-porc-iberic-rasa-iberica-fili-500-grame-aprox","status":"publish","type":"product","link":"https:\/\/myspainfood.com\/ro\/producto\/spin-de-porc-iberic-rasa-iberica-fili-500-grame-aprox\/","title":{"rendered":"Spin de porc iberic Rasa iberic\u0103 FILI 500 grame aprox."},"content":{"rendered":"<p>Produs tradi\u021bional de cea mai \u00eenalt\u0103 calitate, ob\u021binut dintr-o selec\u021bie a celei mai bune carne slab\u0103 iberic\u0103, preparat\u0103 cu mirodenii naturale.<\/p>\n","protected":false},"excerpt":{"rendered":"<p>Produs tradi\u021bional de cea mai \u00eenalt\u0103 calitate, ob\u021binut dintr-o selec\u021bie a celei mai bune carne slab\u0103 iberic\u0103, preparat\u0103 cu mirodenii naturale.<\/p>\n","protected":false},"featured_media":13433,"template":"","meta":{"_et_pb_use_builder":"","_et_pb_old_content":"","_et_gb_content_width":""},"product_brand":[],"product_cat":[2239,2240,1828],"product_tag":[],"class_list":{"0":"post-20612","1":"product","2":"type-product","3":"status-publish","4":"has-post-thumbnail","6":"product_cat-branza-si-carnati","7":"product_cat-carnati","8":"product_cat-rece","9":"product_shipping_class-transport-la-rece","11":"first","12":"outofstock","13":"taxable","14":"shipping-taxable","15":"purchasable","16":"product-type-simple"},"_links":{"self":[{"href":"https:\/\/myspainfood.com\/ro\/wp-json\/wp\/v2\/product\/20612","targetHints":{"allow":["GET"]}}],"collection":[{"href":"https:\/\/myspainfood.com\/ro\/wp-json\/wp\/v2\/product"}],"about":[{"href":"https:\/\/myspainfood.com\/ro\/wp-json\/wp\/v2\/types\/product"}],"wp:featuredmedia":[{"embeddable":true,"href":"https:\/\/myspainfood.com\/ro\/wp-json\/wp\/v2\/media\/13433"}],"wp:attachment":[{"href":"https:\/\/myspainfood.com\/ro\/wp-json\/wp\/v2\/media?parent=20612"}],"wp:term":[{"taxonomy":"product_brand","embeddable":true,"href":"https:\/\/myspainfood.com\/ro\/wp-json\/wp\/v2\/product_brand?post=20612"},{"taxonomy":"product_cat","embeddable":true,"href":"https:\/\/myspainfood.com\/ro\/wp-json\/wp\/v2\/product_cat?post=20612"},{"taxonomy":"product_tag","embeddable":true,"href":"https:\/\/myspainfood.com\/ro\/wp-json\/wp\/v2\/product_tag?post=20612"}],"curies":[{"name":"wp","href":"https:\/\/api.w.org\/{rel}","templated":true}]}}