{"id":21093,"date":"2025-04-10T12:10:26","date_gmt":"2025-04-10T10:10:26","guid":{"rendered":"https:\/\/myspainfood.com\/producto\/bocaditos-bacalao-salados\/"},"modified":"2025-06-24T13:15:25","modified_gmt":"2025-06-24T11:15:25","slug":"bocaditos-bacalao-salados","status":"publish","type":"product","link":"https:\/\/myspainfood.com\/ro\/producto\/bocaditos-bacalao-salados\/","title":{"rendered":"Bocaditos Bacalao Salados"},"content":{"rendered":"<p style=\"text-align: left\">&#8222;Cod&#8221; este denumirea comun\u0103 pentru mai multe specii de pe\u0219ti din genul Gadus, de\u0219i unele din acela\u0219i gen pot avea alte denumiri. Cea mai comun\u0103 specie este codul de Atlantic<strong>(Gadus morhua<\/strong> sau cod comun). Este unul dintre cei mai cunoscu\u021bi pe\u0219ti din lume \u0219i este apreciat pentru gustul s\u0103u deosebit.  <\/p>\n<h6 style=\"text-align: left\"><u>VALOAREA NUTRITIV\u0102<\/u><\/h6>\n<p>Din punct de vedere nutri\u021bional, codul este un aliment bogat \u00een proteine de mare valoare biologic\u0103 \u0219i digestibilitate, cu un con\u021binut sc\u0103zut de gr\u0103simi \u0219i calorii. Con\u021binutul s\u0103u de ap\u0103 este de aproximativ 80% (\u00een cazul codului proasp\u0103t) \u0219i este o surs\u0103 bun\u0103 de vitamine (\u00een principal din grupa B) \u0219i s\u0103ruri minerale esen\u021biale pentru organism. Codul proasp\u0103t sau des\u0103rat poate fi consumat de persoanele cu hipertensiune arterial\u0103, deoarece este s\u0103rac \u00een sodiu \u0219i bogat \u00een potasiu.  <\/p>\n","protected":false},"excerpt":{"rendered":"<p>&#8222;Cod&#8221; este denumirea comun\u0103 pentru mai multe specii de pe\u0219ti din genul Gadus, de\u0219i unele din acela\u0219i gen pot avea alte denumiri. Cea mai comun\u0103 specie este codul de Atlantic(Gadus morhua sau cod comun). Este unul dintre cei mai cunoscu\u021bi pe\u0219ti din lume \u0219i este apreciat pentru gustul s\u0103u deosebit. VALOAREA NUTRITIV\u0102 Din punct de [&hellip;]<\/p>\n","protected":false},"featured_media":12785,"template":"","meta":{"_et_pb_use_builder":"","_et_pb_old_content":"","_et_gb_content_width":""},"product_brand":[1290],"product_cat":[3554,1828],"product_tag":[],"class_list":{"0":"post-21093","1":"product","2":"type-product","3":"status-publish","4":"has-post-thumbnail","6":"product_brand-la-barajilla","7":"product_cat-cod-ro","8":"product_cat-rece","9":"product_shipping_class-transport-la-rece","11":"first","12":"outofstock","13":"taxable","14":"shipping-taxable","15":"purchasable","16":"product-type-simple"},"_links":{"self":[{"href":"https:\/\/myspainfood.com\/ro\/wp-json\/wp\/v2\/product\/21093","targetHints":{"allow":["GET"]}}],"collection":[{"href":"https:\/\/myspainfood.com\/ro\/wp-json\/wp\/v2\/product"}],"about":[{"href":"https:\/\/myspainfood.com\/ro\/wp-json\/wp\/v2\/types\/product"}],"wp:featuredmedia":[{"embeddable":true,"href":"https:\/\/myspainfood.com\/ro\/wp-json\/wp\/v2\/media\/12785"}],"wp:attachment":[{"href":"https:\/\/myspainfood.com\/ro\/wp-json\/wp\/v2\/media?parent=21093"}],"wp:term":[{"taxonomy":"product_brand","embeddable":true,"href":"https:\/\/myspainfood.com\/ro\/wp-json\/wp\/v2\/product_brand?post=21093"},{"taxonomy":"product_cat","embeddable":true,"href":"https:\/\/myspainfood.com\/ro\/wp-json\/wp\/v2\/product_cat?post=21093"},{"taxonomy":"product_tag","embeddable":true,"href":"https:\/\/myspainfood.com\/ro\/wp-json\/wp\/v2\/product_tag?post=21093"}],"curies":[{"name":"wp","href":"https:\/\/api.w.org\/{rel}","templated":true}]}}