{"id":21463,"date":"2025-04-10T12:10:29","date_gmt":"2025-04-10T10:10:29","guid":{"rendered":"https:\/\/myspainfood.com\/producto\/bucati-de-burta-de-ton-areoso-120gr-250-unitati\/"},"modified":"2025-04-10T12:10:29","modified_gmt":"2025-04-10T10:10:29","slug":"bucati-de-burta-de-ton-areoso-120gr-250-unitati","status":"publish","type":"product","link":"https:\/\/myspainfood.com\/ro\/producto\/bucati-de-burta-de-ton-areoso-120gr-250-unitati\/","title":{"rendered":"Buc\u0103\u021bi de burt\u0103 de ton Areoso 120gr 250 unit\u0103\u021bi"},"content":{"rendered":"<p>Specifica\u021bii: burt\u0103 de ton cu aripioare galbene (Thunnus albacares) \u00een ulei de floarea-soarelui.<\/p>\n<p>Ingrediente: Burt\u0103 de ton cu aripioare galbene 65,2%, ulei de floarea soarelui 34,8%, sare, sare.<\/p>\n<p>Procesul de produc\u021bie: Zona ventral\u0103 a tonului cu aripioare galbene este una dintre cele mai apreciate pentru aroma sa deosebit\u0103 \u0219i textura fin\u0103. Buc\u0103\u021bile de ton ventral ajung la fabric\u0103 pentru a fi manipulate \u00eentr-un mod complet tradi\u021bional. Dup\u0103 g\u0103tire, acestea sunt cur\u0103\u021bate \u0219i separate manual \u00een felii sub\u021biri, de dimensiuni uniforme. Acestea sunt ambalate \u00een cutii de conserve \u0219i se adaug\u0103 ulei de m\u0103sline ca lichid de acoperire, ceea ce, f\u0103r\u0103 \u00eendoial\u0103, va spori aroma deplin\u0103 a acestui produs foarte apreciat. Cutiile sunt apoi sigilate \u0219i sterilizate, un proces riguros controlat care garanteaz\u0103 calitatea \u0219i conservarea produsului timp de mul\u021bi ani, f\u0103r\u0103 ad\u0103ugarea de conservan\u021bi artificiali.    <\/p>\n<p>Scrie\u021bi-ne pentru mai multe informa\u021bii.<\/p>\n","protected":false},"excerpt":{"rendered":"<p>Specifica\u021bii: burt\u0103 de ton cu aripioare galbene (Thunnus albacares) \u00een ulei de floarea-soarelui. Ingrediente: Burt\u0103 de ton cu aripioare galbene 65,2%, ulei de floarea soarelui 34,8%, sare, sare. Procesul de produc\u021bie: Zona ventral\u0103 a tonului cu aripioare galbene este una dintre cele mai apreciate pentru aroma sa deosebit\u0103 \u0219i textura fin\u0103. Buc\u0103\u021bile de ton ventral [&hellip;]<\/p>\n","protected":false},"featured_media":12848,"template":"","meta":{"_et_pb_use_builder":"","_et_pb_old_content":"","_et_gb_content_width":""},"product_brand":[1358],"product_cat":[2897,3269],"product_tag":[],"class_list":{"0":"post-21463","1":"product","2":"type-product","3":"status-publish","4":"has-post-thumbnail","6":"product_brand-areoso","7":"product_cat-comert-cu-ridicata","8":"product_cat-conserve-ro-3","10":"first","11":"outofstock","12":"taxable","13":"shipping-taxable","14":"product-type-variable"},"_links":{"self":[{"href":"https:\/\/myspainfood.com\/ro\/wp-json\/wp\/v2\/product\/21463","targetHints":{"allow":["GET"]}}],"collection":[{"href":"https:\/\/myspainfood.com\/ro\/wp-json\/wp\/v2\/product"}],"about":[{"href":"https:\/\/myspainfood.com\/ro\/wp-json\/wp\/v2\/types\/product"}],"wp:featuredmedia":[{"embeddable":true,"href":"https:\/\/myspainfood.com\/ro\/wp-json\/wp\/v2\/media\/12848"}],"wp:attachment":[{"href":"https:\/\/myspainfood.com\/ro\/wp-json\/wp\/v2\/media?parent=21463"}],"wp:term":[{"taxonomy":"product_brand","embeddable":true,"href":"https:\/\/myspainfood.com\/ro\/wp-json\/wp\/v2\/product_brand?post=21463"},{"taxonomy":"product_cat","embeddable":true,"href":"https:\/\/myspainfood.com\/ro\/wp-json\/wp\/v2\/product_cat?post=21463"},{"taxonomy":"product_tag","embeddable":true,"href":"https:\/\/myspainfood.com\/ro\/wp-json\/wp\/v2\/product_tag?post=21463"}],"curies":[{"name":"wp","href":"https:\/\/api.w.org\/{rel}","templated":true}]}}