{"id":21527,"date":"2025-04-10T12:10:34","date_gmt":"2025-04-10T10:10:34","guid":{"rendered":"https:\/\/myspainfood.com\/producto\/chorizo-iberic-extra-fili-500-grame-salamanca\/"},"modified":"2026-01-29T11:15:21","modified_gmt":"2026-01-29T10:15:21","slug":"chorizo-iberic-extra-fili-500-grame-salamanca","status":"publish","type":"product","link":"https:\/\/myspainfood.com\/ro\/producto\/chorizo-iberic-extra-fili-500-grame-salamanca\/","title":{"rendered":"Chorizo iberic Extra Fili 500 grame Salamanca"},"content":{"rendered":"<p>Produs tradi\u021bional de cea mai \u00eenalt\u0103 calitate, ob\u021binut dintr-o selec\u021bie a celei mai bune carne slab\u0103 iberic\u0103, paprika, usturoi&#8230;<\/p>\n<p>Prezentare: carcas\u0103 natural\u0103 de porc, ambalat\u0103 \u00een vid \u00een buc\u0103\u021bi \u00eentregi sau jum\u0103t\u0103\u021bi.<\/p>\n","protected":false},"excerpt":{"rendered":"<p>Produs tradi\u021bional de cea mai \u00eenalt\u0103 calitate, ob\u021binut dintr-o selec\u021bie a celei mai bune carne slab\u0103 iberic\u0103, paprika, usturoi&#8230; Prezentare: carcas\u0103 natural\u0103 de porc, ambalat\u0103 \u00een vid \u00een buc\u0103\u021bi \u00eentregi sau jum\u0103t\u0103\u021bi.<\/p>\n","protected":false},"featured_media":13109,"template":"","meta":{"_et_pb_use_builder":"","_et_pb_old_content":"","_et_gb_content_width":""},"product_brand":[1388],"product_cat":[2239,2240,1828],"product_tag":[],"class_list":{"0":"post-21527","1":"product","2":"type-product","3":"status-publish","4":"has-post-thumbnail","6":"product_brand-fili","7":"product_cat-branza-si-carnati","8":"product_cat-carnati","9":"product_cat-rece","10":"product_shipping_class-transport-la-rece","12":"first","13":"instock","14":"featured","15":"taxable","16":"shipping-taxable","17":"purchasable","18":"product-type-variable"},"_links":{"self":[{"href":"https:\/\/myspainfood.com\/ro\/wp-json\/wp\/v2\/product\/21527","targetHints":{"allow":["GET"]}}],"collection":[{"href":"https:\/\/myspainfood.com\/ro\/wp-json\/wp\/v2\/product"}],"about":[{"href":"https:\/\/myspainfood.com\/ro\/wp-json\/wp\/v2\/types\/product"}],"wp:featuredmedia":[{"embeddable":true,"href":"https:\/\/myspainfood.com\/ro\/wp-json\/wp\/v2\/media\/13109"}],"wp:attachment":[{"href":"https:\/\/myspainfood.com\/ro\/wp-json\/wp\/v2\/media?parent=21527"}],"wp:term":[{"taxonomy":"product_brand","embeddable":true,"href":"https:\/\/myspainfood.com\/ro\/wp-json\/wp\/v2\/product_brand?post=21527"},{"taxonomy":"product_cat","embeddable":true,"href":"https:\/\/myspainfood.com\/ro\/wp-json\/wp\/v2\/product_cat?post=21527"},{"taxonomy":"product_tag","embeddable":true,"href":"https:\/\/myspainfood.com\/ro\/wp-json\/wp\/v2\/product_tag?post=21527"}],"curies":[{"name":"wp","href":"https:\/\/api.w.org\/{rel}","templated":true}]}}