{"id":21621,"date":"2025-04-10T12:10:34","date_gmt":"2025-04-10T10:10:34","guid":{"rendered":"https:\/\/myspainfood.com\/producto\/salchichon-iberic-extra-fili-500-grame-salamanca\/"},"modified":"2026-01-29T11:13:38","modified_gmt":"2026-01-29T10:13:38","slug":"salchichon-iberic-extra-fili-500-grame-salamanca","status":"publish","type":"product","link":"https:\/\/myspainfood.com\/ro\/producto\/salchichon-iberic-extra-fili-500-grame-salamanca\/","title":{"rendered":"Salchich\u00f3n iberic extra Fili 500 grame Salamanca"},"content":{"rendered":"<p>Produs tradi\u021bional de cea mai \u00eenalt\u0103 calitate, ob\u021binut dintr-o selec\u021bie a celei mai bune carne slab\u0103 iberic\u0103, preparat\u0103 cu mirodenii naturale.<\/p>\n","protected":false},"excerpt":{"rendered":"<p>Produs tradi\u021bional de cea mai \u00eenalt\u0103 calitate, ob\u021binut dintr-o selec\u021bie a celei mai bune carne slab\u0103 iberic\u0103, preparat\u0103 cu mirodenii naturale.<\/p>\n","protected":false},"featured_media":13073,"template":"","meta":{"_et_pb_use_builder":"","_et_pb_old_content":"","_et_gb_content_width":""},"product_brand":[1388],"product_cat":[2239,2240,1828],"product_tag":[],"class_list":{"0":"post-21621","1":"product","2":"type-product","3":"status-publish","4":"has-post-thumbnail","6":"product_brand-fili","7":"product_cat-branza-si-carnati","8":"product_cat-carnati","9":"product_cat-rece","10":"product_shipping_class-transport-la-rece","12":"first","13":"instock","14":"taxable","15":"shipping-taxable","16":"purchasable","17":"product-type-variable"},"_links":{"self":[{"href":"https:\/\/myspainfood.com\/ro\/wp-json\/wp\/v2\/product\/21621","targetHints":{"allow":["GET"]}}],"collection":[{"href":"https:\/\/myspainfood.com\/ro\/wp-json\/wp\/v2\/product"}],"about":[{"href":"https:\/\/myspainfood.com\/ro\/wp-json\/wp\/v2\/types\/product"}],"wp:featuredmedia":[{"embeddable":true,"href":"https:\/\/myspainfood.com\/ro\/wp-json\/wp\/v2\/media\/13073"}],"wp:attachment":[{"href":"https:\/\/myspainfood.com\/ro\/wp-json\/wp\/v2\/media?parent=21621"}],"wp:term":[{"taxonomy":"product_brand","embeddable":true,"href":"https:\/\/myspainfood.com\/ro\/wp-json\/wp\/v2\/product_brand?post=21621"},{"taxonomy":"product_cat","embeddable":true,"href":"https:\/\/myspainfood.com\/ro\/wp-json\/wp\/v2\/product_cat?post=21621"},{"taxonomy":"product_tag","embeddable":true,"href":"https:\/\/myspainfood.com\/ro\/wp-json\/wp\/v2\/product_tag?post=21621"}],"curies":[{"name":"wp","href":"https:\/\/api.w.org\/{rel}","templated":true}]}}