{"id":21736,"date":"2025-04-10T12:10:34","date_gmt":"2025-04-10T10:10:34","guid":{"rendered":"https:\/\/myspainfood.com\/producto\/sardinilla-25-35-areoso-in-ulei-de-masline-120gr\/"},"modified":"2025-04-10T12:10:34","modified_gmt":"2025-04-10T10:10:34","slug":"sardinilla-25-35-areoso-in-ulei-de-masline-120gr","status":"publish","type":"product","link":"https:\/\/myspainfood.com\/ro\/producto\/sardinilla-25-35-areoso-in-ulei-de-masline-120gr\/","title":{"rendered":"Sardinilla 25\/35 Areoso \u00een ulei de m\u0103sline 120gr"},"content":{"rendered":"<p>Produs: Sardine \u00een ulei de m\u0103sline 25\/35 buc\u0103\u021bi<\/p>\n<p>Specifica\u021bii: Sardine mici (Sardina pilchardus) din Rias galiciene, de m\u0103rime omogen\u0103 \u00een ulei de m\u0103sline. Selectate manual \u00een fiecare cutie. <\/p>\n<p>Ingrediente: Sardin\u0103 73%, ulei de m\u0103sline 27% \u0219i sare.<\/p>\n<p>Procesul de produc\u021bie: Sardina, de\u0219i este un pe\u0219te, este un produs preten\u021bios \u0219i are un proces de produc\u021bie care necesit\u0103 mult\u0103 for\u021b\u0103 de munc\u0103. La sosirea \u00een fabric\u0103, sardinele sunt \u00eendep\u0103rtate cu grij\u0103 de pe cap \u0219i eviscerate pentru a evita ruperea \u0219i deteriorarea aspectului lor. Sardinele sunt apoi a\u0219ezate pe gr\u0103tare, trecute pe deasupra \u0219i scufundate \u00een saramur\u0103 (ap\u0103 \u0219i sare) pentru a le da arom\u0103 \u0219i fermitate. Acestea sunt apoi pr\u0103jite \u00een mod tradi\u021bional \u0219i ambalate manual \u00een fiecare cutie. Dup\u0103 ce au fost acoperite cu ulei de m\u0103sline, conservele sunt sigilate \u0219i sterilizate, un proces riguros controlat care garanteaz\u0103 conservarea \u0219i calitatea produsului timp de mul\u021bi ani, f\u0103r\u0103 a fi nevoie s\u0103 se adauge conservan\u021bi sau aditivi artificiali. Dup\u0103 acest proces, conservele sunt preg\u0103tite pentru depozitare \u0219i prelucrare ulterioar\u0103.     <\/p>\n","protected":false},"excerpt":{"rendered":"<p>Produs: Sardine \u00een ulei de m\u0103sline 25\/35 buc\u0103\u021bi Specifica\u021bii: Sardine mici (Sardina pilchardus) din Rias galiciene, de m\u0103rime omogen\u0103 \u00een ulei de m\u0103sline. Selectate manual \u00een fiecare cutie. Ingrediente: Sardin\u0103 73%, ulei de m\u0103sline 27% \u0219i sare. Procesul de produc\u021bie: Sardina, de\u0219i este un pe\u0219te, este un produs preten\u021bios \u0219i are un proces de produc\u021bie [&hellip;]<\/p>\n","protected":false},"featured_media":12938,"template":"","meta":{"_et_pb_use_builder":"","_et_pb_old_content":"","_et_gb_content_width":""},"product_brand":[1358],"product_cat":[1975,3762],"product_tag":[],"class_list":{"0":"post-21736","1":"product","2":"type-product","3":"status-publish","4":"has-post-thumbnail","6":"product_brand-areoso","7":"product_cat-conserve-ro","8":"product_cat-sardinillas-ro","10":"first","11":"outofstock","12":"taxable","13":"shipping-taxable","14":"product-type-variable"},"_links":{"self":[{"href":"https:\/\/myspainfood.com\/ro\/wp-json\/wp\/v2\/product\/21736","targetHints":{"allow":["GET"]}}],"collection":[{"href":"https:\/\/myspainfood.com\/ro\/wp-json\/wp\/v2\/product"}],"about":[{"href":"https:\/\/myspainfood.com\/ro\/wp-json\/wp\/v2\/types\/product"}],"wp:featuredmedia":[{"embeddable":true,"href":"https:\/\/myspainfood.com\/ro\/wp-json\/wp\/v2\/media\/12938"}],"wp:attachment":[{"href":"https:\/\/myspainfood.com\/ro\/wp-json\/wp\/v2\/media?parent=21736"}],"wp:term":[{"taxonomy":"product_brand","embeddable":true,"href":"https:\/\/myspainfood.com\/ro\/wp-json\/wp\/v2\/product_brand?post=21736"},{"taxonomy":"product_cat","embeddable":true,"href":"https:\/\/myspainfood.com\/ro\/wp-json\/wp\/v2\/product_cat?post=21736"},{"taxonomy":"product_tag","embeddable":true,"href":"https:\/\/myspainfood.com\/ro\/wp-json\/wp\/v2\/product_tag?post=21736"}],"curies":[{"name":"wp","href":"https:\/\/api.w.org\/{rel}","templated":true}]}}