{"id":22252,"date":"2025-04-10T12:05:32","date_gmt":"2025-04-10T10:05:32","guid":{"rendered":"https:\/\/myspainfood.com\/producto\/chilli-basc\/"},"modified":"2025-04-10T12:05:32","modified_gmt":"2025-04-10T10:05:32","slug":"chilli-basc","status":"publish","type":"product","link":"https:\/\/myspainfood.com\/ro\/producto\/chilli-basc\/","title":{"rendered":"Chilli basc"},"content":{"rendered":"<p>Ardeiul Guindilla basc \u00een o\u021bet va da <a href=\"https:\/\/es.wikipedia.org\/wiki\/Guindilla_de_Ibarra\" target=\"_blank\" rel=\"noopener noreferrer nofollow\">m\u00e2nc\u0103rurilor<\/a> noastre acea not\u0103 picant\u0103 care le va face s\u0103 ias\u0103 \u00een eviden\u021b\u0103.<\/p>\n<p>Acest produs va face palatul s\u0103 vibreze, fiind foarte apreciat al\u0103turi de toc\u0103ni\u021be sau sosuri pline de arom\u0103.<\/p>\n<p>Printre numeroasele ingrediente tradi\u021bionale ale buc\u0103t\u0103riei basce se num\u0103r\u0103 ardeiul iute piparra.<\/p>\n<p>Un ardei iute foarte special, deoarece nu \u00een\u021beap\u0103 deloc.<\/p>\n<p>Se potrive\u0219te foarte bine \u00een toate tipurile de meniuri \u0219i este foarte bine primit de cei care nu sunt deosebit de pasiona\u021bi de aceast\u0103 arom\u0103.<\/p>\n<p>Ardeiul iute basc din acest borcan are o dimensiune medie \u00eentre 7 \u0219i 12 cm \u0219i este preparat cu o\u021bet.<\/p>\n<p>O not\u0103 autentic\u0103 cu care sunt servite \u00een mod normal piparrele \u0219i care v\u0103 va transmite un fior de arom\u0103 intens\u0103 prin corp cu fiecare \u00eembuc\u0103tur\u0103.<\/p>\n<p>Unele propriet\u0103\u021bi ale guineafowl:<\/p>\n<ul>\n<li>Scade colesterolul.<\/li>\n<li>Stimuleaz\u0103 circula\u021bia sanguin\u0103 \u0219i respiratorie.<\/li>\n<li>Se crede c\u0103 poate ajuta la reducerea excesului de greutate prin accelerarea metabolismului.<\/li>\n<li>Conform unor studii, protejeaz\u0103 stomacul f\u0103c\u00e2ndu-l s\u0103 produc\u0103 mai mult mucus.<\/li>\n<\/ul>\n<p>Dac\u0103 dori\u021bi s\u0103 cump\u0103ra\u021bi m\u0103sline sau orice alt tip de <a href=\"https:\/\/latiendadesami.com\/categoria-producto\/encurtidos\/\" rel=\"noopener noreferrer nofollow\" target=\"_blank\">mur\u0103turi<\/a>, nu ezita\u021bi s\u0103 arunca\u021bi o privire la catalogul nostru online pentru a vedea varietatea larg\u0103 de <a href=\"https:\/\/latiendadesami.com\/categoria-producto\/encurtidos\/pepinillos\/\" target=\"_blank\" rel=\"noopener noreferrer nofollow\">mur\u0103turi<\/a> pe care o avem.<\/p>\n","protected":false},"excerpt":{"rendered":"<p>&nbsp;<\/p>\n<p>&nbsp;<\/p>\n","protected":false},"featured_media":7532,"template":"","meta":{"_et_pb_use_builder":"","_et_pb_old_content":"","_et_gb_content_width":""},"product_brand":[1057],"product_cat":[3992,1598],"product_tag":[3994],"class_list":{"0":"post-22252","1":"product","2":"type-product","3":"status-publish","4":"has-post-thumbnail","6":"product_brand-la-encajera","7":"product_cat-ardei-iute","8":"product_cat-muraturi","9":"product_tag-basca","11":"first","12":"outofstock","13":"taxable","14":"shipping-taxable","15":"product-type-variable"},"_links":{"self":[{"href":"https:\/\/myspainfood.com\/ro\/wp-json\/wp\/v2\/product\/22252","targetHints":{"allow":["GET"]}}],"collection":[{"href":"https:\/\/myspainfood.com\/ro\/wp-json\/wp\/v2\/product"}],"about":[{"href":"https:\/\/myspainfood.com\/ro\/wp-json\/wp\/v2\/types\/product"}],"wp:featuredmedia":[{"embeddable":true,"href":"https:\/\/myspainfood.com\/ro\/wp-json\/wp\/v2\/media\/7532"}],"wp:attachment":[{"href":"https:\/\/myspainfood.com\/ro\/wp-json\/wp\/v2\/media?parent=22252"}],"wp:term":[{"taxonomy":"product_brand","embeddable":true,"href":"https:\/\/myspainfood.com\/ro\/wp-json\/wp\/v2\/product_brand?post=22252"},{"taxonomy":"product_cat","embeddable":true,"href":"https:\/\/myspainfood.com\/ro\/wp-json\/wp\/v2\/product_cat?post=22252"},{"taxonomy":"product_tag","embeddable":true,"href":"https:\/\/myspainfood.com\/ro\/wp-json\/wp\/v2\/product_tag?post=22252"}],"curies":[{"name":"wp","href":"https:\/\/api.w.org\/{rel}","templated":true}]}}