{"id":23003,"date":"2025-04-10T12:05:10","date_gmt":"2025-04-10T10:05:10","guid":{"rendered":"https:\/\/myspainfood.com\/producto\/aubergine-tocate-la-encajera-440-grame\/"},"modified":"2025-04-10T12:05:10","modified_gmt":"2025-04-10T10:05:10","slug":"aubergine-tocate-la-encajera-440-grame","status":"publish","type":"product","link":"https:\/\/myspainfood.com\/ro\/producto\/aubergine-tocate-la-encajera-440-grame\/","title":{"rendered":"Aubergine, tocate La Encajera 440 grame"},"content":{"rendered":"<p>Vinetele tocate sunt ingredientul vedet\u0103 al salatelor <a href=\"https:\/\/www.laencajera.es\/berenjenas-de-almagro\" target=\"_blank\" rel=\"noopener noreferrer nofollow\">Almagro<\/a>. Sim\u021bi\u021bi aroma tradi\u021bional\u0103 \u00een fiecare mu\u0219c\u0103tur\u0103. <\/p>\n<p>Se serve\u0219te de obicei ca aperitiv sau se combin\u0103 \u00een m\u00e2nc\u0103ruri cu lingur\u0103. Vinetele tocate sunt originare din Castilla la Mancha, Spania. <\/p>\n<p>Ingrediente: Salat\u0103 de albine, ap\u0103, piper, sare, sare, sare, sare, sare, sare, sare: Aubergine &#8222;De Almagro&#8221;, ap\u0103, sare, o\u021bet de alcool, acid citric (E-330), clorur\u0103 de calciu (E-509), metabisulfit de sodiu, chimen, paprika, fenicul natural, acid lactic (E-270).<\/p>\n<p>Condi\u021bii de conservare:<\/p>\n<p>P\u0103stra\u021bi \u00eentr-un loc r\u0103coros \u0219i uscat, \u00eentre 3\u00baC \u0219i 10\u00baC. Proteja\u021bi de lumina soarelui \u0219i de mirosurile puternice. <\/p>\n<p>Odat\u0103 deschis, se p\u0103streaz\u0103 la frigider \u0219i se consum\u0103 \u00een termen de 30 de zile.<\/p>\n<p>Dac\u0103 dori\u021bi s\u0103 cump\u0103ra\u021bi m\u0103sline sau orice alt tip de <a href=\"https:\/\/latiendadesami.com\/categoria-producto\/encurtidos\/\" rel=\"noopener noreferrer nofollow\" target=\"_blank\">mur\u0103turi<\/a>, nu ezita\u021bi s\u0103 arunca\u021bi o privire la catalogul nostru online pentru a vedea varietatea larg\u0103 de <a href=\"https:\/\/latiendadesami.com\/categoria-producto\/encurtidos\/berenjenas\/\" target=\"_blank\" rel=\"noopener noreferrer nofollow\">vinete<\/a> pe care o avem.<\/p>\n<p>Marca este La Encajonera, o afacere de familie, fondat\u0103 \u00een 1990, situat\u0103 \u00een inima La Mancha, \u00een ora\u0219ul ALMAGRO, \u00een provincia Ciudad Real.<\/p>\n<p>Procesul de fabrica\u021bie a produselor sale \u00eencepe \u00een aceea\u0219i zon\u0103 de cre\u0219tere, select\u00e2nd produsul de cea mai bun\u0103 calitate.<\/p>\n<p>Fabrica este dotat\u0103 cu cea mai avansat\u0103 tehnologie, p\u0103str\u00e2nd \u00een acela\u0219i timp tradi\u021bia \u0219i know-how-ul lucr\u0103torilor s\u0103i artizani.<\/p>\n","protected":false},"excerpt":{"rendered":"<p>Ingredientul vedet\u0103 al salatelor Almagro. Sim\u021bi\u021bi aroma tradi\u021bional\u0103 \u00een fiecare \u00eembuc\u0103tur\u0103. Se serve\u0219te de obicei ca aperitiv sau combinat cu m\u00e2nc\u0103ruri cu lingur\u0103.  <\/p>\n","protected":false},"featured_media":7391,"template":"","meta":{"_et_pb_use_builder":"","_et_pb_old_content":"","_et_gb_content_width":""},"product_brand":[1057],"product_cat":[2134,1598],"product_tag":[4143],"class_list":{"0":"post-23003","1":"product","2":"type-product","3":"status-publish","4":"has-post-thumbnail","6":"product_brand-la-encajera","7":"product_cat-aubergine","8":"product_cat-muraturi","9":"product_tag-tocata","11":"first","12":"instock","13":"taxable","14":"shipping-taxable","15":"purchasable","16":"product-type-variable"},"_links":{"self":[{"href":"https:\/\/myspainfood.com\/ro\/wp-json\/wp\/v2\/product\/23003","targetHints":{"allow":["GET"]}}],"collection":[{"href":"https:\/\/myspainfood.com\/ro\/wp-json\/wp\/v2\/product"}],"about":[{"href":"https:\/\/myspainfood.com\/ro\/wp-json\/wp\/v2\/types\/product"}],"wp:featuredmedia":[{"embeddable":true,"href":"https:\/\/myspainfood.com\/ro\/wp-json\/wp\/v2\/media\/7391"}],"wp:attachment":[{"href":"https:\/\/myspainfood.com\/ro\/wp-json\/wp\/v2\/media?parent=23003"}],"wp:term":[{"taxonomy":"product_brand","embeddable":true,"href":"https:\/\/myspainfood.com\/ro\/wp-json\/wp\/v2\/product_brand?post=23003"},{"taxonomy":"product_cat","embeddable":true,"href":"https:\/\/myspainfood.com\/ro\/wp-json\/wp\/v2\/product_cat?post=23003"},{"taxonomy":"product_tag","embeddable":true,"href":"https:\/\/myspainfood.com\/ro\/wp-json\/wp\/v2\/product_tag?post=23003"}],"curies":[{"name":"wp","href":"https:\/\/api.w.org\/{rel}","templated":true}]}}