{"id":23196,"date":"2025-04-10T12:05:54","date_gmt":"2025-04-10T10:05:54","guid":{"rendered":"https:\/\/myspainfood.com\/producto\/sardinillas-oti-925gr\/"},"modified":"2025-09-04T21:04:23","modified_gmt":"2025-09-04T19:04:23","slug":"sardinillas-oti-925gr","status":"publish","type":"product","link":"https:\/\/myspainfood.com\/ro\/producto\/sardinillas-oti-925gr\/","title":{"rendered":"Sardinillas Oti 925gr"},"content":{"rendered":"<p>Conservas Oti selecteaz\u0103 cele mai bune sardine, care sunt t\u0103iate, decapitate \u0219i cur\u0103\u021bate manual, apoi pr\u0103jite la abur \u0219i ambalate \u00een ulei de floarea-soarelui. Se remarc\u0103 prin aspectul lor argintiu atr\u0103g\u0103tor, textura cremoas\u0103, aroma intens\u0103 de pe\u0219te \u0219i prezentarea magnific\u0103. Datorit\u0103 con\u021binutului lor ridicat de Omega 3, ele contribuie la realizarea unei diete mediteraneene.  <\/p>\n","protected":false},"excerpt":{"rendered":"<p>Conservas Oti selecteaz\u0103 cele mai bune sardine, care sunt t\u0103iate, decapitate \u0219i cur\u0103\u021bate manual, apoi pr\u0103jite la abur \u0219i ambalate \u00een ulei de floarea-soarelui. Se remarc\u0103 prin aspectul lor argintiu atr\u0103g\u0103tor, textura cremoas\u0103, aroma intens\u0103 de pe\u0219te \u0219i prezentarea magnific\u0103. Datorit\u0103 con\u021binutului lor ridicat de Omega 3, ele contribuie la realizarea unei diete mediteraneene.<\/p>\n","protected":false},"featured_media":8285,"template":"","meta":{"_et_pb_use_builder":"","_et_pb_old_content":"","_et_gb_content_width":""},"product_brand":[1075],"product_cat":[1975,3762],"product_tag":[],"class_list":{"0":"post-23196","1":"product","2":"type-product","3":"status-publish","4":"has-post-thumbnail","6":"product_brand-oti","7":"product_cat-conserve-ro","8":"product_cat-sardinillas-ro","10":"first","11":"outofstock","12":"taxable","13":"shipping-taxable","14":"purchasable","15":"product-type-variable"},"_links":{"self":[{"href":"https:\/\/myspainfood.com\/ro\/wp-json\/wp\/v2\/product\/23196","targetHints":{"allow":["GET"]}}],"collection":[{"href":"https:\/\/myspainfood.com\/ro\/wp-json\/wp\/v2\/product"}],"about":[{"href":"https:\/\/myspainfood.com\/ro\/wp-json\/wp\/v2\/types\/product"}],"wp:featuredmedia":[{"embeddable":true,"href":"https:\/\/myspainfood.com\/ro\/wp-json\/wp\/v2\/media\/8285"}],"wp:attachment":[{"href":"https:\/\/myspainfood.com\/ro\/wp-json\/wp\/v2\/media?parent=23196"}],"wp:term":[{"taxonomy":"product_brand","embeddable":true,"href":"https:\/\/myspainfood.com\/ro\/wp-json\/wp\/v2\/product_brand?post=23196"},{"taxonomy":"product_cat","embeddable":true,"href":"https:\/\/myspainfood.com\/ro\/wp-json\/wp\/v2\/product_cat?post=23196"},{"taxonomy":"product_tag","embeddable":true,"href":"https:\/\/myspainfood.com\/ro\/wp-json\/wp\/v2\/product_tag?post=23196"}],"curies":[{"name":"wp","href":"https:\/\/api.w.org\/{rel}","templated":true}]}}