{"id":23345,"date":"2025-04-10T12:05:10","date_gmt":"2025-04-10T10:05:10","guid":{"rendered":"https:\/\/myspainfood.com\/producto\/dressing-cu-usturoi-chicon-900-gr\/"},"modified":"2025-04-10T12:05:10","modified_gmt":"2025-04-10T10:05:10","slug":"dressing-cu-usturoi-chicon-900-gr","status":"publish","type":"product","link":"https:\/\/myspainfood.com\/ro\/producto\/dressing-cu-usturoi-chicon-900-gr\/","title":{"rendered":"Dressing cu usturoi Chic\u00f3n 900 gr"},"content":{"rendered":"<p><strong>Usturoi<\/strong> cur\u0103\u021bat de coaj\u0103, prelucrat \u0219i tratat pentru a-i \u00eendulci aroma natural\u0103, p\u0103str\u00e2ndu-i \u00een acela\u0219i timp propriet\u0103\u021bile ini\u021biale.<\/p>\n<p>Usturoiul condimentat este o delicates\u0103 pentru palat, fie ca aperitiv, fie ca acompaniament pentru cele mai bune preparate.<\/p>\n<h3><strong>Beneficiile <a href=\"https:\/\/aceitunaschiconlebron.com\/catalogo\/ajos-en-aceite\/\" target=\"_blank\" rel=\"noopener noreferrer nofollow\">pansamentului cu<\/a> usturoi<\/strong><\/h3>\n<p>\u0218ti\u021bi care sunt principalele beneficii ale usturoiului \u00een ulei sub form\u0103 de mur\u0103turi? Ei bine, printre multe alte propriet\u0103\u021bi, acestea sunt bogate \u00een probiotice, stimuleaz\u0103 sistemul imunitar \u0219i chiar ajut\u0103 digestia. <\/p>\n<p>Mur\u0103turile au trecut de la a fi o tehnic\u0103 antic\u0103 de conservare a alimentelor \u00een \u00eentreaga lume la a fi una dintre cele mai apreciate tapas sau gust\u0103ri din gastronomia spaniol\u0103. Pe l\u00e2ng\u0103 deliciosul nostru <strong>usturoi \u00een ulei<\/strong>, \u00een catalogul nostru online pute\u021bi g\u0103si \u0219i alte tipuri de mur\u0103turi, precum capere, banderillas dulci sau banderillas picante. <\/p>\n<h3><strong>Propriet\u0103\u021bi Usturoi murat<\/strong><\/h3>\n<p>Are <strong>propriet\u0103\u021bi antibiotice<\/strong>. Uleiul de usturoi ucide o gam\u0103 larg\u0103 de microbi, cum ar fi viru\u0219i, bacterii, ciuperci \u0219i parazi\u021bi. <\/p>\n<p>Ofer\u0103 un <strong>efect decongestionant<\/strong>, o surs\u0103 de vitamina C, enzime \u0219i minerale care ajut\u0103 la cre\u0219terea ap\u0103r\u0103rii \u0219i imunit\u0103\u021bii organismului.<\/p>\n<p><strong>Usturoiul \u00een ulei ne protejeaz\u0103 inima<\/strong> \u00eempotriva problemelor cardiovasculare, cum ar fi atacurile de cord \u0219i ateroscleroza.<\/p>\n<p>O alt\u0103 <strong>proprietate a usturoiului murat<\/strong> este c\u0103 scade colesterolul, deoarece are capacitatea de a reduce moderat trigliceridele din s\u00e2nge \u0219i colesterolul total, ceea ce poate reduce placa arterial\u0103.<\/p>\n<p>Pe scurt, usturoiul \u00een ulei sau usturoiul <a href=\"https:\/\/latiendadesami.com\/categoria-producto\/encurtidos\/\" target=\"_blank\" rel=\"noopener noreferrer nofollow\">murat<\/a> are multiple propriet\u0103\u021bi \u0219i beneficii pentru s\u0103n\u0103tatea uman\u0103.<\/p>\n","protected":false},"excerpt":{"rendered":"<p>Usturoi cur\u0103\u021bat de coaj\u0103, prelucrat \u0219i tratat pentru a-i \u00eendulci aroma natural\u0103, p\u0103str\u00e2ndu-i \u00een acela\u0219i timp propriet\u0103\u021bile ini\u021biale. Usturoiul condimentat este o delicates\u0103 pentru palat, fie ca aperitiv, fie ca acompaniament pentru cele mai bune preparate. Beneficiile pansamentului cu usturoi \u0218ti\u021bi care sunt principalele beneficii ale usturoiului \u00een ulei sub form\u0103 de mur\u0103turi? Ei bine, [&hellip;]<\/p>\n","protected":false},"featured_media":7268,"template":"","meta":{"_et_pb_use_builder":"","_et_pb_old_content":"","_et_gb_content_width":""},"product_brand":[1036],"product_cat":[1598,4170],"product_tag":[4197,4171],"class_list":{"0":"post-23345","1":"product","2":"type-product","3":"status-publish","4":"has-post-thumbnail","6":"product_brand-chicon","7":"product_cat-muraturi","8":"product_cat-usturoi","9":"product_tag-condimentat","10":"product_tag-usturoi","12":"first","13":"instock","14":"taxable","15":"shipping-taxable","16":"purchasable","17":"product-type-variable"},"_links":{"self":[{"href":"https:\/\/myspainfood.com\/ro\/wp-json\/wp\/v2\/product\/23345","targetHints":{"allow":["GET"]}}],"collection":[{"href":"https:\/\/myspainfood.com\/ro\/wp-json\/wp\/v2\/product"}],"about":[{"href":"https:\/\/myspainfood.com\/ro\/wp-json\/wp\/v2\/types\/product"}],"wp:featuredmedia":[{"embeddable":true,"href":"https:\/\/myspainfood.com\/ro\/wp-json\/wp\/v2\/media\/7268"}],"wp:attachment":[{"href":"https:\/\/myspainfood.com\/ro\/wp-json\/wp\/v2\/media?parent=23345"}],"wp:term":[{"taxonomy":"product_brand","embeddable":true,"href":"https:\/\/myspainfood.com\/ro\/wp-json\/wp\/v2\/product_brand?post=23345"},{"taxonomy":"product_cat","embeddable":true,"href":"https:\/\/myspainfood.com\/ro\/wp-json\/wp\/v2\/product_cat?post=23345"},{"taxonomy":"product_tag","embeddable":true,"href":"https:\/\/myspainfood.com\/ro\/wp-json\/wp\/v2\/product_tag?post=23345"}],"curies":[{"name":"wp","href":"https:\/\/api.w.org\/{rel}","templated":true}]}}