{"id":24854,"date":"2025-04-10T12:05:54","date_gmt":"2025-04-10T10:05:54","guid":{"rendered":"https:\/\/myspainfood.com\/producto\/midiile-murate-oti-7-10-bucati\/"},"modified":"2025-04-10T12:05:54","modified_gmt":"2025-04-10T10:05:54","slug":"midiile-murate-oti-7-10-bucati","status":"publish","type":"product","link":"https:\/\/myspainfood.com\/ro\/producto\/midiile-murate-oti-7-10-bucati\/","title":{"rendered":"Midiile murate Oti 7\/10 buc\u0103\u021bi"},"content":{"rendered":"<p>Midiile Oti 7\/10 buc\u0103\u021bi sunt un produs natural elaborat \u00een <a href=\"http:\/\/www.conservasoti.es\/paginas\/historia.html\" target=\"_blank\" rel=\"noopener noreferrer nofollow\">mod tradi\u021bional<\/a>.<\/p>\n<p>Conservas Oti este o companie cu o tradi\u021bie de familie, a c\u0103rei munc\u0103 bun\u0103 a fost transmis\u0103 din genera\u021bie \u00een genera\u021bie.<\/p>\n<p>Munca asidu\u0103 \u0219i efortul familiei au permis \u00een mare m\u0103sur\u0103 <span class=\"negrita\">Conservas Oti<\/span> s\u0103 creasc\u0103 \u0219i s\u0103 se extind\u0103.<\/p>\n<p>Principalele domenii de activitate sunt De pe mare, De pe uscat \u0219i De la ferm\u0103.<\/p>\n<p>Din mare: midii, Ventresca, Sardinillas, Melva&#8230; Mielu\u0219\u0103 Oti 7\/10 buc\u0103\u021bi <\/p>\n<p>Produsele locale includ: n\u0103ut l\u0103ptos, fasole alb\u0103, fasole Pinto, linte Pardina&#8230;<\/p>\n<p>De la ferm\u0103: br\u00e2nz\u0103 pur\u0103 de oaie, \u0219unc\u0103 Ib\u00e9rico de ghind\u0103, Salchich\u00f3n Ib\u00e9rico de ghind\u0103, Chorizo Ib\u00e9rico de ghind\u0103,&#8230;<\/p>\n<h4>Principalele beneficii ale alimentelor conservate<\/h4>\n<ol>\n<li>P\u0103streaz\u0103 toate propriet\u0103\u021bile nutritive ale alimentelor \u00een sine. Alimentele \u00ee\u0219i p\u0103streaz\u0103 prospe\u021bimea. <\/li>\n<li>Alimentele utilizate sunt s\u0103n\u0103toase \u0219i, prin urmare, potrivite pentru o diet\u0103 optim\u0103 datorit\u0103 con\u021binutului lor ridicat de vitamine \u0219i proteine.<\/li>\n<li>Aceste produse au o durat\u0103 de via\u021b\u0103 mai lung\u0103 (2-5 ani este tipic).<\/li>\n<li>Conservele sunt foarte u\u0219or de depozitat, deoarece ambalajul lor este u\u0219or de aplicat.<\/li>\n<\/ol>\n<p>Dac\u0103 dori\u021bi s\u0103 cump\u0103ra\u021bi ton sau orice alt tip de <a href=\"https:\/\/latiendadesami.com\/categoria-producto\/conservas\/\" rel=\"noopener noreferrer nofollow\" target=\"_blank\">conserv\u0103<\/a>, nu ezita\u021bi s\u0103 arunca\u021bi o privire la catalogul nostru online pentru a vedea varietatea larg\u0103 de <a href=\"https:\/\/latiendadesami.com\/categoria-producto\/conservas\/atun-y-bonito\/\" target=\"_blank\" rel=\"noopener noreferrer nofollow\">ton<\/a> pe care o avem.<\/p>\n<p>Scrie\u021bi-ne pentru mai multe informa\u021bii.<\/p>\n","protected":false},"excerpt":{"rendered":"<p>Midiile Oti 7\/10 buc\u0103\u021bi sunt un produs natural elaborat \u00een mod tradi\u021bional. Conservas Oti este o companie cu o tradi\u021bie de familie, a c\u0103rei munc\u0103 bun\u0103 a fost transmis\u0103 din genera\u021bie \u00een genera\u021bie. Munca asidu\u0103 \u0219i efortul familiei au permis \u00een mare m\u0103sur\u0103 Conservas Oti s\u0103 creasc\u0103 \u0219i s\u0103 se extind\u0103. Principalele domenii de activitate [&hellip;]<\/p>\n","protected":false},"featured_media":7943,"template":"","meta":{"_et_pb_use_builder":"","_et_pb_old_content":"","_et_gb_content_width":""},"product_brand":[1075],"product_cat":[1975,3887],"product_tag":[],"class_list":{"0":"post-24854","1":"product","2":"type-product","3":"status-publish","4":"has-post-thumbnail","6":"product_brand-oti","7":"product_cat-conserve-ro","8":"product_cat-midiile","10":"first","11":"outofstock","12":"taxable","13":"shipping-taxable","14":"product-type-variable"},"_links":{"self":[{"href":"https:\/\/myspainfood.com\/ro\/wp-json\/wp\/v2\/product\/24854","targetHints":{"allow":["GET"]}}],"collection":[{"href":"https:\/\/myspainfood.com\/ro\/wp-json\/wp\/v2\/product"}],"about":[{"href":"https:\/\/myspainfood.com\/ro\/wp-json\/wp\/v2\/types\/product"}],"wp:featuredmedia":[{"embeddable":true,"href":"https:\/\/myspainfood.com\/ro\/wp-json\/wp\/v2\/media\/7943"}],"wp:attachment":[{"href":"https:\/\/myspainfood.com\/ro\/wp-json\/wp\/v2\/media?parent=24854"}],"wp:term":[{"taxonomy":"product_brand","embeddable":true,"href":"https:\/\/myspainfood.com\/ro\/wp-json\/wp\/v2\/product_brand?post=24854"},{"taxonomy":"product_cat","embeddable":true,"href":"https:\/\/myspainfood.com\/ro\/wp-json\/wp\/v2\/product_cat?post=24854"},{"taxonomy":"product_tag","embeddable":true,"href":"https:\/\/myspainfood.com\/ro\/wp-json\/wp\/v2\/product_tag?post=24854"}],"curies":[{"name":"wp","href":"https:\/\/api.w.org\/{rel}","templated":true}]}}