{"id":25122,"date":"2025-04-10T12:05:46","date_gmt":"2025-04-10T10:05:46","guid":{"rendered":"https:\/\/myspainfood.com\/producto\/castraveti-umpluti-cu-ansoa-2-kg-nu\/"},"modified":"2025-06-25T12:21:34","modified_gmt":"2025-06-25T10:21:34","slug":"castraveti-umpluti-cu-ansoa-2-kg-nu","status":"publish","type":"product","link":"https:\/\/myspainfood.com\/ro\/producto\/castraveti-umpluti-cu-ansoa-2-kg-nu\/","title":{"rendered":"Castrave\u021bi umplu\u021bi cu an\u0219oa 2 kg nu"},"content":{"rendered":"<p>Castrave\u021bi umplu\u021bi cu an\u0219oa 2 kg - Castrave\u021bi, an\u0219oa, ceap\u0103, m\u0103sline, piper, sare. De savurat ca <a href=\"https:\/\/www.google.com\/search?q=pepinillos+rellenos+de+anchoa&amp;sxsrf=APq-WBt_i-Tka1Uv3POveVZqwLAkAbPIVg:1644316240904&amp;source=lnms&amp;tbm=isch&amp;sa=X&amp;ved=2ahUKEwj7or-r8-_1AhXO57sIHTYYAU0Q_AUoAXoECAEQAw&amp;biw=1577&amp;bih=780&amp;dpr=1\" target=\"_blank\" rel=\"noopener noreferrer nofollow\">aperitiv<\/a>. <\/p>\n<p>Amestecul de arome oferit de ingrediente, \u00eempreun\u0103 cu atingerea o\u021betului, \u00eei confer\u0103 un gust special, foarte pl\u0103cut la gur\u0103.<\/p>\n<p>Mur\u0103turile sunt o gustare care stimuleaz\u0103 sistemul imunitar, ceea ce \u00eenseamn\u0103 c\u0103 sus\u021bin ap\u0103rarea organismului \u0219i s\u0103n\u0103tatea general\u0103.<\/p>\n<h3><strong>Beneficiile Castrave\u021bilor umplu\u021bi cu an\u0219oa 2 kg<\/strong><\/h3>\n<p>\u0218tia\u021bi care sunt beneficiile mur\u0103turilor \u00een general? Iat\u0103 o list\u0103 a celor mai importante: <\/p>\n<ul>\n<li>Bogat \u00een probiotice.<\/li>\n<li>Acestea ajut\u0103 la digestie.<\/li>\n<li>Ele \u00eent\u0103resc sistemul imunitar.<\/li>\n<li>Acestea reduc pofta de zah\u0103r.<\/li>\n<li>Favorabil pentru vezica biliar\u0103.<\/li>\n<\/ul>\n<p>Dac\u0103 dori\u021bi s\u0103 cump\u0103ra\u021bi m\u0103sline sau orice alt tip de <a href=\"https:\/\/latiendadesami.com\/categoria-producto\/encurtidos\/\" rel=\"noopener noreferrer nofollow\" target=\"_blank\">mur\u0103turi<\/a>, nu ezita\u021bi s\u0103 arunca\u021bi o privire la catalogul nostru online pentru a vedea varietatea larg\u0103 de <a href=\"https:\/\/latiendadesami.com\/categoria-producto\/encurtidos\/pepinillos\/\" target=\"_blank\" rel=\"noopener noreferrer nofollow\">mur\u0103turi<\/a> pe care o avem.<\/p>\n","protected":false},"excerpt":{"rendered":"<p>Castrave\u021bi umplu\u021bi cu an\u0219oa 2 kg - Castrave\u021bi, an\u0219oa, ceap\u0103, m\u0103sline, piper, sare. De savurat ca aperitiv. Amestecul de arome oferit de ingrediente, \u00eempreun\u0103 cu atingerea o\u021betului, \u00eei confer\u0103 un gust special, foarte pl\u0103cut la gur\u0103. Mur\u0103turile sunt o gustare care stimuleaz\u0103 sistemul imunitar, ceea ce \u00eenseamn\u0103 c\u0103 sus\u021bin ap\u0103rarea organismului \u0219i s\u0103n\u0103tatea general\u0103. Beneficiile [&hellip;]<\/p>\n","protected":false},"featured_media":7799,"template":"","meta":{"_et_pb_use_builder":"","_et_pb_old_content":"","_et_gb_content_width":""},"product_brand":[1069],"product_cat":[2004,1598,1828],"product_tag":[4953,2033],"class_list":{"0":"post-25122","1":"product","2":"type-product","3":"status-publish","4":"has-post-thumbnail","6":"product_brand-sangar","7":"product_cat-castraveti","8":"product_cat-muraturi","9":"product_cat-rece","10":"product_tag-anchoa-ro","11":"product_tag-gherkin-ro","12":"product_shipping_class-transport-la-rece","14":"first","15":"instock","16":"taxable","17":"shipping-taxable","18":"purchasable","19":"product-type-simple"},"_links":{"self":[{"href":"https:\/\/myspainfood.com\/ro\/wp-json\/wp\/v2\/product\/25122","targetHints":{"allow":["GET"]}}],"collection":[{"href":"https:\/\/myspainfood.com\/ro\/wp-json\/wp\/v2\/product"}],"about":[{"href":"https:\/\/myspainfood.com\/ro\/wp-json\/wp\/v2\/types\/product"}],"wp:featuredmedia":[{"embeddable":true,"href":"https:\/\/myspainfood.com\/ro\/wp-json\/wp\/v2\/media\/7799"}],"wp:attachment":[{"href":"https:\/\/myspainfood.com\/ro\/wp-json\/wp\/v2\/media?parent=25122"}],"wp:term":[{"taxonomy":"product_brand","embeddable":true,"href":"https:\/\/myspainfood.com\/ro\/wp-json\/wp\/v2\/product_brand?post=25122"},{"taxonomy":"product_cat","embeddable":true,"href":"https:\/\/myspainfood.com\/ro\/wp-json\/wp\/v2\/product_cat?post=25122"},{"taxonomy":"product_tag","embeddable":true,"href":"https:\/\/myspainfood.com\/ro\/wp-json\/wp\/v2\/product_tag?post=25122"}],"curies":[{"name":"wp","href":"https:\/\/api.w.org\/{rel}","templated":true}]}}