{"id":25241,"date":"2025-04-10T12:05:46","date_gmt":"2025-04-10T10:05:46","guid":{"rendered":"https:\/\/myspainfood.com\/producto\/fara-oase-45-kg\/"},"modified":"2025-05-08T20:40:23","modified_gmt":"2025-05-08T18:40:23","slug":"fara-oase-45-kg","status":"publish","type":"product","link":"https:\/\/myspainfood.com\/ro\/producto\/fara-oase-45-kg\/","title":{"rendered":"F\u0103r\u0103 oase 4,5 kg"},"content":{"rendered":"<p>M\u0103slinele f\u0103r\u0103 s\u00e2mburi 4,5 kg sunt de culoare verde \u0219i <a href=\"https:\/\/www.google.com\/search?q=aceitunas+deshuesadas&amp;sxsrf=APq-WBvbn4FM7rlwj2SbPE3GYq4nrKA1Ug:1644314369924&amp;source=lnms&amp;tbm=isch&amp;sa=X&amp;ved=2ahUKEwjE56uv7O_1AhWrgf0HHWvsDTUQ_AUoAXoECAEQAw&amp;biw=1577&amp;bih=780&amp;dpr=1\" target=\"_blank\" rel=\"noopener noreferrer nofollow\">f\u0103r\u0103 s\u00e2mburi<\/a>. \u00ce\u0219i p\u0103streaz\u0103 forma ini\u021bial\u0103. <\/p>\n<p>Este o completare foarte s\u0103n\u0103toas\u0103 a dietei noastre tradi\u021bionale mediteraneene nutritive.<\/p>\n<p>\u00cen Spania g\u0103sim m\u0103sline, castrave\u021bi, vinete almagro, morcovi, ceap\u0103, fiind foarte tradi\u021bionale caperele, usturoiul sau chiar un amestec al acestora.<\/p>\n<p>Acestea sunt adesea servite ca tapas pentru a \u00eenso\u021bi berea (nu vinul din cauza con\u021binutului lor de o\u021bet).<\/p>\n<p>Mur\u0103turile au trecut de la o tehnic\u0103 veche de conservare a alimentelor \u00een \u00eentreaga lume la una dintre cele mai populare tapas sau aperitive din gastronomia spaniol\u0103.<\/p>\n<h3>Beneficiile m\u0103slinelor f\u0103r\u0103 s\u00e2mburi 4,5 kg<\/h3>\n<p>\u0218tia\u021bi care sunt multiplele beneficii ale acestor m\u0103sline? Ele sunt foarte eficiente \u00een prevenirea bolilor de inim\u0103 \u0219i a celor circulatorii \u00een general. <\/p>\n<p>Acest lucru se datoreaz\u0103 con\u021binutului s\u0103u ridicat de gr\u0103simi nesaturate. \u00cen plus, este un aliment care con\u021bine mult fier \u0219i fibre \u0219i este foarte s\u0103\u021bios, ceea ce \u00eel face o gustare perfect\u0103. <\/p>\n<p>Dac\u0103 dori\u021bi s\u0103 cump\u0103ra\u021bi m\u0103sline sau orice alt tip de <a href=\"https:\/\/latiendadesami.com\/categoria-producto\/encurtidos\/\" rel=\"noopener noreferrer nofollow\" target=\"_blank\">m\u00e2ncare murat\u0103<\/a>, nu ezita\u021bi s\u0103 arunca\u021bi o privire la catalogul nostru online pentru a vedea varietatea larg\u0103 de <a href=\"https:\/\/latiendadesami.com\/categoria-producto\/encurtidos\/aceitunas\/\" target=\"_blank\" rel=\"noopener noreferrer nofollow\">m\u0103sline<\/a> pe care o avem.<\/p>\n<p>Ne pute\u021bi scrie pentru mai multe informa\u021bii despre \u00eentreaga noastr\u0103 gam\u0103.<\/p>\n","protected":false},"excerpt":{"rendered":"<p>M\u0103slinele f\u0103r\u0103 s\u00e2mburi 4,5 kg sunt de culoare verde \u0219i f\u0103r\u0103 s\u00e2mburi. \u00ce\u0219i p\u0103streaz\u0103 forma ini\u021bial\u0103. Este o completare foarte s\u0103n\u0103toas\u0103 a dietei noastre tradi\u021bionale mediteraneene nutritive. \u00cen Spania g\u0103sim m\u0103sline, castrave\u021bi, vinete almagro, morcovi, ceap\u0103, fiind foarte tradi\u021bionale caperele, usturoiul sau chiar un amestec al acestora. Acestea sunt adesea servite ca tapas pentru a [&hellip;]<\/p>\n","protected":false},"featured_media":7781,"template":"","meta":{"_et_pb_use_builder":"","_et_pb_old_content":"","_et_gb_content_width":""},"product_brand":[1069],"product_cat":[1600,1598],"product_tag":[5126],"class_list":{"0":"post-25241","1":"product","2":"type-product","3":"status-publish","4":"has-post-thumbnail","6":"product_brand-sangar","7":"product_cat-masline","8":"product_cat-muraturi","9":"product_tag-fara-oase","11":"first","12":"outofstock","13":"taxable","14":"shipping-taxable","15":"product-type-variable"},"_links":{"self":[{"href":"https:\/\/myspainfood.com\/ro\/wp-json\/wp\/v2\/product\/25241","targetHints":{"allow":["GET"]}}],"collection":[{"href":"https:\/\/myspainfood.com\/ro\/wp-json\/wp\/v2\/product"}],"about":[{"href":"https:\/\/myspainfood.com\/ro\/wp-json\/wp\/v2\/types\/product"}],"wp:featuredmedia":[{"embeddable":true,"href":"https:\/\/myspainfood.com\/ro\/wp-json\/wp\/v2\/media\/7781"}],"wp:attachment":[{"href":"https:\/\/myspainfood.com\/ro\/wp-json\/wp\/v2\/media?parent=25241"}],"wp:term":[{"taxonomy":"product_brand","embeddable":true,"href":"https:\/\/myspainfood.com\/ro\/wp-json\/wp\/v2\/product_brand?post=25241"},{"taxonomy":"product_cat","embeddable":true,"href":"https:\/\/myspainfood.com\/ro\/wp-json\/wp\/v2\/product_cat?post=25241"},{"taxonomy":"product_tag","embeddable":true,"href":"https:\/\/myspainfood.com\/ro\/wp-json\/wp\/v2\/product_tag?post=25241"}],"curies":[{"name":"wp","href":"https:\/\/api.w.org\/{rel}","templated":true}]}}