{"id":26189,"date":"2025-04-10T12:06:59","date_gmt":"2025-04-10T10:06:59","guid":{"rendered":"https:\/\/myspainfood.com\/producto\/ansoa-cantabrica-oro-seria-00\/"},"modified":"2025-06-24T16:19:43","modified_gmt":"2025-06-24T14:19:43","slug":"ansoa-cantabrica-oro-seria-00","status":"publish","type":"product","link":"https:\/\/myspainfood.com\/ro\/producto\/ansoa-cantabrica-oro-seria-00\/","title":{"rendered":"An\u0219oa Cantabric\u0103 ORO seria 00"},"content":{"rendered":"<p>Arlequin Anchovy <a href=\"https:\/\/conservasarlequin.com\/serie-oro\/\" target=\"_blank\" rel=\"noopener noreferrer nofollow\">Arlequin<\/a> Serie Oro 00 este o conserv\u0103 artizanal\u0103.<\/p>\n<p><strong>Greutate net\u0103 \/ Escu:<\/strong> 120g\/58g<\/p>\n<p><strong>Perioada de valabilitate:<\/strong> 9 luni<\/p>\n<p><strong>Conservare:<\/strong> Rece<\/p>\n<p><strong>Nr. de fileuri \/ Nr. de buc\u0103\u021bi:<\/strong> 8<\/p>\n<p>Misiunea Conservas <a href=\"https:\/\/latiendadesami.com\/marca\/arlequin\/\" target=\"_blank\" rel=\"noopener noreferrer nofollow\">Arlequ\u00edn<\/a> este de a oferi un produs excelent, cele mai bune servicii \u0219i o gam\u0103 larg\u0103 de conserve de pe\u0219te la cel mai bun pre\u021b.<\/p>\n<p>De asemenea, sunt speciali\u0219ti \u00een an\u0219oa, an\u0219oa Arlequin Serie Oro 00, an\u0219oa, bonito, ton cu aripioare galbene, midii, macrou \u0219i sardine.<\/p>\n<p>De exemplu, Comidista din ziarul El Pa\u00eds a spus despre ventresca: &#8222;Este at\u00e2t de fraged\u0103, aproape cremoas\u0103, \u00eenc\u00e2t te face s\u0103 vrei s\u0103 te c\u0103s\u0103tore\u0219ti cu ea \u0219i s\u0103 tr\u0103ie\u0219ti fericit p\u00e2n\u0103 te ia Domnul&#8221;.<\/p>\n<h4>Principalele beneficii ale alimentelor conservate<\/h4>\n<ol>\n<li>P\u0103streaz\u0103 toate propriet\u0103\u021bile nutritive ale alimentelor \u00een sine. Alimentele \u00ee\u0219i p\u0103streaz\u0103 prospe\u021bimea. <\/li>\n<li>Alimentele utilizate sunt s\u0103n\u0103toase \u0219i, prin urmare, potrivite pentru o diet\u0103 optim\u0103 datorit\u0103 con\u021binutului lor ridicat de vitamine \u0219i proteine.<\/li>\n<li>Aceste produse au o durat\u0103 de via\u021b\u0103 mai lung\u0103 (2-5 ani este tipic).<\/li>\n<li>Conservele sunt foarte u\u0219or de depozitat, deoarece ambalajul lor este u\u0219or de aplicat.<\/li>\n<\/ol>\n<p>Dac\u0103 dori\u021bi s\u0103 cump\u0103ra\u021bi ton sau orice alt tip de <a href=\"https:\/\/latiendadesami.com\/categoria-producto\/conservas\/\" rel=\"noopener noreferrer nofollow\" target=\"_blank\">conserv\u0103<\/a>, nu ezita\u021bi s\u0103 arunca\u021bi o privire la catalogul nostru online pentru a vedea varietatea larg\u0103 de <a href=\"https:\/\/latiendadesami.com\/categoria-producto\/conservas\/atun-y-bonito\/\" target=\"_blank\" rel=\"noopener noreferrer nofollow\">ton<\/a> pe care o avem.<\/p>\n<p>Scrie\u021bi-ne pentru mai multe informa\u021bii.<\/p>\n","protected":false},"excerpt":{"rendered":"<p>Arlequin Anchovy Arlequin Serie Oro 00 este o conserv\u0103 artizanal\u0103. Greutate net\u0103 \/ Escu: 120g\/58g Perioada de valabilitate: 9 luni Conservare: Rece Nr. de fileuri \/ Nr. de buc\u0103\u021bi: 8 Misiunea Conservas Arlequ\u00edn este de a oferi un produs excelent, cele mai bune servicii \u0219i o gam\u0103 larg\u0103 de conserve de pe\u0219te la cel mai [&hellip;]<\/p>\n","protected":false},"featured_media":9140,"template":"","meta":{"_et_pb_use_builder":"","_et_pb_old_content":"","_et_gb_content_width":""},"product_brand":[1162],"product_cat":[1830,1828],"product_tag":[5624],"class_list":{"0":"post-26189","1":"product","2":"type-product","3":"status-publish","4":"has-post-thumbnail","6":"product_brand-arlequin","7":"product_cat-ansoa","8":"product_cat-rece","9":"product_tag-serieoro-ro","10":"product_shipping_class-transport-la-rece","12":"first","13":"outofstock","14":"sale","15":"taxable","16":"shipping-taxable","17":"purchasable","18":"product-type-variable"},"_links":{"self":[{"href":"https:\/\/myspainfood.com\/ro\/wp-json\/wp\/v2\/product\/26189","targetHints":{"allow":["GET"]}}],"collection":[{"href":"https:\/\/myspainfood.com\/ro\/wp-json\/wp\/v2\/product"}],"about":[{"href":"https:\/\/myspainfood.com\/ro\/wp-json\/wp\/v2\/types\/product"}],"wp:featuredmedia":[{"embeddable":true,"href":"https:\/\/myspainfood.com\/ro\/wp-json\/wp\/v2\/media\/9140"}],"wp:attachment":[{"href":"https:\/\/myspainfood.com\/ro\/wp-json\/wp\/v2\/media?parent=26189"}],"wp:term":[{"taxonomy":"product_brand","embeddable":true,"href":"https:\/\/myspainfood.com\/ro\/wp-json\/wp\/v2\/product_brand?post=26189"},{"taxonomy":"product_cat","embeddable":true,"href":"https:\/\/myspainfood.com\/ro\/wp-json\/wp\/v2\/product_cat?post=26189"},{"taxonomy":"product_tag","embeddable":true,"href":"https:\/\/myspainfood.com\/ro\/wp-json\/wp\/v2\/product_tag?post=26189"}],"curies":[{"name":"wp","href":"https:\/\/api.w.org\/{rel}","templated":true}]}}