{"id":26587,"date":"2025-04-10T12:07:09","date_gmt":"2025-04-10T10:07:09","guid":{"rendered":"https:\/\/myspainfood.com\/producto\/cocos-seria-oro-20-30-bucati\/"},"modified":"2025-04-10T12:07:09","modified_gmt":"2025-04-10T10:07:09","slug":"cocos-seria-oro-20-30-bucati","status":"publish","type":"product","link":"https:\/\/myspainfood.com\/ro\/producto\/cocos-seria-oro-20-30-bucati\/","title":{"rendered":"Cocos seria ORO 20\/30 buc\u0103\u021bi"},"content":{"rendered":"<p><a href=\"https:\/\/conservasarlequin.com\/serie-oro\/\" target=\"_blank\" rel=\"noopener noreferrer nofollow\">Arlequ\u00edn<\/a> Golden Cockles seria 00 este un produs la conserv\u0103 fabricat \u00een mod tradi\u021bional.<\/p>\n<p><strong>Greutate net\u0103 \/ Escu:<\/strong> 113g\/63g<\/p>\n<p><strong>Perioada de valabilitate:<\/strong> 4 ani<\/p>\n<p><strong>Conservare:<\/strong> Mediu<\/p>\n<p><strong>Nr. de fileuri \/ Nr. de buc\u0103\u021bi:<\/strong> 20\/30<\/p>\n<p>Misiunea Conservas Arlequ\u00edn este de a oferi un produs excelent, cele mai bune servicii \u0219i o gam\u0103 larg\u0103 de conserve de pe\u0219te la cel mai bun pre\u021b. Misiunea Conservas <a href=\"https:\/\/latiendadesami.com\/marca\/arlequin\/\" target=\"_blank\" rel=\"noopener noreferrer nofollow\">Arlequ\u00edn<\/a> este de a oferi un produs excelent, cele mai bune servicii \u0219i o gam\u0103 larg\u0103 de conserve de pe\u0219te la cel mai bun pre\u021b.<\/p>\n<p>Ace\u0219tia sunt, de asemenea, speciali\u0219ti \u00een an\u0219oa, cocos seria 00 aur, an\u0219oa, bonito, ton cu aripioare galbene, midii, macrou \u0219i sardine.<\/p>\n<p>De exemplu, Comidista din ziarul El Pa\u00eds a spus despre ventresca: &#8222;Este at\u00e2t de fraged\u0103, aproape cremoas\u0103, \u00eenc\u00e2t te face s\u0103 vrei s\u0103 te c\u0103s\u0103tore\u0219ti cu ea \u0219i s\u0103 tr\u0103ie\u0219ti fericit p\u00e2n\u0103 te ia Domnul&#8221;.<\/p>\n<h4>Principalele beneficii ale alimentelor conservate<\/h4>\n<ol>\n<li>P\u0103streaz\u0103 toate propriet\u0103\u021bile nutritive ale alimentelor \u00een sine. Alimentele \u00ee\u0219i p\u0103streaz\u0103 prospe\u021bimea. <\/li>\n<li>Alimentele utilizate sunt s\u0103n\u0103toase \u0219i, prin urmare, potrivite pentru o diet\u0103 optim\u0103 datorit\u0103 con\u021binutului lor ridicat de vitamine \u0219i proteine.<\/li>\n<li>Aceste produse au o durat\u0103 de via\u021b\u0103 mai lung\u0103 (2-5 ani este tipic).<\/li>\n<li>Conservele sunt foarte u\u0219or de depozitat, deoarece ambalajul lor este u\u0219or de aplicat.<\/li>\n<\/ol>\n<p>Dac\u0103 dori\u021bi s\u0103 cump\u0103ra\u021bi ton sau orice alt tip de <a href=\"https:\/\/latiendadesami.com\/categoria-producto\/conservas\/\" rel=\"noopener noreferrer nofollow\" target=\"_blank\">conserv\u0103<\/a>, nu ezita\u021bi s\u0103 arunca\u021bi o privire la catalogul nostru online pentru a vedea varietatea larg\u0103 de <a href=\"https:\/\/latiendadesami.com\/categoria-producto\/conservas\/atun-y-bonito\/\" target=\"_blank\" rel=\"noopener noreferrer nofollow\">ton<\/a> pe care o avem.<\/p>\n<p>Scrie\u021bi-ne pentru mai multe informa\u021bii.<\/p>\n","protected":false},"excerpt":{"rendered":"<p><strong>Din R\u00eda de Noia<\/p>\n<p>Calitate selectat\u0103<\/strong><\/p>\n<p><strong>Num\u0103r de buc\u0103\u021bi:<\/strong> 15\/25 Buc\u0103\u021bi<\/p>\n<p><strong>Greutate net\u0103:<\/strong> 113 g<\/p>\n<p><strong>Greutate drenat\u0103: <\/strong>63 g<\/p>\n<p><strong>Ingrediente: <\/strong><em>Scoici,<\/em> ap\u0103, sare, acidifiant (E330, E331) \u0219i antioxidant (E385).<\/p>\n<p><strong>Alergeni:<\/strong> <em>Con\u021bine molu\u0219te, cocle.<\/em><\/p>\n<p>Se p\u0103streaz\u0103 la temperatura camerei.<\/p>\n<p>Odat\u0103 deschis, se recomand\u0103 s\u0103 fie consumat \u00een \u00eentregime.<\/p>\n","protected":false},"featured_media":9356,"template":"","meta":{"_et_pb_use_builder":"","_et_pb_old_content":"","_et_gb_content_width":""},"product_brand":[1162],"product_cat":[1975,5670],"product_tag":[5624],"class_list":{"0":"post-26587","1":"product","2":"type-product","3":"status-publish","4":"has-post-thumbnail","6":"product_brand-arlequin","7":"product_cat-conserve-ro","8":"product_cat-scoici-ro","9":"product_tag-serieoro-ro","11":"first","12":"outofstock","13":"sale","14":"taxable","15":"shipping-taxable","16":"purchasable","17":"product-type-simple"},"_links":{"self":[{"href":"https:\/\/myspainfood.com\/ro\/wp-json\/wp\/v2\/product\/26587","targetHints":{"allow":["GET"]}}],"collection":[{"href":"https:\/\/myspainfood.com\/ro\/wp-json\/wp\/v2\/product"}],"about":[{"href":"https:\/\/myspainfood.com\/ro\/wp-json\/wp\/v2\/types\/product"}],"wp:featuredmedia":[{"embeddable":true,"href":"https:\/\/myspainfood.com\/ro\/wp-json\/wp\/v2\/media\/9356"}],"wp:attachment":[{"href":"https:\/\/myspainfood.com\/ro\/wp-json\/wp\/v2\/media?parent=26587"}],"wp:term":[{"taxonomy":"product_brand","embeddable":true,"href":"https:\/\/myspainfood.com\/ro\/wp-json\/wp\/v2\/product_brand?post=26587"},{"taxonomy":"product_cat","embeddable":true,"href":"https:\/\/myspainfood.com\/ro\/wp-json\/wp\/v2\/product_cat?post=26587"},{"taxonomy":"product_tag","embeddable":true,"href":"https:\/\/myspainfood.com\/ro\/wp-json\/wp\/v2\/product_tag?post=26587"}],"curies":[{"name":"wp","href":"https:\/\/api.w.org\/{rel}","templated":true}]}}