{"id":26732,"date":"2025-04-10T12:07:40","date_gmt":"2025-04-10T10:07:40","guid":{"rendered":"https:\/\/myspainfood.com\/producto\/castraveti-mari-225-kg-greutate-n\/"},"modified":"2025-04-10T12:07:40","modified_gmt":"2025-04-10T10:07:40","slug":"castraveti-mari-225-kg-greutate-n","status":"publish","type":"product","link":"https:\/\/myspainfood.com\/ro\/producto\/castraveti-mari-225-kg-greutate-n\/","title":{"rendered":"Castrave\u021bi mari 2,25 kg greutate n"},"content":{"rendered":"<p>Castrave\u021bi mura\u021bi 2,25 kg greutate net\u0103 - Cu castrave\u021bi mura\u021bi doar cu ap\u0103 \u0219i sare ob\u021bine\u021bi una dintre cele mai delicioase <a href=\"https:\/\/www.google.com\/search?q=pepinillos+gordos&amp;tbm=isch&amp;ved=2ahUKEwj6xNCv8-_1AhWXiP0HHcNGC0QQ2-cCegQIABAA&amp;oq=pepinillos+gordos&amp;gs_lcp=CgNpbWcQA1DZFVjlJ2DcK2gAcAB4AIABYYgB4wqSAQIxOJgBAKABAaoBC2d3cy13aXotaW1nwAEB&amp;sclient=img&amp;ei=WUYCYrq0IpeR9u8Pw42toAQ&amp;bih=780&amp;biw=1577\" target=\"_blank\" rel=\"noopener noreferrer nofollow\">gust\u0103ri<\/a>.<\/p>\n<p>Amestecul de arome oferit de ingrediente, \u00eempreun\u0103 cu atingerea o\u021betului, \u00eei confer\u0103 un gust special, foarte pl\u0103cut la gur\u0103.<\/p>\n<p>Mur\u0103turile sunt o gustare care stimuleaz\u0103 sistemul imunitar, ceea ce \u00eenseamn\u0103 c\u0103 sus\u021bin ap\u0103rarea organismului \u0219i s\u0103n\u0103tatea general\u0103.<\/p>\n<h3><strong>Beneficiile castrave\u021bilor gra\u0219i<\/strong><\/h3>\n<p>\u0218tia\u021bi care sunt beneficiile mur\u0103turilor \u00een general? Iat\u0103 o list\u0103 a celor mai importante: <\/p>\n<ul>\n<li>Bogat \u00een probiotice.<\/li>\n<li>Acestea ajut\u0103 la digestie.<\/li>\n<li>Ele \u00eent\u0103resc sistemul imunitar.<\/li>\n<li>Acestea reduc pofta de zah\u0103r.<\/li>\n<li>Favorabil pentru vezica biliar\u0103.<\/li>\n<\/ul>\n<p>Dac\u0103 dori\u021bi s\u0103 cump\u0103ra\u021bi m\u0103sline sau orice alt tip de <a href=\"https:\/\/latiendadesami.com\/categoria-producto\/encurtidos\/\" rel=\"noopener noreferrer nofollow\" target=\"_blank\">mur\u0103turi<\/a>, nu ezita\u021bi s\u0103 arunca\u021bi o privire la catalogul nostru online pentru a vedea varietatea larg\u0103 de <a href=\"https:\/\/latiendadesami.com\/categoria-producto\/encurtidos\/pepinillos\/\" target=\"_blank\" rel=\"noopener noreferrer nofollow\">mur\u0103turi<\/a> pe care o avem.<\/p>\n","protected":false},"excerpt":{"rendered":"<p>Castrave\u021bi mura\u021bi 2,25 kg greutate net\u0103 - Cu castrave\u021bi mura\u021bi doar cu ap\u0103 \u0219i sare ob\u021bine\u021bi una dintre cele mai delicioase gust\u0103ri. Amestecul de arome oferit de ingrediente, \u00eempreun\u0103 cu atingerea o\u021betului, \u00eei confer\u0103 un gust special, foarte pl\u0103cut la gur\u0103. Mur\u0103turile sunt o gustare care stimuleaz\u0103 sistemul imunitar, ceea ce \u00eenseamn\u0103 c\u0103 sus\u021bin ap\u0103rarea [&hellip;]<\/p>\n","protected":false},"featured_media":9995,"template":"","meta":{"_et_pb_use_builder":"","_et_pb_old_content":"","_et_gb_content_width":""},"product_brand":[],"product_cat":[2004,1598],"product_tag":[2033],"class_list":{"0":"post-26732","1":"product","2":"type-product","3":"status-publish","4":"has-post-thumbnail","6":"product_cat-castraveti","7":"product_cat-muraturi","8":"product_tag-gherkin-ro","10":"first","11":"instock","12":"taxable","13":"shipping-taxable","14":"purchasable","15":"product-type-simple"},"_links":{"self":[{"href":"https:\/\/myspainfood.com\/ro\/wp-json\/wp\/v2\/product\/26732","targetHints":{"allow":["GET"]}}],"collection":[{"href":"https:\/\/myspainfood.com\/ro\/wp-json\/wp\/v2\/product"}],"about":[{"href":"https:\/\/myspainfood.com\/ro\/wp-json\/wp\/v2\/types\/product"}],"wp:featuredmedia":[{"embeddable":true,"href":"https:\/\/myspainfood.com\/ro\/wp-json\/wp\/v2\/media\/9995"}],"wp:attachment":[{"href":"https:\/\/myspainfood.com\/ro\/wp-json\/wp\/v2\/media?parent=26732"}],"wp:term":[{"taxonomy":"product_brand","embeddable":true,"href":"https:\/\/myspainfood.com\/ro\/wp-json\/wp\/v2\/product_brand?post=26732"},{"taxonomy":"product_cat","embeddable":true,"href":"https:\/\/myspainfood.com\/ro\/wp-json\/wp\/v2\/product_cat?post=26732"},{"taxonomy":"product_tag","embeddable":true,"href":"https:\/\/myspainfood.com\/ro\/wp-json\/wp\/v2\/product_tag?post=26732"}],"curies":[{"name":"wp","href":"https:\/\/api.w.org\/{rel}","templated":true}]}}