{"id":26803,"date":"2025-04-10T12:07:39","date_gmt":"2025-04-10T10:07:39","guid":{"rendered":"https:\/\/myspainfood.com\/producto\/branza-de-capra-maturata-cu-paprika-aprox-320gr\/"},"modified":"2025-08-06T12:58:20","modified_gmt":"2025-08-06T10:58:20","slug":"branza-de-capra-maturata-cu-paprika-aprox-320gr","status":"publish","type":"product","link":"https:\/\/myspainfood.com\/ro\/producto\/branza-de-capra-maturata-cu-paprika-aprox-320gr\/","title":{"rendered":"Br\u00e2nz\u0103 de capr\u0103 maturat\u0103 cu paprika aprox. 320gr"},"content":{"rendered":"<p>Br\u00e2nz\u0103 de capr\u0103 maturat\u0103 cu paprika aprox. 320gr este produs\u0103 de Queser\u00eda El <a href=\"https:\/\/www.facebook.com\/Queser%C3%ADa-El-Manjar-1564604537177140\/\" target=\"_blank\" rel=\"noopener noreferrer nofollow\">Manjar<\/a>.<\/p>\n<p>Aceast\u0103 fabric\u0103 de br\u00e2nz\u0103 este situat\u0103 \u00een Velada, Toledo, l\u00e2ng\u0103 Talavera de la Reina.<\/p>\n<p>Este fabricat din lapte pasteurizat \u0219i este acoperit cu un strat de paprika pe coaj\u0103, care \u00eei confer\u0103 gustul s\u0103u special \u0219i inconfundabil.<\/p>\n<p>Pe l\u00e2ng\u0103 produc\u021bia de br\u00e2nz\u0103 de capr\u0103 maturat\u0103 cu paprika, catalogul s\u0103u de produse include \u0219i o varietate de alte br\u00e2nzeturi, cum ar fi br\u00e2nzeturile proaspete.<\/p>\n<p>Toate produsele sunt realizate manual \u00een mod tradi\u021bional. Greutatea aproximativ\u0103 a fiec\u0103rei por\u021bii este de 320 de grame. <\/p>\n<p>Acest produs trebuie p\u0103strat la frigider de la 0\u00ba la 8\u00ba.<\/p>\n<p>Br\u00e2nza de capr\u0103, sau mai exact br\u00e2nza din lapte de capr\u0103, este cunoscut\u0103 sub numele de ch\u00e8vre (care \u00een francez\u0103 \u00eenseamn\u0103 capr\u0103) \u0219i este denumirea dat\u0103 oric\u0103rei br\u00e2nzeturi fabricate din lapte de capr\u0103.<\/p>\n<p>Br\u00e2nza de capr\u0103 se fabric\u0103 de mii de ani \u0219i a fost probabil unul dintre primele produse lactate preparate. \u00cen forma sa cea mai simpl\u0103, br\u00e2nza de capr\u0103 se prepar\u0103 prin t\u0103ierea natural\u0103 a laptelui crud, apoi prin scurgerea \u0219i presarea ca\u0219ului. <\/p>\n<p>Dac\u0103 dori\u021bi s\u0103 cump\u0103ra\u021bi alte br\u00e2nzeturi sau orice alt tip de <a href=\"https:\/\/latiendadesami.com\/\" rel=\"noopener noreferrer nofollow\" target=\"_blank\">alimente<\/a>, nu ezita\u021bi s\u0103 arunca\u021bi o privire la catalogul nostru online pentru a vedea varietatea larg\u0103 de produse pe care le avem.<\/p>\n<p>Scrie\u021bi-ne pentru mai multe informa\u021bii.<\/p>\n","protected":false},"excerpt":{"rendered":"<p>Br\u00e2nz\u0103 de capr\u0103 maturat\u0103 cu paprika aprox. 320gr este produs\u0103 de Queser\u00eda El Manjar. Aceast\u0103 fabric\u0103 de br\u00e2nz\u0103 este situat\u0103 \u00een Velada, Toledo, l\u00e2ng\u0103 Talavera de la Reina. Este fabricat din lapte pasteurizat \u0219i este acoperit cu un strat de paprika pe coaj\u0103, care \u00eei confer\u0103 gustul s\u0103u special \u0219i inconfundabil. Pe l\u00e2ng\u0103 produc\u021bia de [&hellip;]<\/p>\n","protected":false},"featured_media":9959,"template":"","meta":{"_et_pb_use_builder":"","_et_pb_old_content":"","_et_gb_content_width":""},"product_brand":[1246],"product_cat":[2239,5727,1828],"product_tag":[],"class_list":{"0":"post-26803","1":"product","2":"type-product","3":"status-publish","4":"has-post-thumbnail","6":"product_brand-el-manjar","7":"product_cat-branza-si-carnati","8":"product_cat-curatare-ro","9":"product_cat-rece","10":"product_shipping_class-transport-la-rece","12":"first","13":"instock","14":"taxable","15":"shipping-taxable","16":"purchasable","17":"product-type-simple"},"_links":{"self":[{"href":"https:\/\/myspainfood.com\/ro\/wp-json\/wp\/v2\/product\/26803","targetHints":{"allow":["GET"]}}],"collection":[{"href":"https:\/\/myspainfood.com\/ro\/wp-json\/wp\/v2\/product"}],"about":[{"href":"https:\/\/myspainfood.com\/ro\/wp-json\/wp\/v2\/types\/product"}],"wp:featuredmedia":[{"embeddable":true,"href":"https:\/\/myspainfood.com\/ro\/wp-json\/wp\/v2\/media\/9959"}],"wp:attachment":[{"href":"https:\/\/myspainfood.com\/ro\/wp-json\/wp\/v2\/media?parent=26803"}],"wp:term":[{"taxonomy":"product_brand","embeddable":true,"href":"https:\/\/myspainfood.com\/ro\/wp-json\/wp\/v2\/product_brand?post=26803"},{"taxonomy":"product_cat","embeddable":true,"href":"https:\/\/myspainfood.com\/ro\/wp-json\/wp\/v2\/product_cat?post=26803"},{"taxonomy":"product_tag","embeddable":true,"href":"https:\/\/myspainfood.com\/ro\/wp-json\/wp\/v2\/product_tag?post=26803"}],"curies":[{"name":"wp","href":"https:\/\/api.w.org\/{rel}","templated":true}]}}