{"id":26865,"date":"2025-04-10T12:07:32","date_gmt":"2025-04-10T10:07:32","guid":{"rendered":"https:\/\/myspainfood.com\/producto\/branza-maturata-four-sticks-25kg-aprox\/"},"modified":"2025-06-24T16:24:12","modified_gmt":"2025-06-24T14:24:12","slug":"branza-maturata-four-sticks-25kg-aprox","status":"publish","type":"product","link":"https:\/\/myspainfood.com\/ro\/producto\/branza-maturata-four-sticks-25kg-aprox\/","title":{"rendered":"Br\u00e2nz\u0103 maturat\u0103 Four Sticks 2,5kg aprox."},"content":{"rendered":"<p>Br\u00e2nza maturat\u0103 Cuatro barras este fabricat\u0103 cu <a href=\"https:\/\/es.wikipedia.org\/wiki\/Queso_de_leche_de_oveja\" target=\"_blank\" rel=\"noopener noreferrer nofollow\">lapte de oaie<\/a> \u0219i este maturat\u0103 timp de aproximativ 12 luni.<\/p>\n<p>\u00centreaga pies\u0103 c\u00e2nt\u0103re\u0219te aproximativ 2,5 kilograme.<\/p>\n<p>Br\u00e2nz\u0103 fabricat\u0103 din lapte pasteurizat de oaie (min. 65%) \u0219i lapte de vac\u0103, cu un gust rafinat, a c\u0103rei textur\u0103 ferm\u0103 \u00eei eviden\u021biaz\u0103 aroma intens\u0103. O br\u00e2nz\u0103 excelent\u0103 care nu v\u0103 va l\u0103sa indiferen\u021bi. <\/p>\n<p>Recomand\u0103m p\u0103strarea \u00eentr-un loc uscat \u0219i r\u0103coros, \u00eentre 4-8 \u00baC, pentru a-i \u00eembun\u0103t\u0103\u021bi conservarea.<\/p>\n<p>Oile au doar dou\u0103 tetine \u0219i produc un volum mult mai mic de lapte dec\u00e2t vacile.<\/p>\n<p>Cu toate acestea, deoarece laptele de oaie con\u021bine mult mai mult\u0103 gr\u0103sime, substan\u021be solide \u0219i minerale dec\u00e2t laptele de vac\u0103, este ideal pentru procesul de fabricare a br\u00e2nzei.<\/p>\n<p>De asemenea, rezist\u0103 mai bine la contaminare \u00een timpul r\u0103cirii datorit\u0103 con\u021binutului mult mai ridicat de calciu.<\/p>\n<p>De\u0219i laptele de oaie poate fi consumat \u00een stare proasp\u0103t\u0103, \u00een prezent este utilizat \u00een principal pentru producerea de br\u00e2nz\u0103 \u0219i iaurt.<\/p>\n<p>Dac\u0103 dori\u021bi s\u0103 cump\u0103ra\u021bi Queso Curado Cuatro barras sau orice alt tip de <a href=\"https:\/\/latiendadesami.com\/categoria-producto\/queso-embutido\/\" rel=\"noopener noreferrer nofollow\" target=\"_blank\">br\u00e2nz\u0103 sau mezeluri<\/a>, nu ezita\u021bi s\u0103 arunca\u021bi o privire la catalogul nostru online. Avem cea mai bun\u0103 calitate la cel mai bun pre\u021b.<\/p>\n<p>Scrie\u021bi-ne pentru mai multe informa\u021bii sau dac\u0103 ave\u021bi \u00eentreb\u0103ri despre acest produs sau despre orice alt produs.<\/p>\n","protected":false},"excerpt":{"rendered":"<p>Br\u00e2nza maturat\u0103 Cuatro barras este fabricat\u0103 cu lapte de oaie \u0219i este maturat\u0103 timp de aproximativ 12 luni. \u00centreaga pies\u0103 c\u00e2nt\u0103re\u0219te aproximativ 2,5 kilograme. Br\u00e2nz\u0103 fabricat\u0103 din lapte pasteurizat de oaie (min. 65%) \u0219i lapte de vac\u0103, cu un gust rafinat, a c\u0103rei textur\u0103 ferm\u0103 \u00eei eviden\u021biaz\u0103 aroma intens\u0103. O br\u00e2nz\u0103 excelent\u0103 care nu v\u0103 [&hellip;]<\/p>\n","protected":false},"featured_media":9806,"template":"","meta":{"_et_pb_use_builder":"","_et_pb_old_content":"","_et_gb_content_width":""},"product_brand":[1234],"product_cat":[2239,5727,1828],"product_tag":[],"class_list":{"0":"post-26865","1":"product","2":"type-product","3":"status-publish","4":"has-post-thumbnail","6":"product_brand-cuatro-barras","7":"product_cat-branza-si-carnati","8":"product_cat-curatare-ro","9":"product_cat-rece","10":"product_shipping_class-transport-la-rece","12":"first","13":"outofstock","14":"taxable","15":"shipping-taxable","16":"product-type-variable"},"_links":{"self":[{"href":"https:\/\/myspainfood.com\/ro\/wp-json\/wp\/v2\/product\/26865","targetHints":{"allow":["GET"]}}],"collection":[{"href":"https:\/\/myspainfood.com\/ro\/wp-json\/wp\/v2\/product"}],"about":[{"href":"https:\/\/myspainfood.com\/ro\/wp-json\/wp\/v2\/types\/product"}],"wp:featuredmedia":[{"embeddable":true,"href":"https:\/\/myspainfood.com\/ro\/wp-json\/wp\/v2\/media\/9806"}],"wp:attachment":[{"href":"https:\/\/myspainfood.com\/ro\/wp-json\/wp\/v2\/media?parent=26865"}],"wp:term":[{"taxonomy":"product_brand","embeddable":true,"href":"https:\/\/myspainfood.com\/ro\/wp-json\/wp\/v2\/product_brand?post=26865"},{"taxonomy":"product_cat","embeddable":true,"href":"https:\/\/myspainfood.com\/ro\/wp-json\/wp\/v2\/product_cat?post=26865"},{"taxonomy":"product_tag","embeddable":true,"href":"https:\/\/myspainfood.com\/ro\/wp-json\/wp\/v2\/product_tag?post=26865"}],"curies":[{"name":"wp","href":"https:\/\/api.w.org\/{rel}","templated":true}]}}