{"id":27546,"date":"2025-04-10T12:07:31","date_gmt":"2025-04-10T10:07:31","guid":{"rendered":"https:\/\/myspainfood.com\/producto\/masline-campo-real-45-kg\/"},"modified":"2025-04-10T12:07:31","modified_gmt":"2025-04-10T10:07:31","slug":"masline-campo-real-45-kg","status":"publish","type":"product","link":"https:\/\/myspainfood.com\/ro\/producto\/masline-campo-real-45-kg\/","title":{"rendered":"M\u0103sline Campo Real 4,5 kg"},"content":{"rendered":"<p>Dac\u0103 municipalitatea Campo Real este cunoscut\u0103 pentru ceva, este pentru faimoasele sale m\u0103sline Campo Real de 4,5 kg.<\/p>\n<p>Apar\u021bin\u00e2nd soiurilor manzanilla de Campo Real \u0219i cacere\u00f1a, secretul m\u0103slinelor sale const\u0103 \u00een m\u0103slinii centenari din care provin, experien\u021ba cultivatorilor de m\u0103sline \u0219i condimentarea m\u0103slinelor.<\/p>\n<p>Aceast\u0103 <a href=\"https:\/\/www.google.com\/search?q=revuelto+aceitunas+s%C3%A1ngar&amp;sxsrf=APq-WBt1wkTZta0IAEDoueZPBxEuaY8Dtw:1644308614563&amp;source=lnms&amp;tbm=isch&amp;sa=X&amp;ved=2ahUKEwjouvz21u_1AhVV_rsIHacjBd0Q_AUoAXoECAEQAw&amp;biw=1577&amp;bih=780&amp;dpr=1\" target=\"_blank\" rel=\"noopener noreferrer nofollow\">combina\u021bie<\/a> de m\u0103sline \u0219i mur\u0103turi face posibil\u0103 savurarea unei arome de neegalat \u00een tapas sau aperitive.<\/p>\n<p>Este o completare foarte s\u0103n\u0103toas\u0103 a dietei noastre tradi\u021bionale mediteraneene nutritive.<\/p>\n<p>\u00cen Spania g\u0103sim m\u0103sline, castrave\u021bi, vinete almagro, morcovi, ceap\u0103, fiind foarte tradi\u021bionale caperele, usturoiul sau chiar un amestec al acestora.<\/p>\n<p>Acestea sunt adesea servite ca tapas pentru a \u00eenso\u021bi berea (nu vinul din cauza con\u021binutului lor de o\u021bet).<\/p>\n<p>Mur\u0103turile au trecut de la o tehnic\u0103 veche de conservare a alimentelor \u00een \u00eentreaga lume la una dintre cele mai populare tapas sau aperitive din gastronomia spaniol\u0103.<\/p>\n<h3><strong>Beneficiile produsului Campo Real Olive 4,5 kg<\/strong><\/h3>\n<p>\u0218tia\u021bi care sunt beneficiile M\u0103slinelor Campo Real 4,5 kg \u0219i ale mur\u0103turilor \u00een general? Iat\u0103 o list\u0103 a celor mai importante: <\/p>\n<ul>\n<li>Bogat \u00een probiotice.<\/li>\n<li>Acestea ajut\u0103 la digestie.<\/li>\n<li>Ele \u00eent\u0103resc sistemul imunitar.<\/li>\n<li>Acestea reduc pofta de zah\u0103r.<\/li>\n<li>Favorabil pentru vezica biliar\u0103.<\/li>\n<\/ul>\n<p>Dac\u0103 dori\u021bi s\u0103 cump\u0103ra\u021bi m\u0103sline sau orice alt tip de <a href=\"https:\/\/latiendadesami.com\/categoria-producto\/encurtidos\/\" rel=\"noopener noreferrer nofollow\" target=\"_blank\">m\u00e2ncare murat\u0103<\/a>, nu ezita\u021bi s\u0103 arunca\u021bi o privire la catalogul nostru online pentru a vedea varietatea larg\u0103 de <a href=\"https:\/\/latiendadesami.com\/categoria-producto\/encurtidos\/aceitunas\/\" target=\"_blank\" rel=\"noopener noreferrer nofollow\">m\u0103sline<\/a> pe care o avem.<\/p>\n<p>Scrie\u021bi-ne pentru mai multe informa\u021bii.<\/p>\n","protected":false},"excerpt":{"rendered":"<p>Dac\u0103 municipalitatea Campo Real este cunoscut\u0103 pentru ceva, este pentru faimoasele sale m\u0103sline Campo Real de 4,5 kg. Apar\u021bin\u00e2nd soiurilor manzanilla de Campo Real \u0219i cacere\u00f1a, secretul m\u0103slinelor sale const\u0103 \u00een m\u0103slinii centenari din care provin, experien\u021ba cultivatorilor de m\u0103sline \u0219i condimentarea m\u0103slinelor. Aceast\u0103 combina\u021bie de m\u0103sline \u0219i mur\u0103turi face posibil\u0103 savurarea unei arome de [&hellip;]<\/p>\n","protected":false},"featured_media":9788,"template":"","meta":{"_et_pb_use_builder":"","_et_pb_old_content":"","_et_gb_content_width":""},"product_brand":[],"product_cat":[1600,1598],"product_tag":[3103],"class_list":{"0":"post-27546","1":"product","2":"type-product","3":"status-publish","4":"has-post-thumbnail","6":"product_cat-masline","7":"product_cat-muraturi","8":"product_tag-campo-real-ro","10":"first","11":"outofstock","12":"taxable","13":"shipping-taxable","14":"purchasable","15":"product-type-simple"},"_links":{"self":[{"href":"https:\/\/myspainfood.com\/ro\/wp-json\/wp\/v2\/product\/27546","targetHints":{"allow":["GET"]}}],"collection":[{"href":"https:\/\/myspainfood.com\/ro\/wp-json\/wp\/v2\/product"}],"about":[{"href":"https:\/\/myspainfood.com\/ro\/wp-json\/wp\/v2\/types\/product"}],"wp:featuredmedia":[{"embeddable":true,"href":"https:\/\/myspainfood.com\/ro\/wp-json\/wp\/v2\/media\/9788"}],"wp:attachment":[{"href":"https:\/\/myspainfood.com\/ro\/wp-json\/wp\/v2\/media?parent=27546"}],"wp:term":[{"taxonomy":"product_brand","embeddable":true,"href":"https:\/\/myspainfood.com\/ro\/wp-json\/wp\/v2\/product_brand?post=27546"},{"taxonomy":"product_cat","embeddable":true,"href":"https:\/\/myspainfood.com\/ro\/wp-json\/wp\/v2\/product_cat?post=27546"},{"taxonomy":"product_tag","embeddable":true,"href":"https:\/\/myspainfood.com\/ro\/wp-json\/wp\/v2\/product_tag?post=27546"}],"curies":[{"name":"wp","href":"https:\/\/api.w.org\/{rel}","templated":true}]}}