{"id":27637,"date":"2025-04-10T12:07:50","date_gmt":"2025-04-10T10:07:50","guid":{"rendered":"https:\/\/myspainfood.com\/producto\/masline-almagro-variant-760-g\/"},"modified":"2025-04-10T12:07:50","modified_gmt":"2025-04-10T10:07:50","slug":"masline-almagro-variant-760-g","status":"publish","type":"product","link":"https:\/\/myspainfood.com\/ro\/producto\/masline-almagro-variant-760-g\/","title":{"rendered":"M\u0103sline Almagro Variant 760 g"},"content":{"rendered":"<p>Almagro Variety Olive 760 gr - La Tienda de Sami<\/p>\n<p>Olive cu arom\u0103 de vineteOlive cu arom\u0103 de vineteO olive cu o arom\u0103 u\u0219oar\u0103. Un aperitiv \u00eendr\u0103zne\u021b care este \u00eentotdeauna apetisant \u0219i o completare ideal\u0103 a m\u00e2nc\u0103rurilor cu lingur\u0103. Poate fi savurat cu un pahar de vin.  <\/p>\n","protected":false},"excerpt":{"rendered":"<p>Almagro Variety Olive 760 gr - La Tienda de Sami Olive cu arom\u0103 de vineteOlive cu arom\u0103 de vineteO olive cu o arom\u0103 u\u0219oar\u0103. Un aperitiv \u00eendr\u0103zne\u021b care este \u00eentotdeauna apetisant \u0219i o completare ideal\u0103 a m\u00e2nc\u0103rurilor cu lingur\u0103. Poate fi savurat cu un pahar de vin.<\/p>\n","protected":false},"featured_media":10283,"template":"","meta":{"_et_pb_use_builder":"","_et_pb_old_content":"","_et_gb_content_width":""},"product_brand":[1057],"product_cat":[1600,1598],"product_tag":[3941],"class_list":{"0":"post-27637","1":"product","2":"type-product","3":"status-publish","4":"has-post-thumbnail","6":"product_brand-la-encajera","7":"product_cat-masline","8":"product_cat-muraturi","9":"product_tag-almagro-ro","11":"first","12":"outofstock","13":"taxable","14":"shipping-taxable","15":"product-type-variable"},"_links":{"self":[{"href":"https:\/\/myspainfood.com\/ro\/wp-json\/wp\/v2\/product\/27637","targetHints":{"allow":["GET"]}}],"collection":[{"href":"https:\/\/myspainfood.com\/ro\/wp-json\/wp\/v2\/product"}],"about":[{"href":"https:\/\/myspainfood.com\/ro\/wp-json\/wp\/v2\/types\/product"}],"wp:featuredmedia":[{"embeddable":true,"href":"https:\/\/myspainfood.com\/ro\/wp-json\/wp\/v2\/media\/10283"}],"wp:attachment":[{"href":"https:\/\/myspainfood.com\/ro\/wp-json\/wp\/v2\/media?parent=27637"}],"wp:term":[{"taxonomy":"product_brand","embeddable":true,"href":"https:\/\/myspainfood.com\/ro\/wp-json\/wp\/v2\/product_brand?post=27637"},{"taxonomy":"product_cat","embeddable":true,"href":"https:\/\/myspainfood.com\/ro\/wp-json\/wp\/v2\/product_cat?post=27637"},{"taxonomy":"product_tag","embeddable":true,"href":"https:\/\/myspainfood.com\/ro\/wp-json\/wp\/v2\/product_tag?post=27637"}],"curies":[{"name":"wp","href":"https:\/\/api.w.org\/{rel}","templated":true}]}}