{"id":27672,"date":"2025-04-10T12:07:50","date_gmt":"2025-04-10T10:07:50","guid":{"rendered":"https:\/\/myspainfood.com\/producto\/budinca-neagra-gourmet-carzorlas-320-gr\/"},"modified":"2025-04-10T12:07:50","modified_gmt":"2025-04-10T10:07:50","slug":"budinca-neagra-gourmet-carzorlas-320-gr","status":"publish","type":"product","link":"https:\/\/myspainfood.com\/ro\/producto\/budinca-neagra-gourmet-carzorlas-320-gr\/","title":{"rendered":"Budinc\u0103 neagr\u0103 Gourmet Carzorla&#8217;s 320 gr"},"content":{"rendered":"<pre>Morcilla de caldera Gourmet de Carzorla<\/pre>\n<p>Nu este altceva dec\u00e2t aluatul nedospit de budinc\u0103 neagr\u0103 g\u0103tit \u00een cazan. \u00cel pute\u021bi folosi ca umplutur\u0103 pentru pl\u0103cinte, g\u0103lu\u0219te, p\u00e2ine pr\u0103jit\u0103 sau ca un fel de m\u00e2ncare \u00een care pute\u021bi &#8222;\u00eenmuia&#8221; p\u00e2inea. <\/p>\n","protected":false},"excerpt":{"rendered":"<p>Morcilla de caldera Gourmet de Carzorla Nu este altceva dec\u00e2t aluatul nedospit de budinc\u0103 neagr\u0103 g\u0103tit \u00een cazan. \u00cel pute\u021bi folosi ca umplutur\u0103 pentru pl\u0103cinte, g\u0103lu\u0219te, p\u00e2ine pr\u0103jit\u0103 sau ca un fel de m\u00e2ncare \u00een care pute\u021bi &#8222;\u00eenmuia&#8221; p\u00e2inea.<\/p>\n","protected":false},"featured_media":10265,"template":"","meta":{"_et_pb_use_builder":"","_et_pb_old_content":"","_et_gb_content_width":""},"product_brand":[1252],"product_cat":[1975,3721],"product_tag":[],"class_list":{"0":"post-27672","1":"product","2":"type-product","3":"status-publish","4":"has-post-thumbnail","6":"product_brand-gourmet-de-cazorla","7":"product_cat-conserve-ro","8":"product_cat-legume","10":"first","11":"instock","12":"taxable","13":"shipping-taxable","14":"purchasable","15":"product-type-variable"},"_links":{"self":[{"href":"https:\/\/myspainfood.com\/ro\/wp-json\/wp\/v2\/product\/27672","targetHints":{"allow":["GET"]}}],"collection":[{"href":"https:\/\/myspainfood.com\/ro\/wp-json\/wp\/v2\/product"}],"about":[{"href":"https:\/\/myspainfood.com\/ro\/wp-json\/wp\/v2\/types\/product"}],"wp:featuredmedia":[{"embeddable":true,"href":"https:\/\/myspainfood.com\/ro\/wp-json\/wp\/v2\/media\/10265"}],"wp:attachment":[{"href":"https:\/\/myspainfood.com\/ro\/wp-json\/wp\/v2\/media?parent=27672"}],"wp:term":[{"taxonomy":"product_brand","embeddable":true,"href":"https:\/\/myspainfood.com\/ro\/wp-json\/wp\/v2\/product_brand?post=27672"},{"taxonomy":"product_cat","embeddable":true,"href":"https:\/\/myspainfood.com\/ro\/wp-json\/wp\/v2\/product_cat?post=27672"},{"taxonomy":"product_tag","embeddable":true,"href":"https:\/\/myspainfood.com\/ro\/wp-json\/wp\/v2\/product_tag?post=27672"}],"curies":[{"name":"wp","href":"https:\/\/api.w.org\/{rel}","templated":true}]}}