{"id":27882,"date":"2025-04-10T12:07:50","date_gmt":"2025-04-10T10:07:50","guid":{"rendered":"https:\/\/myspainfood.com\/producto\/midiile-murate-oti-40-50-bucati\/"},"modified":"2025-04-10T12:07:50","modified_gmt":"2025-04-10T10:07:50","slug":"midiile-murate-oti-40-50-bucati","status":"publish","type":"product","link":"https:\/\/myspainfood.com\/ro\/producto\/midiile-murate-oti-40-50-bucati\/","title":{"rendered":"Midiile murate Oti 40\/50 buc\u0103\u021bi"},"content":{"rendered":"<p>Exemplarele de cea mai bun\u0103 calitate \u0219i cele mai mari sunt extrase la momentul optim din cele mai bune crati\u021be. Cu un aspect excelent, culoare uniform\u0103, f\u0103r\u0103 barb\u0103 \u0219i foarte apetisante, acestea sunt rezultatul unei selec\u021bii \u0219i prelucr\u0103ri atente. Ingrediente de cea mai bun\u0103 calitate sunt folosite pentru a prepara un delicios sos murat, care este un topping ideal pentru aceast\u0103 molu\u0219te.  <\/p>\n","protected":false},"excerpt":{"rendered":"<p>Exemplarele de cea mai bun\u0103 calitate \u0219i cele mai mari sunt extrase la momentul optim din cele mai bune crati\u021be. Cu un aspect excelent, culoare uniform\u0103, f\u0103r\u0103 barb\u0103 \u0219i foarte apetisante, acestea sunt rezultatul unei selec\u021bii \u0219i prelucr\u0103ri atente. Ingrediente de cea mai bun\u0103 calitate sunt folosite pentru a prepara un delicios sos murat, care [&hellip;]<\/p>\n","protected":false},"featured_media":10184,"template":"","meta":{"_et_pb_use_builder":"","_et_pb_old_content":"","_et_gb_content_width":""},"product_brand":[1075],"product_cat":[1975,4061],"product_tag":[],"class_list":{"0":"post-27882","1":"product","2":"type-product","3":"status-publish","4":"has-post-thumbnail","6":"product_brand-oti","7":"product_cat-conserve-ro","8":"product_cat-midiile-ro","10":"first","11":"outofstock","12":"taxable","13":"shipping-taxable","14":"product-type-variable"},"_links":{"self":[{"href":"https:\/\/myspainfood.com\/ro\/wp-json\/wp\/v2\/product\/27882","targetHints":{"allow":["GET"]}}],"collection":[{"href":"https:\/\/myspainfood.com\/ro\/wp-json\/wp\/v2\/product"}],"about":[{"href":"https:\/\/myspainfood.com\/ro\/wp-json\/wp\/v2\/types\/product"}],"wp:featuredmedia":[{"embeddable":true,"href":"https:\/\/myspainfood.com\/ro\/wp-json\/wp\/v2\/media\/10184"}],"wp:attachment":[{"href":"https:\/\/myspainfood.com\/ro\/wp-json\/wp\/v2\/media?parent=27882"}],"wp:term":[{"taxonomy":"product_brand","embeddable":true,"href":"https:\/\/myspainfood.com\/ro\/wp-json\/wp\/v2\/product_brand?post=27882"},{"taxonomy":"product_cat","embeddable":true,"href":"https:\/\/myspainfood.com\/ro\/wp-json\/wp\/v2\/product_cat?post=27882"},{"taxonomy":"product_tag","embeddable":true,"href":"https:\/\/myspainfood.com\/ro\/wp-json\/wp\/v2\/product_tag?post=27882"}],"curies":[{"name":"wp","href":"https:\/\/api.w.org\/{rel}","templated":true}]}}